{"id":653,"date":"2021-12-27T18:24:39","date_gmt":"2021-12-27T18:24:39","guid":{"rendered":"https:\/\/meine-geranien.de\/sv\/?page_id=653"},"modified":"2025-04-24T13:30:46","modified_gmt":"2025-04-24T11:30:46","slug":"aterforsaljare","status":"publish","type":"page","link":"https:\/\/pfe-trade.com\/sv\/aterforsaljare\/","title":{"rendered":"\u00c5terf\u00f6rs\u00e4ljare"},"content":{"rendered":"<div class=\"wpb-content-wrapper\"><p>[vc_row][vc_column][vc_custom_heading text=&#8221;S\u00e4ljer du pelargoner? Vi kan hj\u00e4lpa dig \u00f6ka oms\u00e4ttningen&#8221; font_container=&#8221;tag:h2|text_align:center&#8221; use_theme_fonts=&#8221;yes&#8221; css=&#8221;&#8221; el_class=&#8221;pfe-small2&#8243; el_id=&#8221;salja &#8221;][vc_column_text css=&#8221;&#8221;]<\/p>\n<p style=\"text-align: center;\">Vi erbjuder expertr\u00e5d inom f\u00f6rs\u00e4ljning och marknadsf\u00f6ring, samt resurser som butiksmaterial, kostnadsfritt bildmaterial, texter och filmer \u2013 allt f\u00f6r att st\u00f6tta din f\u00f6rs\u00e4ljning.<br \/>\nAnv\u00e4nd g\u00e4rna v\u00e5rt material i din egen marknadsf\u00f6ring f\u00f6r att st\u00e4rka kundlojaliteten och visa upp din tr\u00e4dg\u00e5rdskompetens.<\/p>\n<p>[\/vc_column_text][\/vc_column][\/vc_row][vc_row el_class=&#8221;pfe-flexibel-abstand&#8221;][vc_column][vc_empty_space height=&#8221;50px&#8221;][\/vc_column][\/vc_row][vc_row][vc_column width=&#8221;1\/2&#8243;][vc_custom_heading text=&#8221;Skapa engagemang d\u00e4r k\u00f6pet sker&#8221; use_theme_fonts=&#8221;yes&#8221; css=&#8221;&#8221; el_class=&#8221;pfe-small&#8221;][vc_column_text css=&#8221;&#8221;]F\u00e5nga kundernas uppm\u00e4rksamhet och uppmuntra till spontank\u00f6p \u2013 direkt i butik eller online. Vi erbjuder ett brett utbud av material, fr\u00e5n affischer, vepor och sk\u00f6tselkort till digitala resurser som inl\u00e4gg f\u00f6r sociala medier och banners f\u00f6r hemsidor.<br \/>\nAllt material finns tillg\u00e4ngligt f\u00f6r best\u00e4llning, utskrift, delning och exponering i butik.[\/vc_column_text][vc_column_text css=&#8221;&#8221;]<a href=\"\/sv\/pos-material\/\">Uppt\u00e4ck v\u00e5rt POS-material &gt;&gt;<\/a>[\/vc_column_text][\/vc_column][vc_column width=&#8221;1\/2&#8243;][vc_single_image image=&#8221;3785&#8243; img_size=&#8221;full&#8221;][\/vc_column][\/vc_row][vc_row el_class=&#8221;pfe-flexibel-abstand&#8221;][vc_column][vc_empty_space height=&#8221;50px&#8221;][\/vc_column][\/vc_row][vc_row][vc_column width=&#8221;1\/2&#8243;][vc_single_image image=&#8221;3790&#8243; img_size=&#8221;full&#8221;][\/vc_column][vc_column width=&#8221;1\/2&#8243;][vc_custom_heading text=&#8221;Pelargonfilmer att dela med dina kunder&#8221; use_theme_fonts=&#8221;yes&#8221; css=&#8221;&#8221; el_class=&#8221;pfe-small2&#8243;][vc_column_text css=&#8221;&#8221;]P\u00e5 v\u00e5r YouTube-kanal hittar du ett brett utbud av filmer om pelargoner med sk\u00f6tselr\u00e5d, designid\u00e9er och DIY-projekt f\u00f6r tr\u00e4dg\u00e5rdar, terrasser och balkonger.<br \/>\nAnv\u00e4nd dem f\u00f6r att inspirera kunder och \u00f6ka engagemanget online genom att dela filmerna i dina egna sociala kanaler, b\u00e4dda in dem p\u00e5 din webbplats eller visa dem i butik \u2013 och inspirera till k\u00f6p i samma \u00f6gonblick.[\/vc_column_text][vc_column_text css=&#8221;&#8221;]<a href=\"https:\/\/www.youtube.com\/channel\/UCejEV0-sDobAJg0L498sL0g\">Uppt\u00e4ck v\u00e5ra videos &gt;&gt;<\/a>[\/vc_column_text][\/vc_column][\/vc_row][vc_row el_class=&#8221;pfe-flexibel-abstand&#8221;][vc_column][vc_empty_space height=&#8221;50px&#8221;][\/vc_column][\/vc_row][vc_row][vc_column width=&#8221;1\/2&#8243;][vc_custom_heading text=&#8221;Senaste pressmeddelandet f\u00f6r branschen&#8221; use_theme_fonts=&#8221;yes&#8221; css=&#8221;&#8221; el_class=&#8221;pfe-small2&#8243;][vc_column_text css=&#8221;&#8221;]Vi skickar regelbundet ut pressmeddelanden till branschmedia. D\u00e4r delar vi kampanjnyheter, branschr\u00e5d f\u00f6r marknadsf\u00f6ring, f\u00f6rs\u00e4ljning och pelargonsk\u00f6tsel. L\u00e4s v\u00e5ra pressmeddelanden h\u00e4r.[\/vc_column_text][vc_column_text css=&#8221;&#8221;]<a href=\"\/sv\/kontakt\/\">Ta kontakt &gt;&gt;<\/a><\/p>\n<p><a href=\"\/sv\/branschnyheter\/\">Pressmeddelanden f\u00f6r branschen &gt;&gt;<\/a>[\/vc_column_text][\/vc_column][vc_column width=&#8221;1\/2&#8243;][vc_single_image image=&#8221;3786&#8243; img_size=&#8221;full&#8221;][\/vc_column][\/vc_row][vc_row el_class=&#8221;pfe-flexibel-abstand&#8221;][vc_column][vc_empty_space height=&#8221;50px&#8221;][\/vc_column][\/vc_row][vc_row][vc_column width=&#8221;1\/2&#8243;][vc_single_image image=&#8221;3788&#8243; img_size=&#8221;full&#8221;][\/vc_column][vc_column width=&#8221;1\/2&#8243;][vc_custom_heading text=&#8221;Kostnadsfritt bildmaterial f\u00f6r din marknadsf\u00f6ring&#8221; use_theme_fonts=&#8221;yes&#8221; css=&#8221;&#8221; el_class=&#8221;pfe-small2&#8243;][vc_column_text css=&#8221;&#8221;]Varje \u00e5r tar vi fram ett brett utbud av h\u00f6gkvalitativa bilder med pelargoner i fokus. Bilderna \u00e4r med tr\u00e4dg\u00e5rds- och balkongmilj\u00f6er, DIY-projekt, inspiration till presenter, bordsdekorationer, n\u00e4rbilder p\u00e5 v\u00e4xter och mycket mer.<br \/>\nV\u00e5rt bildmaterial \u00e4r fritt att anv\u00e4nda f\u00f6r dig som vill st\u00e4rka din egen f\u00f6rs\u00e4ljning. Dela det i dina sociala kanaler och p\u00e5 din webbplats, anv\u00e4nd det i pressutskick och annan kommunikation eller skapa eget butiksmaterial som affischer och flyers.<br \/>\nUtforska v\u00e5rt omfattande bildbibliotek med hundratals bilder i olika stilar \u2013 h\u00e4r finns n\u00e5got f\u00f6r alla smaker.[\/vc_column_text][vc_column_text css=&#8221;&#8221;]<a href=\"https:\/\/pelargonium-poinsettia.canto.global\/v\/pfeen\/folder\/K8919?display=thumbnail&amp;viewIndex=2&amp;gSortingForward=false&amp;gOrderProp=name&amp;referenceTo=&amp;from=thumbnail\" target=\"_blank\" rel=\"noopener\">Uppt\u00e4ck v\u00e5rt bildbibliotek &gt;&gt;<\/a>[\/vc_column_text][\/vc_column][\/vc_row][vc_row el_class=&#8221;pfe-flexibel-abstand&#8221;][vc_column][vc_empty_space height=&#8221;50px&#8221;][\/vc_column][\/vc_row][vc_row][vc_column width=&#8221;1\/2&#8243;][vc_custom_heading text=&#8221;Inspiration f\u00f6r din marknadsf\u00f6ring&#8221; use_theme_fonts=&#8221;yes&#8221; css=&#8221;&#8221; el_class=&#8221;pfe-small2&#8243;][vc_column_text css=&#8221;&#8221;]Letar du efter nya id\u00e9er f\u00f6r att marknadsf\u00f6ra din verksamhet \u2013 till exempel inneh\u00e5ll f\u00f6r sociala medier, bloggar, egna pressutskick eller annat? Vi finns h\u00e4r f\u00f6r att hj\u00e4lpa till.<br \/>\nPfE driver en omfattande konsumentkampanj ledd av PR-experter \u00f6ver hela Europa \u2013 s\u00e5 varf\u00f6r inte anv\u00e4nda v\u00e5rt material som en spr\u00e5ngbr\u00e4da f\u00f6r ditt eget inneh\u00e5ll?<br \/>\nUtforska v\u00e5ra blogginl\u00e4gg och pressmeddelanden, bl\u00e4ddra i v\u00e5r bildbank och bes\u00f6k oss p\u00e5 Instagram, Pinterest och Facebook. Du \u00e4r varmt v\u00e4lkommen att kopiera, anpassa och anv\u00e4nda v\u00e5rt material![\/vc_column_text][vc_column_text css=&#8221;&#8221;]<a href=\"https:\/\/pelargonium-for-europe.com\/sv\/\" target=\"_blank\" rel=\"noopener\">Bes\u00f6k konsumentsidan &gt;&gt;<\/a>[\/vc_column_text][\/vc_column][vc_column width=&#8221;1\/2&#8243;][vc_single_image image=&#8221;3789&#8243; img_size=&#8221;full&#8221;][\/vc_column][\/vc_row][vc_row el_class=&#8221;pfe-flexibel-abstand&#8221;][vc_column][vc_empty_space height=&#8221;50px&#8221;][\/vc_column][\/vc_row][vc_row][vc_column width=&#8221;1\/2&#8243;][vc_single_image image=&#8221;3784&#8243; img_size=&#8221;full&#8221;][\/vc_column][vc_column width=&#8221;1\/2&#8243;][vc_custom_heading text=&#8221;Kontakta oss och ta reda p\u00e5 mer&#8221; use_theme_fonts=&#8221;yes&#8221; css=&#8221;&#8221; el_class=&#8221;pfe-small2&#8243;][vc_column_text css=&#8221;&#8221;]S\u00e4ljer du pelargoner via ett tr\u00e4dg\u00e5rdscenter, en blomsterbutik eller annan form av butik? Vi kan st\u00f6tta dig \u2013 h\u00f6r g\u00e4rna av dig, vi ser fram emot att komma i kontakt med dig![\/vc_column_text][vc_column_text css=&#8221;&#8221;]<a href=\"\/sv\/kontakt\/\">Kontakt &gt;&gt;<\/a>[\/vc_column_text][\/vc_column][\/vc_row]<\/p><\/div><div class=\"acf-fields-container\" data-post-id=\"653\" data-canto-acf=\"true\"><\/div><style>\r\n        .acf-fields-container {\r\n            margin: 2em 0;\r\n            width: 100%;\r\n            clear: both;\r\n        }\r\n        .acf-field-image {\r\n            margin: 1.5em 0;\r\n            position: relative;\r\n        }\r\n        .acf-field-label {\r\n            margin-bottom: 1em;\r\n        }\r\n        .acf-image {\r\n            max-width: 100%;\r\n            height: auto;\r\n            display: block;\r\n            margin: 1em 0;\r\n        }\r\n    <\/style>","protected":false},"excerpt":{"rendered":"<p>[vc_row][vc_column][vc_custom_heading text=&#8221;S\u00e4ljer du pelargoner? Vi kan hj\u00e4lpa dig \u00f6ka oms\u00e4ttningen&#8221; font_container=&#8221;tag:h2|text_align:center&#8221; use_theme_fonts=&#8221;yes&#8221; css=&#8221;&#8221; el_class=&#8221;pfe-small2&#8243; el_id=&#8221;salja &#8221;][vc_column_text css=&#8221;&#8221;] Vi erbjuder expertr\u00e5d inom f\u00f6rs\u00e4ljning och marknadsf\u00f6ring, samt resurser som butiksmaterial, kostnadsfritt bildmaterial, texter och filmer \u2013 allt f\u00f6r att st\u00f6tta din f\u00f6rs\u00e4ljning. Anv\u00e4nd g\u00e4rna v\u00e5rt material i din egen marknadsf\u00f6ring f\u00f6r att st\u00e4rka kundlojaliteten och visa upp [&hellip;]<\/p>\n","protected":false},"author":1,"featured_media":3787,"parent":0,"menu_order":0,"comment_status":"closed","ping_status":"closed","template":"template-parts\/pfe-trade.php","meta":{"_acf_changed":false,"inline_featured_image":false,"footnotes":""},"class_list":["post-653","page","type-page","status-publish","has-post-thumbnail","hentry"],"acf":[],"_links":{"self":[{"href":"https:\/\/pfe-trade.com\/sv\/wp-json\/wp\/v2\/pages\/653","targetHints":{"allow":["GET"]}}],"collection":[{"href":"https:\/\/pfe-trade.com\/sv\/wp-json\/wp\/v2\/pages"}],"about":[{"href":"https:\/\/pfe-trade.com\/sv\/wp-json\/wp\/v2\/types\/page"}],"author":[{"embeddable":true,"href":"https:\/\/pfe-trade.com\/sv\/wp-json\/wp\/v2\/users\/1"}],"replies":[{"embeddable":true,"href":"https:\/\/pfe-trade.com\/sv\/wp-json\/wp\/v2\/comments?post=653"}],"version-history":[{"count":105,"href":"https:\/\/pfe-trade.com\/sv\/wp-json\/wp\/v2\/pages\/653\/revisions"}],"predecessor-version":[{"id":4292,"href":"https:\/\/pfe-trade.com\/sv\/wp-json\/wp\/v2\/pages\/653\/revisions\/4292"}],"wp:featuredmedia":[{"embeddable":true,"href":"https:\/\/pfe-trade.com\/sv\/wp-json\/wp\/v2\/media\/3787"}],"wp:attachment":[{"href":"https:\/\/pfe-trade.com\/sv\/wp-json\/wp\/v2\/media?parent=653"}],"curies":[{"name":"wp","href":"https:\/\/api.w.org\/{rel}","templated":true}]}}