{"id":648,"date":"2021-12-27T18:17:47","date_gmt":"2021-12-27T18:17:47","guid":{"rendered":"https:\/\/meine-geranien.de\/sv\/?page_id=648"},"modified":"2025-04-24T11:54:06","modified_gmt":"2025-04-24T09:54:06","slug":"trade","status":"publish","type":"page","link":"https:\/\/pfe-trade.com\/sv\/","title":{"rendered":"Bransch"},"content":{"rendered":"<div class=\"wpb-content-wrapper\"><p>[vc_row][vc_column][vc_custom_heading text=&#8221;M\u00f6jligheter f\u00f6r alla&#8221; font_container=&#8221;tag:h2|text_align:center&#8221; use_theme_fonts=&#8221;yes&#8221; css=&#8221;&#8221; el_class=&#8221;pfe-small2&#8243; el_id=&#8221;moejligheter&#8221;][\/vc_column][\/vc_row][vc_row][vc_column][vc_column_text css=&#8221;&#8221;]<\/p>\n<p style=\"text-align: center;\">P\u00e5 Pelargonium for Europe riktar vi oss direkt till dina slutkunder genom att lyfta fram pelargonens m\u00e5nga f\u00f6rdelar i en omfattande konsumentkampanj.<\/p>\n<p style=\"text-align: center;\">P\u00e5 s\u00e5 s\u00e4tt inspirerar vi st\u00e4ndigt nya m\u00e5lgrupper och skapar f\u00f6ruts\u00e4ttningar f\u00f6r en l\u00e5ngsiktig f\u00f6rs\u00e4ljning av pelargoner.<\/p>\n<p style=\"text-align: center;\">H\u00e4r hittar du dessutom ett brett utbud av resurser som direkt st\u00f6djer din verksamhet \u2013 allt fr\u00e5n produktexponering och f\u00f6rs\u00e4ljningstips till sk\u00f6tselr\u00e5d f\u00f6r handeln, butiksmaterial, digitala verktyg och marknadsf\u00f6ringsunderlag.<\/p>\n<p style=\"text-align: center;\">Ta reda p\u00e5 mer om hur vi kan st\u00f6tta dig och bredda dina f\u00f6rs\u00e4ljningsm\u00f6jligheter f\u00f6r pelargoner. L\u00e4s mer om v\u00e5ra projekt och bli involverad.<\/p>\n<p>[\/vc_column_text][\/vc_column][\/vc_row][vc_row][vc_column][vc_column_text][\/vc_column_text][\/vc_column][\/vc_row][vc_row gap=&#8221;30&#8243;][vc_column width=&#8221;1\/3&#8243;][vc_single_image image=&#8221;3755&#8243; img_size=&#8221;full&#8221;][vc_custom_heading text=&#8221;Odlar du pelargoner?&#8221; font_container=&#8221;tag:h3|text_align:left&#8221; use_theme_fonts=&#8221;yes&#8221; css=&#8221;&#8221; el_class=&#8221;pfe-small&#8221;][vc_column_text css=&#8221;&#8221;]Som odlare och producent \u00e4r du grunden i hela v\u00e5r kampanj. Allt vi g\u00f6r syftar till att \u00f6ka din f\u00f6rs\u00e4ljning genom b\u00e5de B2B- och B2C-marknadsf\u00f6ring. H\u00e4r hittar du ytterligare m\u00f6jligheter som du kan dra nytta av.[\/vc_column_text][vc_column_text css=&#8221;&#8221;]<a href=\"\/sv\/odlare\/\" target=\"_blank\" rel=\"noopener\">Uppt\u00e4ck m\u00f6jligheter f\u00f6r odlare &gt;&gt;<\/a>[\/vc_column_text][\/vc_column][vc_column width=&#8221;1\/3&#8243;][vc_single_image image=&#8221;3757&#8243; img_size=&#8221;full&#8221;][vc_custom_heading text=&#8221;S\u00e4ljer du pelargoner?&#8221; font_container=&#8221;tag:h3|text_align:left&#8221; use_theme_fonts=&#8221;yes&#8221; css=&#8221;&#8221; el_class=&#8221;pfe-small&#8221;][vc_column_text css=&#8221;&#8221;]V\u00e5rt m\u00e5l \u00e4r att f\u00e5 fler konsumenter att \u00e4lska pelargoner och k\u00f6pa nya varje \u00e5r. Vi erbjuder gratis marknadsf\u00f6ringsmaterial och resurser som kan hj\u00e4lpa dig med f\u00f6rs\u00e4ljningen.[\/vc_column_text][vc_column_text css=&#8221;&#8221;]<a href=\"\/sv\/aterforsaljare\/\" target=\"_blank\" rel=\"noopener\">Uppt\u00e4ck m\u00f6jligheter f\u00f6r \u00e5terf\u00f6rs\u00e4ljare &gt;&gt;<\/a>[\/vc_column_text][\/vc_column][vc_column width=&#8221;1\/3&#8243;][vc_single_image image=&#8221;3756&#8243; img_size=&#8221;full&#8221;][vc_custom_heading text=&#8221;Vill du ha pressinformation?&#8221; font_container=&#8221;tag:h3|text_align:left&#8221; use_theme_fonts=&#8221;yes&#8221; css=&#8221;&#8221; el_class=&#8221;pfe-small&#8221;][vc_column_text css=&#8221;&#8221;]Om du \u00e4r journalist och letar efter de senaste nyheterna, pressmeddelanden eller kostnadsfria bilder att anv\u00e4nda har du kommit helt r\u00e4tt. Vi hj\u00e4lper g\u00e4rna till med inneh\u00e5ll och bilder. Ta reda p\u00e5 vad vi har att erbjuda.[\/vc_column_text][vc_column_text css=&#8221;&#8221;]<a href=\"\/sv\/branschnyheter\/\" target=\"_blank\" rel=\"noopener\">Pressinformation &gt;&gt;<\/a>[\/vc_column_text][\/vc_column][\/vc_row][vc_row][vc_column][vc_column_text][\/vc_column_text][\/vc_column][\/vc_row][vc_row el_class=&#8221;pfe-greenborderbox&#8221;][vc_column width=&#8221;2\/3&#8243;][vc_single_image image=&#8221;3758&#8243; img_size=&#8221;full&#8221;][\/vc_column][vc_column width=&#8221;1\/3&#8243;][vc_custom_heading text=&#8221;F\u00f6r\u00e4dlar du pelargoner?&#8221; use_theme_fonts=&#8221;yes&#8221; css=&#8221;&#8221; el_class=&#8221;pfe-small&#8221;][vc_column_text css=&#8221;&#8221;]Om du representerar ett f\u00f6r\u00e4dlingsf\u00f6retag och vill veta mer om hur ert st\u00f6d kan gynna b\u00e5de er egen verksamhet och branschen i stort \u2013 tveka inte att kontakta oss.<\/p>\n<p>Project management<br \/>\nPelargonium for Europe GbR,<br \/>\nDr. Susanne Lux,<br \/>\nTelefon: + 49 2644 981333,<br \/>\nE-mail: <a href=\"mailto:susanne.lux@meclux.de\">susanne.lux@meclux.de<\/a>[\/vc_column_text][\/vc_column][\/vc_row][vc_row][vc_column][vc_empty_space height=&#8221;75px&#8221;][\/vc_column][\/vc_row][vc_row][vc_column width=&#8221;1\/2&#8243;][vc_custom_heading text=&#8221;Vilka ligger bakom Pelargonium for Europe?&#8221; use_theme_fonts=&#8221;yes&#8221; css=&#8221;&#8221; el_class=&#8221;pfe-small&#8221;][vc_column_text css=&#8221;&#8221;]PfE \u00e4r ett marknadsf\u00f6ringsinitiativ fr\u00e5n Europas ledande pelargonf\u00f6r\u00e4dlare: Florensis, D\u00fcmmen Orange, Selecta One, Syngenta Flowers, Elsner PAC, P. van der Haak Handelskwekerij.<br \/>\nKampanjen Pelargonium for Europe drivs av Dr. Susanne Lux under paraplyet Green Marketing Europe (GME), tillsammans med ett engagerat team av anst\u00e4llda och frilansare.<br \/>\nPfE samarbetar med ett brett n\u00e4tverk av skickliga byr\u00e5er och frilansare f\u00f6r att ta fram material och genomf\u00f6ra kampanjer i 22 europeiska l\u00e4nder.[\/vc_column_text][\/vc_column][vc_column width=&#8221;1\/2&#8243;][vc_single_image image=&#8221;3754&#8243; img_size=&#8221;full&#8221;][\/vc_column][\/vc_row][vc_row][vc_column][vc_empty_space height=&#8221;75px&#8221;][\/vc_column][\/vc_row][vc_row][vc_column][vc_single_image image=&#8221;4254&#8243; img_size=&#8221;full&#8221; alignment=&#8221;center&#8221;][\/vc_column][\/vc_row]<\/p><\/div><div class=\"acf-fields-container\" data-post-id=\"648\" data-canto-acf=\"true\"><\/div><style>\r\n        .acf-fields-container {\r\n            margin: 2em 0;\r\n            width: 100%;\r\n            clear: both;\r\n        }\r\n        .acf-field-image {\r\n            margin: 1.5em 0;\r\n            position: relative;\r\n        }\r\n        .acf-field-label {\r\n            margin-bottom: 1em;\r\n        }\r\n        .acf-image {\r\n            max-width: 100%;\r\n            height: auto;\r\n            display: block;\r\n            margin: 1em 0;\r\n        }\r\n    <\/style>","protected":false},"excerpt":{"rendered":"<p>[vc_row][vc_column][vc_custom_heading text=&#8221;M\u00f6jligheter f\u00f6r alla&#8221; font_container=&#8221;tag:h2|text_align:center&#8221; use_theme_fonts=&#8221;yes&#8221; css=&#8221;&#8221; el_class=&#8221;pfe-small2&#8243; el_id=&#8221;moejligheter&#8221;][\/vc_column][\/vc_row][vc_row][vc_column][vc_column_text css=&#8221;&#8221;] P\u00e5 Pelargonium for Europe riktar vi oss direkt till dina slutkunder genom att lyfta fram pelargonens m\u00e5nga f\u00f6rdelar i en omfattande konsumentkampanj. P\u00e5 s\u00e5 s\u00e4tt inspirerar vi st\u00e4ndigt nya m\u00e5lgrupper och skapar f\u00f6ruts\u00e4ttningar f\u00f6r en l\u00e5ngsiktig f\u00f6rs\u00e4ljning av pelargoner. H\u00e4r hittar du dessutom ett brett [&hellip;]<\/p>\n","protected":false},"author":1,"featured_media":3764,"parent":0,"menu_order":0,"comment_status":"closed","ping_status":"closed","template":"template-parts\/pfe-trade.php","meta":{"_acf_changed":false,"inline_featured_image":false,"footnotes":""},"class_list":["post-648","page","type-page","status-publish","has-post-thumbnail","hentry"],"acf":[],"_links":{"self":[{"href":"https:\/\/pfe-trade.com\/sv\/wp-json\/wp\/v2\/pages\/648","targetHints":{"allow":["GET"]}}],"collection":[{"href":"https:\/\/pfe-trade.com\/sv\/wp-json\/wp\/v2\/pages"}],"about":[{"href":"https:\/\/pfe-trade.com\/sv\/wp-json\/wp\/v2\/types\/page"}],"author":[{"embeddable":true,"href":"https:\/\/pfe-trade.com\/sv\/wp-json\/wp\/v2\/users\/1"}],"replies":[{"embeddable":true,"href":"https:\/\/pfe-trade.com\/sv\/wp-json\/wp\/v2\/comments?post=648"}],"version-history":[{"count":190,"href":"https:\/\/pfe-trade.com\/sv\/wp-json\/wp\/v2\/pages\/648\/revisions"}],"predecessor-version":[{"id":4290,"href":"https:\/\/pfe-trade.com\/sv\/wp-json\/wp\/v2\/pages\/648\/revisions\/4290"}],"wp:featuredmedia":[{"embeddable":true,"href":"https:\/\/pfe-trade.com\/sv\/wp-json\/wp\/v2\/media\/3764"}],"wp:attachment":[{"href":"https:\/\/pfe-trade.com\/sv\/wp-json\/wp\/v2\/media?parent=648"}],"curies":[{"name":"wp","href":"https:\/\/api.w.org\/{rel}","templated":true}]}}