{"id":648,"date":"2021-12-27T18:17:47","date_gmt":"2021-12-27T18:17:47","guid":{"rendered":"https:\/\/meine-geranien.de\/ro\/?page_id=648"},"modified":"2026-02-23T15:21:47","modified_gmt":"2026-02-23T14:21:47","slug":"trade","status":"publish","type":"page","link":"https:\/\/pfe-trade.com\/ro\/","title":{"rendered":"Trade"},"content":{"rendered":"<div class=\"wpb-content-wrapper\"><p>[vc_row][vc_column][vc_custom_heading text=&#8221;Oportunit\u0103\u021bi pentru toate sectoarele din industrie&#8221; font_container=&#8221;tag:h2|text_align:center&#8221; use_theme_fonts=&#8221;yes&#8221; el_class=&#8221;pfe-small2&#8243; el_id=&#8221;oportunitatile&#8221;][\/vc_column][\/vc_row][vc_row][vc_column][vc_column_text]<\/p>\n<p style=\"text-align: center;\">La Mu\u0219cate pentru Europa \u00ee\u021bi viz\u0103m clien\u021bii finali, promov\u00e2nd direct numeroasele beneficii ale mu\u0219catelor prin campania noastr\u0103 extins\u0103 de promovare c\u0103tre clien\u021bi. \u00cen acest fel, inspir\u0103m continuu noi audien\u021be, asigur\u00e2nd v\u00e2nz\u0103ri de mu\u0219cate pe termen lung.<\/p>\n<p style=\"text-align: center;\">Dar aici vei g\u0103si, de asemenea, o mul\u021bime de informa\u021bii pentru a-\u021bi sprijini afacerea \u00een mod direct, de la upgrade-uri de produse la sfaturi legate de v\u00e2nz\u0103ri, precum \u0219i materiale pentru magazine, resurse digitale pentru marketing.<\/p>\n<p style=\"text-align: center;\">Afl\u0103 cum \u00ee\u021bi putem sprijini \u0219i extinde oportunit\u0103\u021bile de promovare ale mu\u0219catelor. Implic\u0103-te \u0219i exploreaz\u0103 proiectul nostru.<\/p>\n<p>[\/vc_column_text][\/vc_column][\/vc_row][vc_row][vc_column][vc_column_text][\/vc_column_text][\/vc_column][\/vc_row][vc_row gap=&#8221;30&#8243;][vc_column width=&#8221;1\/3&#8243;][vc_single_image image=&#8221;3755&#8243; img_size=&#8221;full&#8221;][vc_custom_heading text=&#8221;E\u0219ti cresc\u0103tor de mu\u0219cate?&#8221; font_container=&#8221;tag:h3|text_align:left&#8221; use_theme_fonts=&#8221;yes&#8221; el_class=&#8221;pfe-small&#8221;][vc_column_text]\u00cen calitate de produc\u0103tor, tu e\u0219ti coloana vertebral\u0103 a campaniilor Mu\u0219cate pentru Europa: tot ceea ce facem are ca scop cre\u0219terea v\u00e2nz\u0103rilor tale prin intermediul marketingului B2C \u0219i B2B.[\/vc_column_text][vc_column_text]<a href=\"\/ro\/producatori\/\">Descoper\u0103 oportunit\u0103\u021bi pentru produc\u0103tori &gt;&gt;<\/a>[\/vc_column_text][\/vc_column][vc_column width=&#8221;1\/3&#8243;][vc_single_image image=&#8221;3757&#8243; img_size=&#8221;full&#8221;][vc_custom_heading text=&#8221;Vinzi mu\u0219cate?&#8221; font_container=&#8221;tag:h3|text_align:left&#8221; use_theme_fonts=&#8221;yes&#8221; el_class=&#8221;pfe-small&#8221;][vc_column_text]Scopul nostru este de a \u00eencuraja tot mai mul\u021bi clien\u021bi s\u0103 se \u00eendr\u0103gosteasc\u0103 \u0219i s\u0103 cumpere c\u00e2t mai multe mu\u0219cate \u00een fiecare an. Oferim o serie de materiale de marketing \u0219i resurse gratuite pentru a te ajuta s\u0103 \u00ee\u021bi cre\u0219ti v\u00e2nz\u0103rile.[\/vc_column_text][vc_column_text]<a href=\"\/ro\/comercianti\/\">Descoper\u0103 oportunit\u0103\u021bi pentru comercian\u021bi &gt;&gt;<\/a>[\/vc_column_text][\/vc_column][vc_column width=&#8221;1\/3&#8243;][vc_single_image image=&#8221;3756&#8243; img_size=&#8221;full&#8221;][vc_custom_heading text=&#8221;Cau\u021bi informa\u021bii pentru un articol de pres\u0103?&#8221; font_container=&#8221;tag:h3|text_align:left&#8221; use_theme_fonts=&#8221;yes&#8221; el_class=&#8221;pfe-small&#8221;][vc_column_text]Dac\u0103 e\u0219ti jurnalist \u0219i cau\u021bi cele mai recente \u0219tiri, comunicate de pres\u0103 \u0219i fotografii f\u0103r\u0103 drepturi de autor, ai ajuns \u00een locul potrivit. Suntem \u00eentotdeauna bucuro\u0219i s\u0103 te sprijinim cu con\u021binut, fotografii \u0219i multe altele. Afl\u0103 ce \u00ee\u021bi putem oferi.[\/vc_column_text][vc_column_text]<a href=\"https:\/\/muscata-mea.eu\/comunicate-de-presa\/\">Informa\u021bii pentru pres\u0103 &gt;&gt;<\/a>[\/vc_column_text][\/vc_column][\/vc_row][vc_row][vc_column][vc_column_text][\/vc_column_text][\/vc_column][\/vc_row][vc_row el_class=&#8221;pfe-greenborderbox&#8221;][vc_column width=&#8221;2\/3&#8243;][vc_single_image image=&#8221;3758&#8243; img_size=&#8221;full&#8221;][\/vc_column][vc_column width=&#8221;1\/3&#8243;][vc_custom_heading text=&#8221;E\u0219ti cresc\u0103tor?&#8221; use_theme_fonts=&#8221;yes&#8221; el_class=&#8221;pfe-small&#8221;][vc_column_text]Dac\u0103 reprezin\u021bi o pepinier\u0103 \u0219i vrei s\u0103 afli ce beneficii putem aduce afacerii tale, hai s\u0103 ne conect\u0103m!<\/p>\n<p>Project management<br \/>\nPelargonium for Europe GbR,<br \/>\nDr. Susanne Lux,<br \/>\nTelephone: + 49 2644 981333,<br \/>\nEmail: <a href=\"mailto:susanne.lux@meclux.de\">susanne.lux@meclux.de<\/a>[\/vc_column_text][\/vc_column][\/vc_row][vc_row][vc_column][vc_empty_space height=&#8221;75px&#8221;][\/vc_column][\/vc_row][vc_row][vc_column width=&#8221;1\/2&#8243;][vc_custom_heading text=&#8221;Cine este \u00een spatele proiectului Mu\u0219cate pentru Europa?&#8221; use_theme_fonts=&#8221;yes&#8221; el_class=&#8221;pfe-small&#8221;][vc_column_text css=&#8221;&#8221;]Mu\u0219cate pentru Europa (Pelargonium for Europe) este o ini\u021biativ\u0103 de marketing a cresc\u0103torilor europeni de mu\u0219cate Florensis, D\u00fcmmen Orange, Selecta one, Syngenta Flowers, Elsner PAC, P. van der Haak Handelskwekerij.<br \/>\nSub egida Green Marketing Europe (GME), Dr. Susanne Lux gestioneaz\u0103 campania Pelargonium for Europe cu o echip\u0103 de angaja\u021bi \u0219i freelanceri dedica\u021bi. PfE colaboreaz\u0103 cu o re\u021bea vast\u0103 de agen\u021bii \u0219i freelanceri talenta\u021bi pentru a produce materiale \u0219i a livra campanii \u00een 22 de \u021b\u0103ri europene.[\/vc_column_text][\/vc_column][vc_column width=&#8221;1\/2&#8243;][vc_single_image image=&#8221;3754&#8243; img_size=&#8221;full&#8221;][\/vc_column][\/vc_row][vc_row][vc_column][vc_empty_space height=&#8221;75px&#8221;][\/vc_column][\/vc_row][vc_row][vc_column][vc_single_image image=&#8221;4615&#8243; img_size=&#8221;full&#8221; alignment=&#8221;center&#8221; css=&#8221;&#8221;][\/vc_column][\/vc_row]<\/p><\/div><div class=\"acf-fields-container\" data-post-id=\"648\" data-canto-acf=\"true\"><\/div><style>\r\n        .acf-fields-container {\r\n            margin: 2em 0;\r\n            width: 100%;\r\n            clear: both;\r\n        }\r\n        .acf-field-image {\r\n            margin: 1.5em 0;\r\n            position: relative;\r\n        }\r\n        .acf-field-label {\r\n            margin-bottom: 1em;\r\n        }\r\n        .acf-image {\r\n            max-width: 100%;\r\n            height: auto;\r\n            display: block;\r\n            margin: 1em 0;\r\n        }\r\n    <\/style>","protected":false},"excerpt":{"rendered":"<p>[vc_row][vc_column][vc_custom_heading text=&#8221;Oportunit\u0103\u021bi pentru toate sectoarele din industrie&#8221; font_container=&#8221;tag:h2|text_align:center&#8221; use_theme_fonts=&#8221;yes&#8221; el_class=&#8221;pfe-small2&#8243; el_id=&#8221;oportunitatile&#8221;][\/vc_column][\/vc_row][vc_row][vc_column][vc_column_text] La Mu\u0219cate pentru Europa \u00ee\u021bi viz\u0103m clien\u021bii finali, promov\u00e2nd direct numeroasele beneficii ale mu\u0219catelor prin campania noastr\u0103 extins\u0103 de promovare c\u0103tre clien\u021bi. \u00cen acest fel, inspir\u0103m continuu noi audien\u021be, asigur\u00e2nd v\u00e2nz\u0103ri de mu\u0219cate pe termen lung. Dar aici vei g\u0103si, de asemenea, o mul\u021bime [&hellip;]<\/p>\n","protected":false},"author":1,"featured_media":3764,"parent":0,"menu_order":0,"comment_status":"closed","ping_status":"closed","template":"template-parts\/pfe-trade.php","meta":{"_acf_changed":false,"inline_featured_image":false,"footnotes":""},"class_list":["post-648","page","type-page","status-publish","has-post-thumbnail","hentry"],"acf":[],"_links":{"self":[{"href":"https:\/\/pfe-trade.com\/ro\/wp-json\/wp\/v2\/pages\/648","targetHints":{"allow":["GET"]}}],"collection":[{"href":"https:\/\/pfe-trade.com\/ro\/wp-json\/wp\/v2\/pages"}],"about":[{"href":"https:\/\/pfe-trade.com\/ro\/wp-json\/wp\/v2\/types\/page"}],"author":[{"embeddable":true,"href":"https:\/\/pfe-trade.com\/ro\/wp-json\/wp\/v2\/users\/1"}],"replies":[{"embeddable":true,"href":"https:\/\/pfe-trade.com\/ro\/wp-json\/wp\/v2\/comments?post=648"}],"version-history":[{"count":193,"href":"https:\/\/pfe-trade.com\/ro\/wp-json\/wp\/v2\/pages\/648\/revisions"}],"predecessor-version":[{"id":4616,"href":"https:\/\/pfe-trade.com\/ro\/wp-json\/wp\/v2\/pages\/648\/revisions\/4616"}],"wp:featuredmedia":[{"embeddable":true,"href":"https:\/\/pfe-trade.com\/ro\/wp-json\/wp\/v2\/media\/3764"}],"wp:attachment":[{"href":"https:\/\/pfe-trade.com\/ro\/wp-json\/wp\/v2\/media?parent=648"}],"curies":[{"name":"wp","href":"https:\/\/api.w.org\/{rel}","templated":true}]}}