{"id":487,"date":"2021-12-17T12:27:34","date_gmt":"2021-12-17T12:27:34","guid":{"rendered":"https:\/\/meine-geranien.de\/ro\/?page_id=487"},"modified":"2024-09-24T13:42:57","modified_gmt":"2024-09-24T11:42:57","slug":"imprimare","status":"publish","type":"page","link":"https:\/\/pfe-trade.com\/ro\/imprimare\/","title":{"rendered":"Imprimare"},"content":{"rendered":"<div class=\"wpb-content-wrapper\"><p>[vc_row][vc_column][vc_custom_heading text=&#8221;Protec\u021bia Datelor&#8221; use_theme_fonts=&#8221;yes&#8221;][vc_column_text]Responsabil pentru tot con\u021binutul acestui site \u00een conformitate cu legisla\u021bia german\u0103:[\/vc_column_text][vc_column_text css=&#8221;&#8221;]Pelargonium for Europe GbR<br \/>\nc\/o Zentralverband Gartenbau<br \/>\nBornheimerstra\u00dfe 37<br \/>\n53111 Bonn,<br \/>\nGermania<br \/>\nManaging Director: Leendert Hoogendoorn \/ European Project Management: Dr. Susanne Lux[\/vc_column_text][vc_column_text]Telefon: + 49 2644 981333<br \/>\nEmail: susanne.lux(at)meclux.de[\/vc_column_text][vc_column_text]VAT TVA: DE815617238<br \/>\nCod fiscal: 206\/5802\/0875[\/vc_column_text][vc_custom_heading text=&#8221;Aviz juridic&#8221; use_theme_fonts=&#8221;yes&#8221;][vc_column_text]Con\u021binutul acestei campanii de promovare reprezint\u0103 doar punctul de vedere al autorului \u0219i este exclusiv responsabilitatea acestuia. Comisia European\u0103 \u0219i Agen\u021bia Executiv\u0103 European\u0103 pentru Cercetare (REA) nu \u00ee\u0219i asum\u0103 r\u0103spunderea pentru poten\u021bialele utiliz\u0103ri ale informa\u021biilor din aceste materiale.<\/p>\n<p>Toate informa\u021biile disponibile pe acest site au fost verificate cu aten\u021bie. Ne str\u0103duim \u00een permanen\u021b\u0103 s\u0103 complet\u0103m \u0219i s\u0103 actualiz\u0103m informa\u021biile publicate pe site, dar nu putem oferi nicio garan\u021bie c\u0103 acestea vor fi complete, exacte \u0219i la zi. Acela\u0219i lucru se aplic\u0103 tuturor celorlalte site-uri la care pute\u021bi fi conectat de pe acest site. \u00cen temeiul hot\u0103r\u00e2rii pronun\u021bate \u00een 12 mai 1998 de Hamburg Landgericht (Ref. Nr. 312 O 85\/98) cu privire la r\u0103spunderea pentru link-uri, notific\u0103m prin urmare c\u0103 nu suntem \u00een mod necesar de acord \u0219i nu accept\u0103m nicio r\u0103spundere pentru vreuna dintre informa\u021bii, declara\u021bii sau opinii con\u021binute pe site-urile web enumerate \u00een link-urile de pe paginile acestui site. Referirea la un hyperlink nu constituie \u00een niciun fel o recomandare, exprimat\u0103 sau implicit\u0103, a site-urilor \u00een sine, a companiilor care le opereaz\u0103 sau a produselor respective. \u00cen plus, nu putem \u00eempiedica ter\u021bii s\u0103 creeze link-uri de pe site-urile lor c\u0103tre site-ul nostru. Link-uri de acest fel nu indic\u0103 existen\u021ba acordurilor de cooperare \u00eentre aceste companii \u0219i noi \u0219i nici nu constituie o recomandare, exprimat\u0103 sau implicit\u0103, asupra bunurilor \u0219i \/ sau serviciilor oferite de acestea.<\/p>\n<p>Nu accept\u0103m nicio r\u0103spundere pentru daunele sau pierderile care ar fi suferite prin utilizarea site-ului nostru web, cu excep\u021bia cazurilor \u00een care un astfel de prejudiciu sau pierdere a rezultat dintr-un act voit sau neglijen\u021b\u0103 grav\u0103 din partea noastr\u0103. \u00cen plus, Pelargonium for Europe \u00ee\u0219i rezerv\u0103 toate drepturile de a face modific\u0103ri \u0219i \/ sau complet\u0103ri la informa\u021biile con\u021binute pe site-ul s\u0103u web.[\/vc_column_text][\/vc_column][\/vc_row]<\/p><\/div><div class=\"acf-fields-container\" data-post-id=\"487\" data-canto-acf=\"true\"><\/div><style>\r\n        .acf-fields-container {\r\n            margin: 2em 0;\r\n            width: 100%;\r\n            clear: both;\r\n        }\r\n        .acf-field-image {\r\n            margin: 1.5em 0;\r\n            position: relative;\r\n        }\r\n        .acf-field-label {\r\n            margin-bottom: 1em;\r\n        }\r\n        .acf-image {\r\n            max-width: 100%;\r\n            height: auto;\r\n            display: block;\r\n            margin: 1em 0;\r\n        }\r\n    <\/style>","protected":false},"excerpt":{"rendered":"<p>[vc_row][vc_column][vc_custom_heading text=&#8221;Protec\u021bia Datelor&#8221; use_theme_fonts=&#8221;yes&#8221;][vc_column_text]Responsabil pentru tot con\u021binutul acestui site \u00een conformitate cu legisla\u021bia german\u0103:[\/vc_column_text][vc_column_text css=&#8221;&#8221;]Pelargonium for Europe GbR c\/o Zentralverband Gartenbau Bornheimerstra\u00dfe 37 53111 Bonn, Germania Managing Director: Leendert Hoogendoorn \/ European Project Management: Dr. Susanne Lux[\/vc_column_text][vc_column_text]Telefon: + 49 2644 981333 Email: susanne.lux(at)meclux.de[\/vc_column_text][vc_column_text]VAT TVA: DE815617238 Cod fiscal: 206\/5802\/0875[\/vc_column_text][vc_custom_heading text=&#8221;Aviz juridic&#8221; use_theme_fonts=&#8221;yes&#8221;][vc_column_text]Con\u021binutul acestei campanii de promovare [&hellip;]<\/p>\n","protected":false},"author":1,"featured_media":0,"parent":0,"menu_order":0,"comment_status":"closed","ping_status":"closed","template":"","meta":{"_acf_changed":false,"inline_featured_image":false,"footnotes":""},"class_list":["post-487","page","type-page","status-publish","hentry"],"acf":[],"_links":{"self":[{"href":"https:\/\/pfe-trade.com\/ro\/wp-json\/wp\/v2\/pages\/487","targetHints":{"allow":["GET"]}}],"collection":[{"href":"https:\/\/pfe-trade.com\/ro\/wp-json\/wp\/v2\/pages"}],"about":[{"href":"https:\/\/pfe-trade.com\/ro\/wp-json\/wp\/v2\/types\/page"}],"author":[{"embeddable":true,"href":"https:\/\/pfe-trade.com\/ro\/wp-json\/wp\/v2\/users\/1"}],"replies":[{"embeddable":true,"href":"https:\/\/pfe-trade.com\/ro\/wp-json\/wp\/v2\/comments?post=487"}],"version-history":[{"count":14,"href":"https:\/\/pfe-trade.com\/ro\/wp-json\/wp\/v2\/pages\/487\/revisions"}],"predecessor-version":[{"id":4521,"href":"https:\/\/pfe-trade.com\/ro\/wp-json\/wp\/v2\/pages\/487\/revisions\/4521"}],"wp:attachment":[{"href":"https:\/\/pfe-trade.com\/ro\/wp-json\/wp\/v2\/media?parent=487"}],"curies":[{"name":"wp","href":"https:\/\/api.w.org\/{rel}","templated":true}]}}