{"id":3721,"date":"2022-03-17T13:27:09","date_gmt":"2022-03-17T12:27:09","guid":{"rendered":"https:\/\/meine-geranien.de\/ro\/?page_id=3721"},"modified":"2022-07-18T08:18:52","modified_gmt":"2022-07-18T06:18:52","slug":"page-not-found","status":"publish","type":"page","link":"https:\/\/pfe-trade.com\/ro\/page-not-found\/","title":{"rendered":"404 page not found"},"content":{"rendered":"<div class=\"wpb-content-wrapper\"><p>[vc_row][vc_column width=&#8221;1\/6&#8243;][vc_column_text el_class=&#8221;pfe-404-text&#8221;]<\/p>\n<h1>404 -Oops, unde am aterizat?<\/h1>\n<p>[\/vc_column_text][\/vc_column][vc_column width=&#8221;2\/3&#8243;][vc_single_image image=&#8221;3946&#8243; img_size=&#8221;full&#8221; alignment=&#8221;center&#8221;][\/vc_column][vc_column width=&#8221;1\/6&#8243;][\/vc_column][\/vc_row][vc_row][vc_column width=&#8221;4\/12&#8243;][\/vc_column][vc_column width=&#8221;8\/12&#8243;][vc_column_text el_class=&#8221;error-404-search-form&#8221;]<\/p>\n<form class=\"search-form\" role=\"search\" action=\"\/\" method=\"get\"><input class=\"search-field\" name=\"s\" type=\"search\" value=\"\" placeholder=\"C\u0103utare...\" \/><br \/>\n<button class=\"search-submit\" type=\"submit\">C\u0103utare<\/button><\/form>\n<p>[\/vc_column_text][\/vc_column][\/vc_row][vc_row][vc_column width=&#8221;2\/12&#8243;][\/vc_column][vc_column width=&#8221;8\/12&#8243;][vc_column_text el_class=&#8221;pfe-404-text&#8221;]<\/p>\n<h2 style=\"text-align: center;\">G\u0103se\u0219te-\u021bi drumul \u00eenapoi spre marea de flori de geranium.<\/h2>\n<h2 style=\"text-align: center;\"><em><a href=\"https:\/\/meine-geranien.de\/ro\/\">Noi v\u0103 ar\u0103t\u0103m drumul &gt;&gt;<\/a><\/em><\/h2>\n<p>[\/vc_column_text][\/vc_column][vc_column width=&#8221;2\/12&#8243;][\/vc_column][\/vc_row]<\/p><\/div><div class=\"acf-fields-container\" data-post-id=\"3721\" data-canto-acf=\"true\"><\/div><style>\r\n        .acf-fields-container {\r\n            margin: 2em 0;\r\n            width: 100%;\r\n            clear: both;\r\n        }\r\n        .acf-field-image {\r\n            margin: 1.5em 0;\r\n            position: relative;\r\n        }\r\n        .acf-field-label {\r\n            margin-bottom: 1em;\r\n        }\r\n        .acf-image {\r\n            max-width: 100%;\r\n            height: auto;\r\n            display: block;\r\n            margin: 1em 0;\r\n        }\r\n    <\/style>","protected":false},"excerpt":{"rendered":"<p>[vc_row][vc_column width=&#8221;1\/6&#8243;][vc_column_text el_class=&#8221;pfe-404-text&#8221;] 404 -Oops, unde am aterizat? [\/vc_column_text][\/vc_column][vc_column width=&#8221;2\/3&#8243;][vc_single_image image=&#8221;3946&#8243; img_size=&#8221;full&#8221; alignment=&#8221;center&#8221;][\/vc_column][vc_column width=&#8221;1\/6&#8243;][\/vc_column][\/vc_row][vc_row][vc_column width=&#8221;4\/12&#8243;][\/vc_column][vc_column width=&#8221;8\/12&#8243;][vc_column_text el_class=&#8221;error-404-search-form&#8221;] C\u0103utare [\/vc_column_text][\/vc_column][\/vc_row][vc_row][vc_column width=&#8221;2\/12&#8243;][\/vc_column][vc_column width=&#8221;8\/12&#8243;][vc_column_text el_class=&#8221;pfe-404-text&#8221;] G\u0103se\u0219te-\u021bi drumul \u00eenapoi spre marea de flori de geranium. Noi v\u0103 ar\u0103t\u0103m drumul &gt;&gt; [\/vc_column_text][\/vc_column][vc_column width=&#8221;2\/12&#8243;][\/vc_column][\/vc_row]<\/p>\n","protected":false},"author":19,"featured_media":0,"parent":0,"menu_order":0,"comment_status":"closed","ping_status":"closed","template":"","meta":{"_acf_changed":false,"inline_featured_image":false,"footnotes":""},"class_list":["post-3721","page","type-page","status-publish","hentry"],"acf":[],"_links":{"self":[{"href":"https:\/\/pfe-trade.com\/ro\/wp-json\/wp\/v2\/pages\/3721","targetHints":{"allow":["GET"]}}],"collection":[{"href":"https:\/\/pfe-trade.com\/ro\/wp-json\/wp\/v2\/pages"}],"about":[{"href":"https:\/\/pfe-trade.com\/ro\/wp-json\/wp\/v2\/types\/page"}],"author":[{"embeddable":true,"href":"https:\/\/pfe-trade.com\/ro\/wp-json\/wp\/v2\/users\/19"}],"replies":[{"embeddable":true,"href":"https:\/\/pfe-trade.com\/ro\/wp-json\/wp\/v2\/comments?post=3721"}],"version-history":[{"count":59,"href":"https:\/\/pfe-trade.com\/ro\/wp-json\/wp\/v2\/pages\/3721\/revisions"}],"predecessor-version":[{"id":4203,"href":"https:\/\/pfe-trade.com\/ro\/wp-json\/wp\/v2\/pages\/3721\/revisions\/4203"}],"wp:attachment":[{"href":"https:\/\/pfe-trade.com\/ro\/wp-json\/wp\/v2\/media?parent=3721"}],"curies":[{"name":"wp","href":"https:\/\/api.w.org\/{rel}","templated":true}]}}