{"id":667,"date":"2021-12-28T12:17:36","date_gmt":"2021-12-28T12:17:36","guid":{"rendered":"https:\/\/meine-geranien.de\/pl\/?page_id=667"},"modified":"2026-03-05T11:46:54","modified_gmt":"2026-03-05T10:46:54","slug":"materialy-promocyjne-pos","status":"publish","type":"page","link":"https:\/\/pfe-trade.com\/pl\/materialy-promocyjne-pos\/","title":{"rendered":"Materia\u0142y promocyjne POS"},"content":{"rendered":"<div class=\"wpb-content-wrapper\"><p>[vc_row][vc_column][vc_custom_heading text=&#8221;Odwied\u017a nasz sklep internetowy, aby bezpo\u015brednio zam\u00f3wi\u0107 pe\u0142n\u0105 gam\u0119 produkt\u00f3w drukowanych &gt;&gt;&#8221; use_theme_fonts=&#8221;yes&#8221; link=&#8221;url:https%3A%2F%2Fwww.pelargonium-marketing.com%2Fwebshop-pl%2F&#8221; el_class=&#8221;pfe-small&#8221; el_id=&#8221;werbemittel&#8221;][vc_column_text]Ka\u017cdego roku tworzymy now\u0105 kolekcj\u0119 materia\u0142\u00f3w POS. Materia\u0142y zaprojektowane zgodnie z najnowszymi trendami przez ekspert\u00f3w ds. marketingu, przyci\u0105gaj\u0105 uwag\u0119 konsument\u00f3w.<\/p>\n<p>Te projekty podsycaj\u0105 rado\u015b\u0107 z ro\u015blin i ogrodnictwa, kt\u00f3rego urok wiele os\u00f3b odkry\u0142o podczas pandemii. W czasach izolacji i pracy zdalnej ludzie cz\u0119\u015bciej ni\u017c kiedykolwiek skupiali si\u0119 na swoich ogrodach, balkonach i tarasach.<\/p>\n<p>Nasze przestrzenie na zewn\u0105trz sta\u0142y si\u0119 cennymi kryj\u00f3wkami, wymagaj\u0105cymi pi\u0119knej oprawy. A tutaj pelargonia odegra\u0142a i odgrywa szczeg\u00f3lnie wa\u017cn\u0105 rol\u0119.<\/p>\n<p>Dzi\u0119ki szerokiej gamie kolor\u00f3w, obfitym kwiatom i \u0142atwej piel\u0119gnacji ta pi\u0119kna ro\u015blina bez wysi\u0142ku potrafi przekszta\u0142ci\u0107 ka\u017cd\u0105 przestrze\u0144 w kwiatow\u0105 oaz\u0119 spokoju i dobrego samopoczucia. To gratka nie tylko dla do\u015bwiadczonych ogrodnik\u00f3w, ale r\u00f3wnie\u017c dla os\u00f3b, kt\u00f3re zaczynaj\u0105 swoj\u0105 przygod\u0119 z ro\u015blinami.<\/p>\n<p>Rozpocznij sezon na ro\u015bliny balkonowo-rabatowe eksponuj\u0105c nasze materia\u0142y promocyjne. Dzi\u0119ki pi\u0119knym pelargoniom wywo\u0142asz rado\u015b\u0107 i zwi\u0119kszysz sprzeda\u017c.[\/vc_column_text][vc_tta_tabs][vc_tta_section title=&#8221;2026\/2025&#8243; tab_id=&#8221;1688721621768-589d6113-2afc&#8221;][vc_row_inner][vc_column_inner width=&#8221;1\/3&#8243;][vc_single_image image=&#8221;5498&#8243; img_size=&#8221;&#8221; alignment=&#8221;center&#8221; css=&#8221;&#8221;][vc_custom_heading text=&#8221;2026 Plakat A1&#8243; font_container=&#8221;tag:p|text_align:center&#8221; use_theme_fonts=&#8221;yes&#8221; css=&#8221;&#8221; el_class=&#8221;pfe-pos-headline&#8221;][vc_column_text css=&#8221;&#8221;]<\/p>\n<p style=\"text-align: center;\"><a href=\"https:\/\/www.dropbox.com\/scl\/fi\/5wbka3c98k5u8s0vjqjw7\/20251230_96268_Poster_A1_PL_RZ_X4.pdf?rlkey=p9hv1rlw5tbullpk7c2c0mqyh&amp;st=suvq50op&amp;dl=0\" target=\"_blank\" rel=\"noopener\">Pobierz wersj\u0119 do druku &gt;&gt;<\/a><br \/>\n<a href=\"https:\/\/www.dropbox.com\/scl\/fi\/q2vnwn5q6u6p8zaxrh82m\/20251230_96268_Poster_A1_PL_RZ_low.pdf?rlkey=3mxg7ze0q9vtiewlsbv32fbuw&amp;st=lddt98v3&amp;dl=0\" target=\"_blank\" rel=\"noopener\">Pobierz PDF &gt;&gt;<\/a><\/p>\n<p>[\/vc_column_text][\/vc_column_inner][vc_column_inner width=&#8221;1\/3&#8243;][vc_single_image image=&#8221;5499&#8243; img_size=&#8221;&#8221; alignment=&#8221;center&#8221; css=&#8221;&#8221;][vc_custom_heading text=&#8221;2026 Ulotka piel\u0119gnacyjna&#8221; font_container=&#8221;tag:p|text_align:center&#8221; use_theme_fonts=&#8221;yes&#8221; css=&#8221;&#8221; el_class=&#8221;pfe-pos-headline&#8221;][vc_column_text css=&#8221;&#8221;]<\/p>\n<p style=\"text-align: center;\"><a href=\"https:\/\/www.dropbox.com\/scl\/fi\/dkbtsu9lqv2azax35zm6i\/20251230_96268_Pflegekarte_DIN-lang_PL_RZ_X4.pdf?rlkey=zbmlylf4x8nqmw0ak093y7zeq&amp;st=7tx2p8aw&amp;dl=0\" target=\"_blank\" rel=\"noopener\">Pobierz wersj\u0119 do druku &gt;&gt;<\/a><br \/>\n<a href=\"https:\/\/www.dropbox.com\/scl\/fi\/m7c0csp71bgrpv024vx2f\/20251230_96268_Pflegekarte_DIN-lang_PL_RZ_low.pdf?rlkey=2rienz212puu1x5odz1ux83n5&amp;st=17gzg7wk&amp;dl=0\" target=\"_blank\" rel=\"noopener\">Pobierz PDF &gt;&gt;<\/a><\/p>\n<p>[\/vc_column_text][\/vc_column_inner][vc_column_inner width=&#8221;1\/3&#8243;][vc_single_image image=&#8221;5500&#8243; img_size=&#8221;&#8221; alignment=&#8221;center&#8221; css=&#8221;&#8221;][vc_custom_heading text=&#8221;2026 Dekobaner&#8221; font_container=&#8221;tag:p|text_align:center&#8221; use_theme_fonts=&#8221;yes&#8221; css=&#8221;&#8221; el_class=&#8221;pfe-pos-headline&#8221;][vc_column_text css=&#8221;&#8221;]<\/p>\n<p style=\"text-align: center;\"><a href=\"https:\/\/www.dropbox.com\/scl\/fi\/vmprj2vss27lna5dum5qf\/20251230_96268_PFE_Dekobanner_80x180cm_PL_RZ_X4.pdf?rlkey=38uz7qrkuoyg532ymhxgcit47&amp;st=l1r5atll&amp;dl=0\" target=\"_blank\" rel=\"noopener\">Pobierz wersj\u0119 do druku &gt;&gt;<\/a><br \/>\n<a href=\"https:\/\/www.dropbox.com\/scl\/fi\/fc1xt6hdd2fib3z46kymq\/20251230_96268_PFE_Dekobanner_80x180cm_PL_RZ_low.pdf?rlkey=91qmthgpc3wo14ogicosiuwdg&amp;st=d8bnla5g&amp;dl=0\" target=\"_blank\" rel=\"noopener\">Pobierz PDF &gt;&gt;<\/a><\/p>\n<p>[\/vc_column_text][\/vc_column_inner][\/vc_row_inner][vc_row_inner][vc_column_inner width=&#8221;1\/3&#8243;][vc_single_image image=&#8221;5501&#8243; img_size=&#8221;&#8221; alignment=&#8221;center&#8221; css=&#8221;&#8221;][vc_custom_heading text=&#8221;2026 Szeroki baner 350&#215;250 cm&#8221; font_container=&#8221;tag:p|text_align:center&#8221; use_theme_fonts=&#8221;yes&#8221; css=&#8221;&#8221; el_class=&#8221;pfe-pos-headline&#8221;][vc_column_text css=&#8221;&#8221;]<\/p>\n<p style=\"text-align: center;\"><a href=\"https:\/\/www.dropbox.com\/scl\/fi\/4pylv0750gvpxi07smktr\/20251230_96268_PFE_Grossbanner_350x250cm_PL_RZ_low.pdf?rlkey=54dacdl48dx0o42d0p9v0i8kp&amp;st=ujzk1fn5&amp;dl=0\" target=\"_blank\" rel=\"noopener\">Pobierz PDF &gt;&gt;<\/a><\/p>\n<p>[\/vc_column_text][\/vc_column_inner][vc_column_inner width=&#8221;1\/3&#8243;][vc_single_image image=&#8221;5501&#8243; img_size=&#8221;&#8221; alignment=&#8221;center&#8221; css=&#8221;&#8221;][vc_custom_heading text=&#8221;2026 Szeroki baner 356&#215;252 cm&#8221; font_container=&#8221;tag:p|text_align:center&#8221; use_theme_fonts=&#8221;yes&#8221; css=&#8221;&#8221; el_class=&#8221;pfe-pos-headline&#8221;][vc_column_text css=&#8221;&#8221;]<\/p>\n<p style=\"text-align: center;\"><a href=\"https:\/\/www.dropbox.com\/scl\/fi\/n7othgz1vn1wy62vmnxdx\/20251230_96268_PFE_Grossflaeche_356x252cm_PL_RZ_low.pdf?rlkey=7cepdjpyeffomxyzs11ilony1&amp;st=kdibp7mj&amp;dl=0\" target=\"_blank\" rel=\"noopener\">Pobierz PDF &gt;&gt;<\/a><\/p>\n<p>[\/vc_column_text][\/vc_column_inner][vc_column_inner width=&#8221;1\/3&#8243;][\/vc_column_inner][\/vc_row_inner][vc_row_inner][vc_column_inner width=&#8221;1\/3&#8243;][vc_single_image image=&#8221;5267&#8243; img_size=&#8221;&#8221; alignment=&#8221;center&#8221; css=&#8221;&#8221;][vc_custom_heading text=&#8221;2025 Plakat A1&#8243; font_container=&#8221;tag:p|text_align:center&#8221; use_theme_fonts=&#8221;yes&#8221; css=&#8221;&#8221; el_class=&#8221;pfe-pos-headline&#8221;][vc_column_text css=&#8221;&#8221;]<\/p>\n<p style=\"text-align: center;\"><a href=\"https:\/\/www.dropbox.com\/scl\/fi\/pfcevqf7q2rwmxcypm5ba\/PELARGONIE_poster_480x680mm_prev.pdf?rlkey=qee7afnacvpq6livn58e1je0o&amp;dl=0\" target=\"_blank\" rel=\"noopener\">Pobierz PDF &gt;&gt;<\/a><\/p>\n<p>[\/vc_column_text][\/vc_column_inner][vc_column_inner width=&#8221;1\/3&#8243;][vc_single_image image=&#8221;5269&#8243; img_size=&#8221;&#8221; alignment=&#8221;center&#8221; css=&#8221;&#8221;][vc_custom_heading text=&#8221;2025 Ulotka piel\u0119gnacyjna&#8221; font_container=&#8221;tag:p|text_align:center&#8221; use_theme_fonts=&#8221;yes&#8221; css=&#8221;&#8221; el_class=&#8221;pfe-pos-headline&#8221;][vc_column_text css=&#8221;&#8221;]<\/p>\n<p style=\"text-align: center;\"><a href=\"https:\/\/www.dropbox.com\/scl\/fi\/wbyqiih3wtwhmoespq1bo\/PELARGONIE_care_leaflet_A5_prev.pdf?rlkey=yxybjnxgxvqobhhk99oqrhcxi&amp;dl=0\" target=\"_blank\" rel=\"noopener\">Pobierz PDF &gt;&gt;<\/a><\/p>\n<p>[\/vc_column_text][\/vc_column_inner][vc_column_inner width=&#8221;1\/3&#8243;][vc_single_image image=&#8221;5268&#8243; img_size=&#8221;&#8221; alignment=&#8221;center&#8221; css=&#8221;&#8221;][vc_custom_heading text=&#8221;2025 Kartka pocztowa&#8221; font_container=&#8221;tag:p|text_align:center&#8221; use_theme_fonts=&#8221;yes&#8221; css=&#8221;&#8221; el_class=&#8221;pfe-pos-headline&#8221;][vc_column_text css=&#8221;&#8221;]<\/p>\n<p style=\"text-align: center;\"><a href=\"https:\/\/www.dropbox.com\/scl\/fi\/7p2469ga33nvn77y7n6iy\/PELARGONIE_postcard_A6_prev.pdf?rlkey=vmfuynxr69kb4snsz8ca7kqgl&amp;dl=0\" target=\"_blank\" rel=\"noopener\">Pobierz PDF &gt;&gt;<\/a><\/p>\n<p>[\/vc_column_text][\/vc_column_inner][\/vc_row_inner][vc_row_inner][vc_column_inner width=&#8221;1\/3&#8243;][vc_single_image image=&#8221;5233&#8243; img_size=&#8221;&#8221; alignment=&#8221;center&#8221;][vc_custom_heading text=&#8221;Plakat A1-1&#8243; font_container=&#8221;tag:p|text_align:center&#8221; use_theme_fonts=&#8221;yes&#8221; el_class=&#8221;pfe-pos-headline&#8221;][vc_column_text]<\/p>\n<p style=\"text-align: center;\"><a href=\"https:\/\/meclux.sharepoint.com\/:b:\/s\/Shared-Files-PfE\/EUXX2qmoA5ZMtvNedqwl3UABLzkzIk8I1-bxpRbeCFIhcg?e=F2YDW6\">Pobierz wersj\u0119 do druku &gt;&gt;<\/a><br \/>\n<a href=\"https:\/\/meclux.sharepoint.com\/:b:\/s\/Shared-Files-PfE\/EaI55t7Y_TRFlMKxQRtKb0QBXlNNB3swvii4ZvT9-iu3Hg?e=hrkepe\">Pobierz PDF &gt;&gt;<\/a><\/p>\n<p>[\/vc_column_text][\/vc_column_inner][vc_column_inner width=&#8221;1\/3&#8243;][vc_single_image image=&#8221;5231&#8243; img_size=&#8221;&#8221; alignment=&#8221;center&#8221;][vc_custom_heading text=&#8221;Plakat A1-2&#8243; font_container=&#8221;tag:p|text_align:center&#8221; use_theme_fonts=&#8221;yes&#8221; el_class=&#8221;pfe-pos-headline&#8221;][vc_column_text]<\/p>\n<p style=\"text-align: center;\"><a href=\"https:\/\/meclux.sharepoint.com\/:b:\/s\/Shared-Files-PfE\/EaSY64YtaopNnzsoqxyspzABTwtLmNX2w5fbaSaUW0jSCg?e=V9qP2c\">Pobierz wersj\u0119 do druku &gt;&gt;<\/a><br \/>\n<a href=\"https:\/\/meclux.sharepoint.com\/:b:\/s\/Shared-Files-PfE\/EScDPvnQXvBKjf446pp730IB2HTVPNjLCldaGTmRQFyoqg?e=wkq2K9\">Pobierz PDF &gt;&gt;<\/a><\/p>\n<p>[\/vc_column_text][\/vc_column_inner][vc_column_inner width=&#8221;1\/3&#8243;][vc_single_image image=&#8221;5232&#8243; img_size=&#8221;&#8221; alignment=&#8221;center&#8221;][vc_custom_heading text=&#8221;Plakat A1-3&#8243; font_container=&#8221;tag:p|text_align:center&#8221; use_theme_fonts=&#8221;yes&#8221; el_class=&#8221;pfe-pos-headline&#8221;][vc_column_text]<\/p>\n<p style=\"text-align: center;\"><a href=\"https:\/\/meclux.sharepoint.com\/:b:\/s\/Shared-Files-PfE\/EYiHG0huhaNAl3Jsa_SF8MAB-wvvxh7XNv78C58yZQEIVA?e=3bd1tQ\">Pobierz wersj\u0119 do druku &gt;&gt;<\/a><br \/>\n<a href=\"https:\/\/meclux.sharepoint.com\/:b:\/s\/Shared-Files-PfE\/EVcgcl1oyplJi5VnPmUF7rQBrRuYBxKLhhKt6wqSWeO2kA?e=VjfCQ6\">Pobierz PDF &gt;&gt;<\/a><\/p>\n<p>[\/vc_column_text][\/vc_column_inner][\/vc_row_inner][vc_row_inner][vc_column_inner width=&#8221;1\/3&#8243;][vc_single_image image=&#8221;5198&#8243; img_size=&#8221;&#8221; alignment=&#8221;center&#8221;][vc_custom_heading text=&#8221;Plakat A1&#8243; font_container=&#8221;tag:p|text_align:center&#8221; use_theme_fonts=&#8221;yes&#8221; el_class=&#8221;pfe-pos-headline&#8221;][vc_column_text]<\/p>\n<p style=\"text-align: center;\"><a href=\"https:\/\/meclux.sharepoint.com\/:b:\/s\/Shared-Files-PfE\/EVrEZnTWdx9Cp5DAaWl3wucBDzx64A8SZa5tKsPq2wTwww?e=XKt6WL\">Pobierz PDF &gt;&gt;<\/a><\/p>\n<p>[\/vc_column_text][\/vc_column_inner][vc_column_inner width=&#8221;1\/3&#8243;][vc_single_image image=&#8221;5199&#8243; img_size=&#8221;&#8221; alignment=&#8221;center&#8221;][vc_custom_heading text=&#8221;Plakat A1&#8243; font_container=&#8221;tag:p|text_align:center&#8221; use_theme_fonts=&#8221;yes&#8221; el_class=&#8221;pfe-pos-headline&#8221;][vc_column_text]<\/p>\n<p style=\"text-align: center;\"><a href=\"https:\/\/meclux.sharepoint.com\/:b:\/s\/Shared-Files-PfE\/EXjnl0GLtgtPt0Mp2_325t8BxJ8eP8_QnW3mLXlqY3fNVQ?e=tSuI64\">Pobierz PDF &gt;&gt;<\/a><\/p>\n<p>[\/vc_column_text][\/vc_column_inner][vc_column_inner width=&#8221;1\/3&#8243;][vc_single_image image=&#8221;5197&#8243; img_size=&#8221;&#8221; alignment=&#8221;center&#8221;][vc_custom_heading text=&#8221;Plakat A1&#8243; font_container=&#8221;tag:p|text_align:center&#8221; use_theme_fonts=&#8221;yes&#8221; el_class=&#8221;pfe-pos-headline&#8221;][vc_column_text]<\/p>\n<p style=\"text-align: center;\"><a href=\"https:\/\/meclux.sharepoint.com\/:b:\/s\/Shared-Files-PfE\/Ea89Xex3i1ZEtSar0WneN3wB83ivi1SOiSpq-h9VA3S4yw?e=5hsiu4\">Pobierz PDF &gt;&gt;<\/a><\/p>\n<p>[\/vc_column_text][\/vc_column_inner][\/vc_row_inner][vc_row_inner][vc_column_inner width=&#8221;1\/3&#8243;][vc_gallery type=&#8221;image_grid&#8221; images=&#8221;5195,5194,5193&#8243; img_size=&#8221;&#8221;][vc_custom_heading text=&#8221;Plakat A1&#8243; font_container=&#8221;tag:p|text_align:center&#8221; use_theme_fonts=&#8221;yes&#8221; el_class=&#8221;pfe-pos-headline&#8221;][vc_column_text]<\/p>\n<p style=\"text-align: center;\"><a href=\"https:\/\/meclux.sharepoint.com\/:b:\/s\/Shared-Files-PfE\/EUWY-Bom2nNLnceCn98um9YBrj_DR2vgwJCkEmMBmMnpvA?e=0gN8DC\">Pobierz PDF &gt;&gt;<\/a><\/p>\n<p>[\/vc_column_text][\/vc_column_inner][vc_column_inner width=&#8221;1\/3&#8243;][vc_single_image image=&#8221;5192&#8243; img_size=&#8221;&#8221; alignment=&#8221;center&#8221;][vc_custom_heading text=&#8221;Karta piel\u0119gnacyjna&#8221; font_container=&#8221;tag:p|text_align:center&#8221; use_theme_fonts=&#8221;yes&#8221; el_class=&#8221;pfe-pos-headline&#8221;][vc_column_text]<\/p>\n<p style=\"text-align: center;\"><a href=\"https:\/\/meclux.sharepoint.com\/:b:\/s\/Shared-Files-PfE\/EUu5JKv9JVxMpDkDcHiVSHIBK16CtvtbhlRG8yQk_99Wkw?e=5eVZaJ\">Pobierz PDF &gt;&gt;<\/a><\/p>\n<p>[\/vc_column_text][\/vc_column_inner][vc_column_inner width=&#8221;1\/3&#8243;][vc_single_image image=&#8221;5196&#8243; img_size=&#8221;&#8221; alignment=&#8221;center&#8221;][vc_custom_heading text=&#8221;Szeroki baner&#8221; font_container=&#8221;tag:p|text_align:center&#8221; use_theme_fonts=&#8221;yes&#8221; el_class=&#8221;pfe-pos-headline&#8221;][vc_column_text]<\/p>\n<p style=\"text-align: center;\"><a href=\"https:\/\/meclux.sharepoint.com\/:b:\/s\/Shared-Files-PfE\/EecyjhOUwClIhi5Bgvdk5NQBWeVE3PGfhPCuBhCgXTd6BA?e=iqE47b\">Pobierz PDF &gt;&gt;<\/a><\/p>\n<p>[\/vc_column_text][\/vc_column_inner][\/vc_row_inner][\/vc_tta_section][vc_tta_section title=&#8221;2021-2024&#8243; tab_id=&#8221;1742905797288-0708c100-ede0&#8243;][vc_row_inner][vc_column_inner width=&#8221;1\/3&#8243;][vc_single_image image=&#8221;5233&#8243; img_size=&#8221;&#8221; alignment=&#8221;center&#8221;][vc_custom_heading text=&#8221;Plakat A1-1&#8243; font_container=&#8221;tag:p|text_align:center&#8221; use_theme_fonts=&#8221;yes&#8221; el_class=&#8221;pfe-pos-headline&#8221;][vc_column_text]<\/p>\n<p style=\"text-align: center;\"><a href=\"https:\/\/meclux.sharepoint.com\/:b:\/s\/Shared-Files-PfE\/EUXX2qmoA5ZMtvNedqwl3UABLzkzIk8I1-bxpRbeCFIhcg?e=F2YDW6\">Pobierz wersj\u0119 do druku &gt;&gt;<\/a><br \/>\n<a href=\"https:\/\/meclux.sharepoint.com\/:b:\/s\/Shared-Files-PfE\/EaI55t7Y_TRFlMKxQRtKb0QBXlNNB3swvii4ZvT9-iu3Hg?e=hrkepe\">Pobierz PDF &gt;&gt;<\/a><\/p>\n<p>[\/vc_column_text][\/vc_column_inner][vc_column_inner width=&#8221;1\/3&#8243;][vc_single_image image=&#8221;5231&#8243; img_size=&#8221;&#8221; alignment=&#8221;center&#8221;][vc_custom_heading text=&#8221;Plakat A1-2&#8243; font_container=&#8221;tag:p|text_align:center&#8221; use_theme_fonts=&#8221;yes&#8221; el_class=&#8221;pfe-pos-headline&#8221;][vc_column_text]<\/p>\n<p style=\"text-align: center;\"><a href=\"https:\/\/meclux.sharepoint.com\/:b:\/s\/Shared-Files-PfE\/EaSY64YtaopNnzsoqxyspzABTwtLmNX2w5fbaSaUW0jSCg?e=V9qP2c\">Pobierz wersj\u0119 do druku &gt;&gt;<\/a><br \/>\n<a href=\"https:\/\/meclux.sharepoint.com\/:b:\/s\/Shared-Files-PfE\/EScDPvnQXvBKjf446pp730IB2HTVPNjLCldaGTmRQFyoqg?e=wkq2K9\">Pobierz PDF &gt;&gt;<\/a><\/p>\n<p>[\/vc_column_text][\/vc_column_inner][vc_column_inner width=&#8221;1\/3&#8243;][vc_single_image image=&#8221;5232&#8243; img_size=&#8221;&#8221; alignment=&#8221;center&#8221;][vc_custom_heading text=&#8221;Plakat A1-3&#8243; font_container=&#8221;tag:p|text_align:center&#8221; use_theme_fonts=&#8221;yes&#8221; el_class=&#8221;pfe-pos-headline&#8221;][vc_column_text]<\/p>\n<p style=\"text-align: center;\"><a href=\"https:\/\/meclux.sharepoint.com\/:b:\/s\/Shared-Files-PfE\/EYiHG0huhaNAl3Jsa_SF8MAB-wvvxh7XNv78C58yZQEIVA?e=3bd1tQ\">Pobierz wersj\u0119 do druku &gt;&gt;<\/a><br \/>\n<a href=\"https:\/\/meclux.sharepoint.com\/:b:\/s\/Shared-Files-PfE\/EVcgcl1oyplJi5VnPmUF7rQBrRuYBxKLhhKt6wqSWeO2kA?e=VjfCQ6\">Pobierz PDF &gt;&gt;<\/a><\/p>\n<p>[\/vc_column_text][\/vc_column_inner][\/vc_row_inner][vc_row_inner][vc_column_inner width=&#8221;1\/3&#8243;][vc_single_image image=&#8221;5198&#8243; img_size=&#8221;&#8221; alignment=&#8221;center&#8221;][vc_custom_heading text=&#8221;Plakat A1&#8243; font_container=&#8221;tag:p|text_align:center&#8221; use_theme_fonts=&#8221;yes&#8221; el_class=&#8221;pfe-pos-headline&#8221;][vc_column_text]<\/p>\n<p style=\"text-align: center;\"><a href=\"https:\/\/meclux.sharepoint.com\/:b:\/s\/Shared-Files-PfE\/EVrEZnTWdx9Cp5DAaWl3wucBDzx64A8SZa5tKsPq2wTwww?e=XKt6WL\">Pobierz PDF &gt;&gt;<\/a><\/p>\n<p>[\/vc_column_text][\/vc_column_inner][vc_column_inner width=&#8221;1\/3&#8243;][vc_single_image image=&#8221;5199&#8243; img_size=&#8221;&#8221; alignment=&#8221;center&#8221;][vc_custom_heading text=&#8221;Plakat A1&#8243; font_container=&#8221;tag:p|text_align:center&#8221; use_theme_fonts=&#8221;yes&#8221; el_class=&#8221;pfe-pos-headline&#8221;][vc_column_text]<\/p>\n<p style=\"text-align: center;\"><a href=\"https:\/\/meclux.sharepoint.com\/:b:\/s\/Shared-Files-PfE\/EXjnl0GLtgtPt0Mp2_325t8BxJ8eP8_QnW3mLXlqY3fNVQ?e=tSuI64\">Pobierz PDF &gt;&gt;<\/a><\/p>\n<p>[\/vc_column_text][\/vc_column_inner][vc_column_inner width=&#8221;1\/3&#8243;][vc_single_image image=&#8221;5197&#8243; img_size=&#8221;&#8221; alignment=&#8221;center&#8221;][vc_custom_heading text=&#8221;Plakat A1&#8243; font_container=&#8221;tag:p|text_align:center&#8221; use_theme_fonts=&#8221;yes&#8221; el_class=&#8221;pfe-pos-headline&#8221;][vc_column_text]<\/p>\n<p style=\"text-align: center;\"><a href=\"https:\/\/meclux.sharepoint.com\/:b:\/s\/Shared-Files-PfE\/Ea89Xex3i1ZEtSar0WneN3wB83ivi1SOiSpq-h9VA3S4yw?e=5hsiu4\">Pobierz PDF &gt;&gt;<\/a><\/p>\n<p>[\/vc_column_text][\/vc_column_inner][\/vc_row_inner][vc_row_inner][vc_column_inner width=&#8221;1\/3&#8243;][vc_gallery type=&#8221;image_grid&#8221; images=&#8221;5195,5194,5193&#8243; img_size=&#8221;&#8221;][vc_custom_heading text=&#8221;Plakat A1&#8243; font_container=&#8221;tag:p|text_align:center&#8221; use_theme_fonts=&#8221;yes&#8221; el_class=&#8221;pfe-pos-headline&#8221;][vc_column_text]<\/p>\n<p style=\"text-align: center;\"><a href=\"https:\/\/meclux.sharepoint.com\/:b:\/s\/Shared-Files-PfE\/EUWY-Bom2nNLnceCn98um9YBrj_DR2vgwJCkEmMBmMnpvA?e=0gN8DC\">Pobierz PDF &gt;&gt;<\/a><\/p>\n<p>[\/vc_column_text][\/vc_column_inner][vc_column_inner width=&#8221;1\/3&#8243;][vc_single_image image=&#8221;5192&#8243; img_size=&#8221;&#8221; alignment=&#8221;center&#8221;][vc_custom_heading text=&#8221;Karta piel\u0119gnacyjna&#8221; font_container=&#8221;tag:p|text_align:center&#8221; use_theme_fonts=&#8221;yes&#8221; el_class=&#8221;pfe-pos-headline&#8221;][vc_column_text]<\/p>\n<p style=\"text-align: center;\"><a href=\"https:\/\/meclux.sharepoint.com\/:b:\/s\/Shared-Files-PfE\/EUu5JKv9JVxMpDkDcHiVSHIBK16CtvtbhlRG8yQk_99Wkw?e=5eVZaJ\">Pobierz PDF &gt;&gt;<\/a><\/p>\n<p>[\/vc_column_text][\/vc_column_inner][vc_column_inner width=&#8221;1\/3&#8243;][vc_single_image image=&#8221;5196&#8243; img_size=&#8221;&#8221; alignment=&#8221;center&#8221;][vc_custom_heading text=&#8221;Szeroki baner&#8221; font_container=&#8221;tag:p|text_align:center&#8221; use_theme_fonts=&#8221;yes&#8221; el_class=&#8221;pfe-pos-headline&#8221;][vc_column_text]<\/p>\n<p style=\"text-align: center;\"><a href=\"https:\/\/meclux.sharepoint.com\/:b:\/s\/Shared-Files-PfE\/EecyjhOUwClIhi5Bgvdk5NQBWeVE3PGfhPCuBhCgXTd6BA?e=iqE47b\">Pobierz PDF &gt;&gt;<\/a><\/p>\n<p>[\/vc_column_text][\/vc_column_inner][\/vc_row_inner][\/vc_tta_section][\/vc_tta_tabs][\/vc_column][\/vc_row][vc_row disable_element=&#8221;yes&#8221; el_class=&#8221;pfe-pos-question-box&#8221;][vc_column width=&#8221;2\/3&#8243;][vc_single_image image=&#8221;3800&#8243; img_size=&#8221;full&#8221;][\/vc_column][vc_column width=&#8221;1\/3&#8243;][vc_custom_heading text=&#8221;Masz pytania dotycz\u0105ce materia\u0142\u00f3w POS?&#8221; use_theme_fonts=&#8221;yes&#8221; el_class=&#8221;pfe-small pfe-posbox-headline&#8221;][vc_column_text]Kontakt w Niemczech:<br \/>\n(Handel) Lara Strengbier<br \/>\nBLOOMs GmbH<br \/>\nE-Mail: <a tabindex=\"-1\" title=\"mailto:lara.strengbier@blooms.de\" href=\"mailto:Lara.Strengbier@blooms.de\" target=\"_blank\" rel=\"noopener noreferrer\" aria-label=\"Link Lara.Strengbier@blooms.de\">Lara.Strengbier@blooms.de<\/a><br \/>\nTel.: 0049 2102 96440[\/vc_column_text][\/vc_column][\/vc_row]<\/p><\/div><div class=\"acf-fields-container\" data-post-id=\"667\" data-canto-acf=\"true\"><\/div><style>\r\n        .acf-fields-container {\r\n            margin: 2em 0;\r\n            width: 100%;\r\n            clear: both;\r\n        }\r\n        .acf-field-image {\r\n            margin: 1.5em 0;\r\n            position: relative;\r\n        }\r\n        .acf-field-label {\r\n            margin-bottom: 1em;\r\n        }\r\n        .acf-image {\r\n            max-width: 100%;\r\n            height: auto;\r\n            display: block;\r\n            margin: 1em 0;\r\n        }\r\n    <\/style>","protected":false},"excerpt":{"rendered":"<p>[vc_row][vc_column][vc_custom_heading text=&#8221;Odwied\u017a nasz sklep internetowy, aby bezpo\u015brednio zam\u00f3wi\u0107 pe\u0142n\u0105 gam\u0119 produkt\u00f3w drukowanych &gt;&gt;&#8221; use_theme_fonts=&#8221;yes&#8221; link=&#8221;url:https%3A%2F%2Fwww.pelargonium-marketing.com%2Fwebshop-pl%2F&#8221; el_class=&#8221;pfe-small&#8221; el_id=&#8221;werbemittel&#8221;][vc_column_text]Ka\u017cdego roku tworzymy now\u0105 kolekcj\u0119 materia\u0142\u00f3w POS. Materia\u0142y zaprojektowane zgodnie z najnowszymi trendami przez ekspert\u00f3w ds. marketingu, przyci\u0105gaj\u0105 uwag\u0119 konsument\u00f3w. Te projekty podsycaj\u0105 rado\u015b\u0107 z ro\u015blin i ogrodnictwa, kt\u00f3rego urok wiele os\u00f3b odkry\u0142o podczas pandemii. W czasach izolacji i [&hellip;]<\/p>\n","protected":false},"author":1,"featured_media":5173,"parent":0,"menu_order":0,"comment_status":"closed","ping_status":"closed","template":"template-parts\/pfe-trade.php","meta":{"_acf_changed":false,"inline_featured_image":false,"footnotes":""},"class_list":["post-667","page","type-page","status-publish","has-post-thumbnail","hentry"],"acf":[],"_links":{"self":[{"href":"https:\/\/pfe-trade.com\/pl\/wp-json\/wp\/v2\/pages\/667","targetHints":{"allow":["GET"]}}],"collection":[{"href":"https:\/\/pfe-trade.com\/pl\/wp-json\/wp\/v2\/pages"}],"about":[{"href":"https:\/\/pfe-trade.com\/pl\/wp-json\/wp\/v2\/types\/page"}],"author":[{"embeddable":true,"href":"https:\/\/pfe-trade.com\/pl\/wp-json\/wp\/v2\/users\/1"}],"replies":[{"embeddable":true,"href":"https:\/\/pfe-trade.com\/pl\/wp-json\/wp\/v2\/comments?post=667"}],"version-history":[{"count":98,"href":"https:\/\/pfe-trade.com\/pl\/wp-json\/wp\/v2\/pages\/667\/revisions"}],"predecessor-version":[{"id":5507,"href":"https:\/\/pfe-trade.com\/pl\/wp-json\/wp\/v2\/pages\/667\/revisions\/5507"}],"wp:featuredmedia":[{"embeddable":true,"href":"https:\/\/pfe-trade.com\/pl\/wp-json\/wp\/v2\/media\/5173"}],"wp:attachment":[{"href":"https:\/\/pfe-trade.com\/pl\/wp-json\/wp\/v2\/media?parent=667"}],"curies":[{"name":"wp","href":"https:\/\/api.w.org\/{rel}","templated":true}]}}