{"id":648,"date":"2021-12-27T18:17:47","date_gmt":"2021-12-27T18:17:47","guid":{"rendered":"https:\/\/meine-geranien.de\/pl\/?page_id=648"},"modified":"2026-02-23T15:06:47","modified_gmt":"2026-02-23T14:06:47","slug":"branza","status":"publish","type":"page","link":"https:\/\/pfe-trade.com\/pl\/","title":{"rendered":"Bran\u017ca"},"content":{"rendered":"<div class=\"wpb-content-wrapper\"><p>[vc_row][vc_column][vc_column_text]<\/p>\n<p style=\"text-align: center;\">W Pelargonium for Europe kierujemy przekaz bezpo\u015brednio do Twoich klient\u00f3w, promuj\u0105c zalety pelargonii w ramach szeroko zakrojonej kampanii promocyjnej dla konsument\u00f3w.<\/p>\n<p style=\"text-align: center;\">W ten spos\u00f3b nieustannie inspirujemy nowe grono odbiorc\u00f3w i zapewniamy d\u0142ugofalow\u0105 sprzeda\u017c pelargonii.<\/p>\n<p style=\"text-align: center;\">Tutaj znajdziesz cenne informacje, kt\u00f3re bezpo\u015brednio pomog\u0105 Twojej firmie &#8211; od aktualizacji produkt\u00f3w po wskaz\u00f3wki dotycz\u0105ce sprzeda\u017cy, porady dotycz\u0105ce obs\u0142ugi klienta, a tak\u017ce materia\u0142y promocyjne POS, narz\u0119dzia cyfrowe i narz\u0119dzia marketingowe.<\/p>\n<p style=\"text-align: center;\">Dowiedz si\u0119, jak mo\u017cemy Ciebie wesprze\u0107 i poszerzy\u0107 mo\u017cliwo\u015bci promocji pelargonii. Zaanga\u017cuj si\u0119 i poznaj nasz projekt.<\/p>\n<p>[\/vc_column_text][vc_custom_heading text=&#8221;Mo\u017cliwo\u015bci dla ca\u0142ego sektora&#8221; font_container=&#8221;tag:h2|text_align:center&#8221; use_theme_fonts=&#8221;yes&#8221; el_class=&#8221;pfe-small2&#8243; el_id=&#8221;angebote&#8221;][\/vc_column][\/vc_row][vc_row][vc_column][\/vc_column][\/vc_row][vc_row][vc_column][vc_column_text][\/vc_column_text][\/vc_column][\/vc_row][vc_row gap=&#8221;30&#8243;][vc_column width=&#8221;1\/3&#8243;][vc_single_image image=&#8221;3755&#8243; img_size=&#8221;full&#8221;][vc_custom_heading text=&#8221;Czy uprawiasz pelargonie?&#8221; font_container=&#8221;tag:h3|text_align:left&#8221; use_theme_fonts=&#8221;yes&#8221; el_class=&#8221;pfe-small&#8221;][vc_column_text]Jako producent jeste\u015b cz\u0119\u015bci\u0105 kampanii PfE: wszystko, co robimy, ma na celu zwi\u0119kszenie sprzeda\u017cy poprzez dzia\u0142ania marketingowe B2C i B2B. Tutaj znajdziesz dodatkowe mo\u017cliwo\u015bci, z kt\u00f3rych mo\u017cesz skorzysta\u0107.[\/vc_column_text][vc_column_text]<a href=\"\/pl\/producenci\/\">Odkryj mo\u017cliwo\u015bci dla producent\u00f3w &gt;&gt;<\/a>[\/vc_column_text][\/vc_column][vc_column width=&#8221;1\/3&#8243;][vc_single_image image=&#8221;3757&#8243; img_size=&#8221;full&#8221;][vc_custom_heading text=&#8221;Sprzedajesz pelargonie?&#8221; font_container=&#8221;tag:h3|text_align:left&#8221; use_theme_fonts=&#8221;yes&#8221; el_class=&#8221;pfe-small&#8221;][vc_column_text]Naszym celem jest rozkochanie konsument\u00f3w w pelargoniach i zach\u0119cenie ich do kupowania ka\u017cdego roku jeszcze wi\u0119cej tych pi\u0119knych ro\u015blin. Oferujemy szereg bezp\u0142atnych materia\u0142\u00f3w marketingowych i narz\u0119dzi, kt\u00f3re pomog\u0105 zwi\u0119kszy\u0107 sprzeda\u017c.[\/vc_column_text][vc_column_text]<a href=\"\/pl\/sprzedawcy-detaliczni\/\">Odkryj mo\u017cliwo\u015bci dla sprzedawc\u00f3w &gt;&gt;<\/a>[\/vc_column_text][\/vc_column][vc_column width=&#8221;1\/3&#8243;][vc_single_image image=&#8221;3756&#8243; img_size=&#8221;full&#8221;][vc_custom_heading text=&#8221;Szukasz informacji prasowych?&#8221; font_container=&#8221;tag:h3|text_align:left&#8221; use_theme_fonts=&#8221;yes&#8221; el_class=&#8221;pfe-small&#8221;][vc_column_text]Je\u015bli jeste\u015b dziennikarzem i szukasz aktualnych wiadomo\u015bci, informacji prasowych i bezp\u0142atnych zdj\u0119\u0107, znalaz\u0142e\u015b si\u0119 we w\u0142a\u015bciwym miejscu. Zawsze ch\u0119tnie pomo\u017cemy w wyborze tre\u015bci, zdj\u0119\u0107 i innych materia\u0142\u00f3w. Dowiedz si\u0119, co mo\u017cemy zaoferowa\u0107.[\/vc_column_text][vc_column_text]<a href=\"https:\/\/moja-pelargonia.pl\/informacje-prasowe\/\">Informacja prasowa &gt;&gt;<\/a>[\/vc_column_text][\/vc_column][\/vc_row][vc_row][vc_column][vc_column_text][\/vc_column_text][\/vc_column][\/vc_row][vc_row el_class=&#8221;pfe-greenborderbox&#8221;][vc_column width=&#8221;2\/3&#8243;][vc_single_image image=&#8221;3758&#8243; img_size=&#8221;full&#8221;][\/vc_column][vc_column width=&#8221;1\/3&#8243;][vc_custom_heading text=&#8221;Czy jeste\u015b hodowc\u0105?&#8221; use_theme_fonts=&#8221;yes&#8221; el_class=&#8221;pfe-small&#8221;][vc_column_text]Je\u015bli reprezentujesz firm\u0119 hodowlan\u0105 i chcia\u0142by\u015b dowiedzie\u0107 si\u0119, jakie korzy\u015bci przyniesie Twojej firmie i bran\u017cy, zaanga\u017cowanie si\u0119 w kampanie, skontaktuj si\u0119 z nami.<\/p>\n<p>Project management<br \/>\nPelargonium for Europe GbR<br \/>\ndr \u00a0Susanne Lux<br \/>\nTel.: + 49 2644 981333<br \/>\nE-mail: <a href=\"mailto:susanne.lux@meclux.de\">susanne.lux@meclux.de<\/a>[\/vc_column_text][\/vc_column][\/vc_row][vc_row][vc_column][vc_empty_space height=&#8221;75px&#8221;][\/vc_column][\/vc_row][vc_row][vc_column width=&#8221;1\/2&#8243;][vc_custom_heading text=&#8221;Kto stoi za Pelargonium for Europe?&#8221; use_theme_fonts=&#8221;yes&#8221; el_class=&#8221;pfe-small&#8221;][vc_column_text css=&#8221;&#8221;]PfE to inicjatywa marketingowa europejskich hodowc\u00f3w pelargonii Florensis, D\u00fcmmen Orange, Selecta One, Syngenta Flowers, Elsner PAC, P. van der Haak Handelskwekerij. Pod szyldem Green Marketing Europe (GME) dr Susanne Lux zarz\u0105dza kampani\u0105 Pelargonium for Europe wraz z zespo\u0142em oddanych pracownik\u00f3w i freelancer\u00f3w. PfE wsp\u00f3\u0142pracuje z renomowanymi i do\u015bwiadczonymi agencjami i freelancerami, z kt\u00f3rymi tworzy materia\u0142y i prowadzi kampanie w 22 krajach europejskich.[\/vc_column_text][\/vc_column][vc_column width=&#8221;1\/2&#8243;][vc_single_image image=&#8221;3754&#8243; img_size=&#8221;full&#8221;][\/vc_column][\/vc_row][vc_row][vc_column][vc_empty_space height=&#8221;75px&#8221;][\/vc_column][\/vc_row][vc_row][vc_column][vc_single_image image=&#8221;5491&#8243; img_size=&#8221;full&#8221; alignment=&#8221;center&#8221; css=&#8221;&#8221;][\/vc_column][\/vc_row]<\/p><\/div><div class=\"acf-fields-container\" data-post-id=\"648\" data-canto-acf=\"true\"><\/div><style>\r\n        .acf-fields-container {\r\n            margin: 2em 0;\r\n            width: 100%;\r\n            clear: both;\r\n        }\r\n        .acf-field-image {\r\n            margin: 1.5em 0;\r\n            position: relative;\r\n        }\r\n        .acf-field-label {\r\n            margin-bottom: 1em;\r\n        }\r\n        .acf-image {\r\n            max-width: 100%;\r\n            height: auto;\r\n            display: block;\r\n            margin: 1em 0;\r\n        }\r\n    <\/style>","protected":false},"excerpt":{"rendered":"<p>[vc_row][vc_column][vc_column_text] W Pelargonium for Europe kierujemy przekaz bezpo\u015brednio do Twoich klient\u00f3w, promuj\u0105c zalety pelargonii w ramach szeroko zakrojonej kampanii promocyjnej dla konsument\u00f3w. W ten spos\u00f3b nieustannie inspirujemy nowe grono odbiorc\u00f3w i zapewniamy d\u0142ugofalow\u0105 sprzeda\u017c pelargonii. Tutaj znajdziesz cenne informacje, kt\u00f3re bezpo\u015brednio pomog\u0105 Twojej firmie &#8211; od aktualizacji produkt\u00f3w po wskaz\u00f3wki dotycz\u0105ce sprzeda\u017cy, porady dotycz\u0105ce obs\u0142ugi [&hellip;]<\/p>\n","protected":false},"author":1,"featured_media":3764,"parent":0,"menu_order":0,"comment_status":"closed","ping_status":"closed","template":"template-parts\/pfe-trade.php","meta":{"_acf_changed":false,"inline_featured_image":false,"footnotes":""},"class_list":["post-648","page","type-page","status-publish","has-post-thumbnail","hentry"],"acf":[],"_links":{"self":[{"href":"https:\/\/pfe-trade.com\/pl\/wp-json\/wp\/v2\/pages\/648","targetHints":{"allow":["GET"]}}],"collection":[{"href":"https:\/\/pfe-trade.com\/pl\/wp-json\/wp\/v2\/pages"}],"about":[{"href":"https:\/\/pfe-trade.com\/pl\/wp-json\/wp\/v2\/types\/page"}],"author":[{"embeddable":true,"href":"https:\/\/pfe-trade.com\/pl\/wp-json\/wp\/v2\/users\/1"}],"replies":[{"embeddable":true,"href":"https:\/\/pfe-trade.com\/pl\/wp-json\/wp\/v2\/comments?post=648"}],"version-history":[{"count":207,"href":"https:\/\/pfe-trade.com\/pl\/wp-json\/wp\/v2\/pages\/648\/revisions"}],"predecessor-version":[{"id":5304,"href":"https:\/\/pfe-trade.com\/pl\/wp-json\/wp\/v2\/pages\/648\/revisions\/5304"}],"wp:featuredmedia":[{"embeddable":true,"href":"https:\/\/pfe-trade.com\/pl\/wp-json\/wp\/v2\/media\/3764"}],"wp:attachment":[{"href":"https:\/\/pfe-trade.com\/pl\/wp-json\/wp\/v2\/media?parent=648"}],"curies":[{"name":"wp","href":"https:\/\/api.w.org\/{rel}","templated":true}]}}