{"id":648,"date":"2021-12-27T18:17:47","date_gmt":"2021-12-27T18:17:47","guid":{"rendered":"https:\/\/meine-geranien.de\/it\/?page_id=648"},"modified":"2026-02-23T15:13:41","modified_gmt":"2026-02-23T14:13:41","slug":"settore","status":"publish","type":"page","link":"https:\/\/pfe-trade.com\/it\/","title":{"rendered":"Settore"},"content":{"rendered":"<div class=\"wpb-content-wrapper\"><p>[vc_row][vc_column][vc_custom_heading text=&#8221;Opportunit\u00e0 per tutti i settori industriali&#8221; font_container=&#8221;tag:h2|text_align:center&#8221; use_theme_fonts=&#8221;yes&#8221; el_class=&#8221;pfe-small2&#8243; el_id=&#8221;opportunita&#8221;][\/vc_column][\/vc_row][vc_row][vc_column][vc_column_text]<\/p>\n<p style=\"text-align: center;\">Noi di Pelargonium for Europe ci rivolgiamo direttamente ai vostri clienti finali, promuovendo i benefici dei Gerani attraverso la nostra vasta campagna di promozione. In questo modo, ispiriamo continuamente il pubblico, assicurando le vendite dei Pelargoni in futuro.<\/p>\n<p style=\"text-align: center;\">Qui troverete anche una grande quantit\u00e0 di informazioni per supportare direttamente la vostra attivit\u00e0, dagli aggiornamenti dei prodotti ai suggerimenti per la presentazione per la vendita fino ai consigli per la cura del commercio, nonch\u00e9 materiali per i punti vendita, strumenti digitali e risorse per il vostro marketing.<br \/>\nDiventate attivi e scoprite subito la nostra offerta.<\/p>\n<p style=\"text-align: center;\">Scopri come possiamo supportarti e ampliare le tue opportunit\u00e0 di promozione dei Pelargonium. Fatti coinvolgere ed esplora il nostro progetto.<\/p>\n<p>[\/vc_column_text][\/vc_column][\/vc_row][vc_row][vc_column][vc_column_text][\/vc_column_text][\/vc_column][\/vc_row][vc_row gap=&#8221;30&#8243;][vc_column width=&#8221;1\/3&#8243;][vc_single_image image=&#8221;3755&#8243; img_size=&#8221;full&#8221;][vc_custom_heading text=&#8221;Coltivi Gerani?&#8221; font_container=&#8221;tag:h3|text_align:left&#8221; use_theme_fonts=&#8221;yes&#8221; el_class=&#8221;pfe-small&#8221;][vc_column_text]Come produttore sei la spina dorsale della campagna PfE: tutto ci\u00f2 che facciamo ha come obiettivo la crescita delle tue vendite attraverso il marketing B2C e B2B. Qui troverai alcune opportunit\u00e0 per ottenere die vantaggi.[\/vc_column_text][vc_column_text]<a href=\"\/it\/produttori\/\" rel=\"noopener\">Scopri le opportunit\u00e0 per i produttori &gt;&gt;<\/a>[\/vc_column_text][\/vc_column][vc_column width=&#8221;1\/3&#8243;][vc_single_image image=&#8221;3757&#8243; img_size=&#8221;full&#8221;][vc_custom_heading text=&#8221;Vendi Gerani?&#8221; font_container=&#8221;tag:h3|text_align:left&#8221; use_theme_fonts=&#8221;yes&#8221; el_class=&#8221;pfe-small&#8221;][vc_column_text]Il nostro obiettivo \u00e8 quello di incoraggiare pi\u00f9 consumatori ad innamorarsi dei Gerani e a comprarne il pi\u00f9 possibile ogni anno. Offriamo una serie di materiali e risorse marketing gratuite per aiutarvi ad aumentare le vostre vendite.[\/vc_column_text][vc_column_text]<a href=\"\/it\/rivenditori\/\" rel=\"noopener\">Scopri le opportunit\u00e0 per i rivenditori &gt;&gt;<\/a>[\/vc_column_text][\/vc_column][vc_column width=&#8221;1\/3&#8243;][vc_single_image image=&#8221;3756&#8243; img_size=&#8221;full&#8221;][vc_custom_heading text=&#8221;Cerchi informazioni per qualche articolo?&#8221; font_container=&#8221;tag:h3|text_align:left&#8221; use_theme_fonts=&#8221;yes&#8221; el_class=&#8221;pfe-small&#8221;][vc_column_text]Se sei un giornalista specializzato che cerca le ultime notizie, i comunicati stampa e le foto royalty-free, allora sei arrivato nel posto giusto. Siamo sempre felici di sostenerti con contenuti, fotografie e altro. Scopri cosa possiamo offrire.[\/vc_column_text][vc_column_text]<a href=\"https:\/\/il-mio-geranio.it\/comunicati-stampa\/\">Informazioni per la stampa &gt;&gt;<\/a>[\/vc_column_text][\/vc_column][\/vc_row][vc_row][vc_column][vc_column_text][\/vc_column_text][\/vc_column][\/vc_row][vc_row el_class=&#8221;pfe-greenborderbox&#8221;][vc_column width=&#8221;2\/3&#8243;][vc_single_image image=&#8221;3758&#8243; img_size=&#8221;full&#8221;][\/vc_column][vc_column width=&#8221;1\/3&#8243;][vc_custom_heading text=&#8221;Sei un ibridatore?&#8221; use_theme_fonts=&#8221;yes&#8221; el_class=&#8221;pfe-small&#8221;][vc_column_text]Se rappresenti un&#8217;azienda di coltura e vuoi scoprire come il tuo supporto potrebbe beneficiare la tua azienda e l&#8217;industria in generale, mettiti in contatto.<\/p>\n<p>Project management<br \/>\nPelargonium for Europe GbR,<br \/>\nDr. Susanne Lux,<br \/>\nTelephone: + 49 2644 981333,<br \/>\nE-mail: <a href=\"mailto:susanne.lux@meclux.de\">susanne.lux@meclux.de<\/a>[\/vc_column_text][\/vc_column][\/vc_row][vc_row][vc_column][vc_empty_space height=&#8221;75px&#8221;][\/vc_column][\/vc_row][vc_row][vc_column width=&#8221;1\/2&#8243;][vc_custom_heading text=&#8221;Chi c\u2019\u00e8 dietro Pelargonium for Europe?&#8221; use_theme_fonts=&#8221;yes&#8221; el_class=&#8221;pfe-small&#8221;][vc_column_text css=&#8221;&#8221;]PfE \u00e8 l&#8217;iniziativa di marketing dei coltivatori europei di Pelargonium Florensis, D\u00fcmmen Orange, Selecta one, Syngenta Flowers, Elsner PAC, P. van der Haak Handelskwekerij. Al comando di Green Marketing Europe (GME), la dott.ssa Susanne Lux gestisce la campagna Pelargonium for Europe con un team di collaboratori dediti e freelance. PfE collabora con un&#8217;ampia rete di agenzie e freelance talentuosi per la produzione di materiali stampa e la realizzazione di campagne in 22 paesi europei.[\/vc_column_text][\/vc_column][vc_column width=&#8221;1\/2&#8243;][vc_single_image image=&#8221;3754&#8243; img_size=&#8221;full&#8221;][\/vc_column][\/vc_row][vc_row][vc_column][vc_empty_space height=&#8221;75px&#8221;][\/vc_column][\/vc_row][vc_row][vc_column][vc_single_image image=&#8221;4977&#8243; img_size=&#8221;full&#8221; alignment=&#8221;center&#8221; css=&#8221;&#8221;][\/vc_column][\/vc_row]<\/p><\/div><div class=\"acf-fields-container\" data-post-id=\"648\" data-canto-acf=\"true\"><\/div><style>\r\n        .acf-fields-container {\r\n            margin: 2em 0;\r\n            width: 100%;\r\n            clear: both;\r\n        }\r\n        .acf-field-image {\r\n            margin: 1.5em 0;\r\n            position: relative;\r\n        }\r\n        .acf-field-label {\r\n            margin-bottom: 1em;\r\n        }\r\n        .acf-image {\r\n            max-width: 100%;\r\n            height: auto;\r\n            display: block;\r\n            margin: 1em 0;\r\n        }\r\n    <\/style>","protected":false},"excerpt":{"rendered":"<p>[vc_row][vc_column][vc_custom_heading text=&#8221;Opportunit\u00e0 per tutti i settori industriali&#8221; font_container=&#8221;tag:h2|text_align:center&#8221; use_theme_fonts=&#8221;yes&#8221; el_class=&#8221;pfe-small2&#8243; el_id=&#8221;opportunita&#8221;][\/vc_column][\/vc_row][vc_row][vc_column][vc_column_text] Noi di Pelargonium for Europe ci rivolgiamo direttamente ai vostri clienti finali, promuovendo i benefici dei Gerani attraverso la nostra vasta campagna di promozione. In questo modo, ispiriamo continuamente il pubblico, assicurando le vendite dei Pelargoni in futuro. Qui troverete anche una grande quantit\u00e0 [&hellip;]<\/p>\n","protected":false},"author":1,"featured_media":3764,"parent":0,"menu_order":0,"comment_status":"closed","ping_status":"closed","template":"template-parts\/pfe-trade.php","meta":{"_acf_changed":false,"inline_featured_image":false,"footnotes":""},"class_list":["post-648","page","type-page","status-publish","has-post-thumbnail","hentry"],"acf":[],"_links":{"self":[{"href":"https:\/\/pfe-trade.com\/it\/wp-json\/wp\/v2\/pages\/648","targetHints":{"allow":["GET"]}}],"collection":[{"href":"https:\/\/pfe-trade.com\/it\/wp-json\/wp\/v2\/pages"}],"about":[{"href":"https:\/\/pfe-trade.com\/it\/wp-json\/wp\/v2\/types\/page"}],"author":[{"embeddable":true,"href":"https:\/\/pfe-trade.com\/it\/wp-json\/wp\/v2\/users\/1"}],"replies":[{"embeddable":true,"href":"https:\/\/pfe-trade.com\/it\/wp-json\/wp\/v2\/comments?post=648"}],"version-history":[{"count":196,"href":"https:\/\/pfe-trade.com\/it\/wp-json\/wp\/v2\/pages\/648\/revisions"}],"predecessor-version":[{"id":4341,"href":"https:\/\/pfe-trade.com\/it\/wp-json\/wp\/v2\/pages\/648\/revisions\/4341"}],"wp:featuredmedia":[{"embeddable":true,"href":"https:\/\/pfe-trade.com\/it\/wp-json\/wp\/v2\/media\/3764"}],"wp:attachment":[{"href":"https:\/\/pfe-trade.com\/it\/wp-json\/wp\/v2\/media?parent=648"}],"curies":[{"name":"wp","href":"https:\/\/api.w.org\/{rel}","templated":true}]}}