{"id":648,"date":"2021-12-27T18:17:47","date_gmt":"2021-12-27T18:17:47","guid":{"rendered":"https:\/\/meine-geranien.de\/hu\/?page_id=648"},"modified":"2026-02-23T15:25:59","modified_gmt":"2026-02-23T14:25:59","slug":"kereskedelem","status":"publish","type":"page","link":"https:\/\/pfe-trade.com\/hu\/","title":{"rendered":"Kereskedelem"},"content":{"rendered":"<div class=\"wpb-content-wrapper\"><p>[vc_row][vc_column][vc_custom_heading text=&#8221;Lehet\u0151s\u00e9gek valamennyi ipar\u00e1g sz\u00e1m\u00e1ra&#8221; font_container=&#8221;tag:h2|text_align:center&#8221; use_theme_fonts=&#8221;yes&#8221; el_class=&#8221;pfe-small2&#8243; el_id=&#8221;lehetosegeket&#8221;][\/vc_column][\/vc_row][vc_row][vc_column][vc_column_text]<\/p>\n<p style=\"text-align: center;\">A Pelargonium for Europe-n\u00e1l k\u00f6zvetlen\u00fcl a v\u00e1s\u00e1rl\u00f3kat c\u00e9lozzuk meg edukat\u00edv prom\u00f3ci\u00f3s kamp\u00e1nyunkkal, bemutatva a musk\u00e1tli el\u0151nyeit. Ezzel folyamatosan \u00faj k\u00f6z\u00f6ns\u00e9get \u00e9r\u00fcnk el, biztos\u00edtva a n\u00f6v\u00e9nyek folyamatos \u00e9rt\u00e9kes\u00edt\u00e9s\u00e9t<\/p>\n<p style=\"text-align: center;\">Itt olyan inform\u00e1ci\u00f3k is megtal\u00e1lhat\u00f3k, amelyek k\u00f6zvetlen\u00fcl seg\u00edtik v\u00e1llalkoz\u00e1st, mint p\u00e9ld\u00e1ul \u00e9rt\u00e9kes\u00edt\u00e9si tippek, \u00e1pol\u00e1si tan\u00e1csok, digit\u00e1lis eszk\u00f6z\u00f6k \u00e9s a marketinghez sz\u00fcks\u00e9ges anyagok.<\/p>\n<p style=\"text-align: center;\">Ismerje meg, t\u00e1j\u00e9koztat\u00f3 anyagainkat, amelyek seg\u00edthetnek a musk\u00e1tli prom\u00f3ci\u00f3s aktivit\u00e1saiban.<\/p>\n<p>[\/vc_column_text][\/vc_column][\/vc_row][vc_row][vc_column][vc_column_text][\/vc_column_text][\/vc_column][\/vc_row][vc_row gap=&#8221;30&#8243;][vc_column width=&#8221;1\/3&#8243;][vc_single_image image=&#8221;3755&#8243; img_size=&#8221;full&#8221;][vc_custom_heading text=&#8221;Musk\u00e1tli termeszt\u0151knek&#8221; font_container=&#8221;tag:h3|text_align:left&#8221; use_theme_fonts=&#8221;yes&#8221; el_class=&#8221;pfe-small&#8221;][vc_column_text]A termeszt\u0151k a PfE kamp\u00e1nyok gerinc\u00e9t alkotj\u00e1k: minden, amit tesz\u00fcnk, az \u00d6n elad\u00e1sainak n\u00f6vel\u00e9s\u00e9t c\u00e9lozza, a fogyaszt\u00f3i, \u00e9s szakmai marketing seg\u00edts\u00e9g\u00e9vel. Itt tal\u00e1l tov\u00e1bbi hasznos inform\u00e1ci\u00f3kat.[\/vc_column_text][vc_column_text]<a href=\"\/hu\/termesztok\/\" target=\"_blank\" rel=\"noopener\">Termeszt\u0151knek sz\u00f3l\u00f3 lehet\u0151s\u00e9gek &gt;&gt;<\/a>[\/vc_column_text][\/vc_column][vc_column width=&#8221;1\/3&#8243;][vc_single_image image=&#8221;3757&#8243; img_size=&#8221;full&#8221;][vc_custom_heading text=&#8221;Musk\u00e1tli \u00e9rt\u00e9kes\u00edt\u0151knek&#8221; font_container=&#8221;tag:h3|text_align:left&#8221; use_theme_fonts=&#8221;yes&#8221; el_class=&#8221;pfe-small&#8221;][vc_column_text]C\u00e9lunk, hogy min\u00e9l t\u00f6bb fogyaszt\u00f3 megismerje \u00e9s szeresse a musk\u00e1tlit, \u00edgy minden \u00e9vben egyre t\u00f6bbet v\u00e1s\u00e1rolnak bel\u0151le. Sz\u00e1mos ingyenes marketinganyagot \u00e9s eszk\u00f6zt k\u00edn\u00e1lunk, hogy seg\u00edts\u00fck \u00d6nt az elad\u00e1sok n\u00f6vel\u00e9s\u00e9ben.[\/vc_column_text][vc_column_text]<a href=\"\/hu\/kiskereskedok\/\">Lehet\u0151s\u00e9gek kiskeresked\u0151k sz\u00e1m\u00e1ra &gt;&gt;<\/a>[\/vc_column_text][\/vc_column][vc_column width=&#8221;1\/3&#8243;][vc_single_image image=&#8221;3756&#8243; img_size=&#8221;full&#8221;][vc_custom_heading text=&#8221;Sajt\u00f3inform\u00e1ci\u00f3kat keres?&#8221; font_container=&#8221;tag:h3|text_align:left&#8221; use_theme_fonts=&#8221;yes&#8221; el_class=&#8221;pfe-small&#8221;][vc_column_text]A szak\u00fajs\u00e1g\u00edr\u00f3knak sz\u00f3l\u00f3 legfrissebb h\u00edreket, sajt\u00f3k\u00f6zlem\u00e9nyeket \u00e9s jogd\u00edjmentes fot\u00f3kat itt tal\u00e1lja.[\/vc_column_text][vc_column_text]<a href=\"https:\/\/pelargonium-for-europe.com\/hu\/sajtokozlemenyek\/\">Sajt\u00f3inform\u00e1ci\u00f3 &gt;&gt;<\/a>[\/vc_column_text][\/vc_column][\/vc_row][vc_row][vc_column][vc_column_text][\/vc_column_text][\/vc_column][\/vc_row][vc_row el_class=&#8221;pfe-greenborderbox&#8221;][vc_column width=&#8221;2\/3&#8243;][vc_single_image image=&#8221;3758&#8243; img_size=&#8221;full&#8221;][\/vc_column][vc_column width=&#8221;1\/3&#8243;][vc_custom_heading text=&#8221;\u00d6n teny\u00e9szettel foglalkozik?&#8221; use_theme_fonts=&#8221;yes&#8221; el_class=&#8221;pfe-small&#8221;][vc_column_text]Ha termeszt\u0151 c\u00e9get k\u00e9pvisel, \u00e9s szeretn\u00e9 megtudni, hogy inform\u00e1ci\u00f3ink hogyan seg\u00edthetik v\u00e1llalkoz\u00e1s\u00e1t \u00e9s az ipar\u00e1gat \u00f6r\u00f6mmel v\u00e1rjuk jelentkez\u00e9s\u00e9t.<\/p>\n<p>Projektmenedzsment<br \/>\nPelargonium for Europe GbR,<br \/>\nDr. Susanne Lux,<br \/>\nTelephone: + 49 2644 981333,<br \/>\nE-mail: <a href=\"mailto:susanne.lux@meclux.de\">susanne.lux@meclux.de<\/a>[\/vc_column_text][\/vc_column][\/vc_row][vc_row][vc_column][vc_empty_space height=&#8221;75px&#8221;][\/vc_column][\/vc_row][vc_row][vc_column width=&#8221;1\/2&#8243;][vc_custom_heading text=&#8221;Kik \u00e1llnak a Pelargonium for Europe kezdem\u00e9nyez\u00e9se m\u00f6g\u00f6tt?&#8221; use_theme_fonts=&#8221;yes&#8221; el_class=&#8221;pfe-small&#8221;][vc_column_text css=&#8221;&#8221;]A PfE a Florensis, a D\u00fcmmen Orange, a Selecta one, a Syngenta Flowers, az Elsner PAC, a P. van der Haak Handelskwekerij \u00e9s eur\u00f3pai musk\u00e1tlinemes\u00edt\u0151k marketingkezdem\u00e9nyez\u00e9se. A Green Marketing Europe (GME) \u00e9gisze alatt Dr. Susanne Lux ir\u00e1ny\u00edtja a Pelargonium for Europe kamp\u00e1nyt egy elk\u00f6telezett munkat\u00e1rsakb\u00f3l \u00e9s szabad\u00fasz\u00f3kb\u00f3l \u00e1ll\u00f3 csapattal. A PfE \u00fcgyn\u00f6ks\u00e9gek \u00e9s szabad\u00fasz\u00f3k sz\u00e9les h\u00e1l\u00f3zat\u00e1val m\u0171k\u00f6dik egy\u00fctt, 22 eur\u00f3pai orsz\u00e1gban.[\/vc_column_text][\/vc_column][vc_column width=&#8221;1\/2&#8243;][vc_single_image image=&#8221;3754&#8243; img_size=&#8221;full&#8221;][\/vc_column][\/vc_row][vc_row][vc_column][vc_empty_space height=&#8221;75px&#8221;][\/vc_column][\/vc_row][vc_row][vc_column][vc_single_image image=&#8221;4571&#8243; img_size=&#8221;full&#8221; alignment=&#8221;center&#8221; css=&#8221;&#8221;][\/vc_column][\/vc_row]<\/p><\/div><div class=\"acf-fields-container\" data-post-id=\"648\" data-canto-acf=\"true\"><\/div><style>\r\n        .acf-fields-container {\r\n            margin: 2em 0;\r\n            width: 100%;\r\n            clear: both;\r\n        }\r\n        .acf-field-image {\r\n            margin: 1.5em 0;\r\n            position: relative;\r\n        }\r\n        .acf-field-label {\r\n            margin-bottom: 1em;\r\n        }\r\n        .acf-image {\r\n            max-width: 100%;\r\n            height: auto;\r\n            display: block;\r\n            margin: 1em 0;\r\n        }\r\n    <\/style>","protected":false},"excerpt":{"rendered":"<p>[vc_row][vc_column][vc_custom_heading text=&#8221;Lehet\u0151s\u00e9gek valamennyi ipar\u00e1g sz\u00e1m\u00e1ra&#8221; font_container=&#8221;tag:h2|text_align:center&#8221; use_theme_fonts=&#8221;yes&#8221; el_class=&#8221;pfe-small2&#8243; el_id=&#8221;lehetosegeket&#8221;][\/vc_column][\/vc_row][vc_row][vc_column][vc_column_text] A Pelargonium for Europe-n\u00e1l k\u00f6zvetlen\u00fcl a v\u00e1s\u00e1rl\u00f3kat c\u00e9lozzuk meg edukat\u00edv prom\u00f3ci\u00f3s kamp\u00e1nyunkkal, bemutatva a musk\u00e1tli el\u0151nyeit. Ezzel folyamatosan \u00faj k\u00f6z\u00f6ns\u00e9get \u00e9r\u00fcnk el, biztos\u00edtva a n\u00f6v\u00e9nyek folyamatos \u00e9rt\u00e9kes\u00edt\u00e9s\u00e9t Itt olyan inform\u00e1ci\u00f3k is megtal\u00e1lhat\u00f3k, amelyek k\u00f6zvetlen\u00fcl seg\u00edtik v\u00e1llalkoz\u00e1st, mint p\u00e9ld\u00e1ul \u00e9rt\u00e9kes\u00edt\u00e9si tippek, \u00e1pol\u00e1si tan\u00e1csok, digit\u00e1lis eszk\u00f6z\u00f6k \u00e9s a [&hellip;]<\/p>\n","protected":false},"author":1,"featured_media":3764,"parent":0,"menu_order":0,"comment_status":"closed","ping_status":"closed","template":"template-parts\/pfe-trade.php","meta":{"_acf_changed":false,"inline_featured_image":false,"footnotes":""},"class_list":["post-648","page","type-page","status-publish","has-post-thumbnail","hentry"],"acf":[],"_links":{"self":[{"href":"https:\/\/pfe-trade.com\/hu\/wp-json\/wp\/v2\/pages\/648","targetHints":{"allow":["GET"]}}],"collection":[{"href":"https:\/\/pfe-trade.com\/hu\/wp-json\/wp\/v2\/pages"}],"about":[{"href":"https:\/\/pfe-trade.com\/hu\/wp-json\/wp\/v2\/types\/page"}],"author":[{"embeddable":true,"href":"https:\/\/pfe-trade.com\/hu\/wp-json\/wp\/v2\/users\/1"}],"replies":[{"embeddable":true,"href":"https:\/\/pfe-trade.com\/hu\/wp-json\/wp\/v2\/comments?post=648"}],"version-history":[{"count":193,"href":"https:\/\/pfe-trade.com\/hu\/wp-json\/wp\/v2\/pages\/648\/revisions"}],"predecessor-version":[{"id":4572,"href":"https:\/\/pfe-trade.com\/hu\/wp-json\/wp\/v2\/pages\/648\/revisions\/4572"}],"wp:featuredmedia":[{"embeddable":true,"href":"https:\/\/pfe-trade.com\/hu\/wp-json\/wp\/v2\/media\/3764"}],"wp:attachment":[{"href":"https:\/\/pfe-trade.com\/hu\/wp-json\/wp\/v2\/media?parent=648"}],"curies":[{"name":"wp","href":"https:\/\/api.w.org\/{rel}","templated":true}]}}