{"id":487,"date":"2021-12-17T12:27:34","date_gmt":"2021-12-17T12:27:34","guid":{"rendered":"https:\/\/meine-geranien.de\/hu\/?page_id=487"},"modified":"2024-09-24T14:46:02","modified_gmt":"2024-09-24T12:46:02","slug":"impresszum","status":"publish","type":"page","link":"https:\/\/pfe-trade.com\/hu\/impresszum\/","title":{"rendered":"Impresszum"},"content":{"rendered":"<div class=\"wpb-content-wrapper\"><p>[vc_row][vc_column][vc_custom_heading text=&#8221;\u00c1ltal\u00e1nos Adatv\u00e9delmi Szab\u00e1lyzat&#8221; use_theme_fonts=&#8221;yes&#8221;][vc_column_text]A n\u00e9met t\u00f6rv\u00e9nyek \u00e9rtelm\u00e9ben a weboldal minden tartalm\u00e1\u00e9rt felel\u0151s a:[\/vc_column_text][vc_column_text css=&#8221;&#8221;]Pelargonium for Europe GbR<br \/>\nc\/o Zentralverband Gartenbau<br \/>\nBornheimerstra\u00dfe 37<br \/>\n53111 Bonn<br \/>\nGermany<br \/>\n\u00dcgyvezet\u0151 igazgat\u00f3: Leendert Hoogendoorn Eur\u00f3pai projektvezet\u0151: Dr. Susanne Lux[\/vc_column_text][vc_column_text]Telefon: + 49 2644 981333<br \/>\nEmail: susanne.lux(at)meclux.de[\/vc_column_text][vc_column_text]VAT ID: DE815617238<br \/>\nTax number: 206\/5802\/0875<br \/>\n[\/vc_column_text][vc_custom_heading text=&#8221;Nyilatkozat&#8221; use_theme_fonts=&#8221;yes&#8221;][vc_column_text]A rekl\u00e1mkamp\u00e1ny tartalma kiz\u00e1r\u00f3lag a szerz\u0151 n\u00e9zeteit t\u00fckr\u00f6zi, \u00e9s kiz\u00e1r\u00f3lag az \u0151 felel\u0151ss\u00e9ge. Az Eur\u00f3pai Bizotts\u00e1g \u00e9s az Eur\u00f3pai Kutat\u00e1si V\u00e9grehajt\u00f3 \u00dcgyn\u00f6ks\u00e9g (REA) semmilyen felel\u0151ss\u00e9get nem v\u00e1llal az itt k\u00f6z\u00f6lt inform\u00e1ci\u00f3k b\u00e1rminem\u0171 \u00fajrafelhaszn\u00e1l\u00e1s\u00e1\u00e9rt.[\/vc_column_text][\/vc_column][\/vc_row]<\/p><\/div><div class=\"acf-fields-container\" data-post-id=\"487\" data-canto-acf=\"true\"><\/div><style>\r\n        .acf-fields-container {\r\n            margin: 2em 0;\r\n            width: 100%;\r\n            clear: both;\r\n        }\r\n        .acf-field-image {\r\n            margin: 1.5em 0;\r\n            position: relative;\r\n        }\r\n        .acf-field-label {\r\n            margin-bottom: 1em;\r\n        }\r\n        .acf-image {\r\n            max-width: 100%;\r\n            height: auto;\r\n            display: block;\r\n            margin: 1em 0;\r\n        }\r\n    <\/style>","protected":false},"excerpt":{"rendered":"<p>[vc_row][vc_column][vc_custom_heading text=&#8221;\u00c1ltal\u00e1nos Adatv\u00e9delmi Szab\u00e1lyzat&#8221; use_theme_fonts=&#8221;yes&#8221;][vc_column_text]A n\u00e9met t\u00f6rv\u00e9nyek \u00e9rtelm\u00e9ben a weboldal minden tartalm\u00e1\u00e9rt felel\u0151s a:[\/vc_column_text][vc_column_text css=&#8221;&#8221;]Pelargonium for Europe GbR c\/o Zentralverband Gartenbau Bornheimerstra\u00dfe 37 53111 Bonn Germany \u00dcgyvezet\u0151 igazgat\u00f3: Leendert Hoogendoorn Eur\u00f3pai projektvezet\u0151: Dr. Susanne Lux[\/vc_column_text][vc_column_text]Telefon: + 49 2644 981333 Email: susanne.lux(at)meclux.de[\/vc_column_text][vc_column_text]VAT ID: DE815617238 Tax number: 206\/5802\/0875 [\/vc_column_text][vc_custom_heading text=&#8221;Nyilatkozat&#8221; use_theme_fonts=&#8221;yes&#8221;][vc_column_text]A rekl\u00e1mkamp\u00e1ny tartalma kiz\u00e1r\u00f3lag a szerz\u0151 n\u00e9zeteit [&hellip;]<\/p>\n","protected":false},"author":1,"featured_media":0,"parent":0,"menu_order":0,"comment_status":"closed","ping_status":"closed","template":"","meta":{"_acf_changed":false,"inline_featured_image":false,"footnotes":""},"class_list":["post-487","page","type-page","status-publish","hentry"],"acf":[],"_links":{"self":[{"href":"https:\/\/pfe-trade.com\/hu\/wp-json\/wp\/v2\/pages\/487","targetHints":{"allow":["GET"]}}],"collection":[{"href":"https:\/\/pfe-trade.com\/hu\/wp-json\/wp\/v2\/pages"}],"about":[{"href":"https:\/\/pfe-trade.com\/hu\/wp-json\/wp\/v2\/types\/page"}],"author":[{"embeddable":true,"href":"https:\/\/pfe-trade.com\/hu\/wp-json\/wp\/v2\/users\/1"}],"replies":[{"embeddable":true,"href":"https:\/\/pfe-trade.com\/hu\/wp-json\/wp\/v2\/comments?post=487"}],"version-history":[{"count":15,"href":"https:\/\/pfe-trade.com\/hu\/wp-json\/wp\/v2\/pages\/487\/revisions"}],"predecessor-version":[{"id":4504,"href":"https:\/\/pfe-trade.com\/hu\/wp-json\/wp\/v2\/pages\/487\/revisions\/4504"}],"wp:attachment":[{"href":"https:\/\/pfe-trade.com\/hu\/wp-json\/wp\/v2\/media?parent=487"}],"curies":[{"name":"wp","href":"https:\/\/api.w.org\/{rel}","templated":true}]}}