{"id":655,"date":"2021-12-27T18:24:59","date_gmt":"2021-12-27T18:24:59","guid":{"rendered":"https:\/\/meine-geranien.de\/hr\/?page_id=655"},"modified":"2025-12-22T08:43:39","modified_gmt":"2025-12-22T07:43:39","slug":"producers","status":"publish","type":"page","link":"https:\/\/pfe-trade.com\/hr\/producers\/","title":{"rendered":"Producers"},"content":{"rendered":"<div class=\"wpb-content-wrapper\"><p>[vc_row][vc_column][vc_custom_heading text=&#8221;Uz na\u0161u podr\u0161ku mo\u017eete prodati vi\u0161e pelargonija&#8221; font_container=&#8221;tag:h2|text_align:center&#8221; use_theme_fonts=&#8221;yes&#8221; el_class=&#8221;pfe-small2&#8243; el_id=&#8221;vi-proizvodite&#8221;][vc_column_text]<\/p>\n<p style=\"text-align: center;\">Svake godine dopiremo do milijuna potro\u0161a\u010da s na\u0161im velikim PR i marketin\u0161kim kampanjama, promoviraju\u0107i va\u0161 proizvod izravno krajnjim potro\u0161a\u010dima. Ovdje mo\u017eete saznati vi\u0161e o tome \u0161to radimo za vas i kako vi osobno mo\u017eete imati koristi od na\u0161eg rada, bilo kao stru\u010dnjak pozvan za intervjue za medije ili kori\u0161tenjem na\u0161ih fotografija, pisanog sadr\u017eaja i videozapisa.<\/p>\n<p>[\/vc_column_text][\/vc_column][\/vc_row][vc_row el_class=&#8221;pfe-flexibel-abstand&#8221;][vc_column][vc_empty_space height=&#8221;50px&#8221;][\/vc_column][\/vc_row][vc_row][vc_column width=&#8221;1\/2&#8243;][vc_single_image image=&#8221;3768&#8243; img_size=&#8221;full&#8221;][\/vc_column][vc_column width=&#8221;1\/2&#8243;][vc_custom_heading text=&#8221;Inspiracija za potro\u0161a\u010de&#8221; use_theme_fonts=&#8221;yes&#8221; el_class=&#8221;pfe-small2&#8243;][vc_column_text]<\/p>\n<p style=\"text-align: left;\">Na\u0161a \u0161iroko rasprostranjena kampanja za potro\u0161a\u010de usmjerena je na promicanje prednosti pelargonija koje se lako odr\u017eavaju, podizanje svijesti i motiviranje vi\u0161e ljudi da kupe va\u0161e biljke. Donosimo pelargonije na TV i radio, gradimo partnerstva s uglednim utjecajnim osobama, pelargonije su predstavljene u naj\u010ditanijim novinama i magazinima, a zauzimaju svjetla reflektora na festivalima i doga\u0111anjima. Kako biste vidjeli \u0161to je postignuto u va\u0161oj zemlji, pro\u010ditajte na\u0161 najnoviji godi\u0161nji pregled ili se prijavite na na\u0161e newslettere.<\/p>\n<p>[\/vc_column_text][vc_column_text]<a href=\"https:\/\/us18.campaign-archive.com\/home\/?u=134b7d583f28b28e232f5f377&amp;id=1e2185f037\">Pogledajte prethodne godi\u0161nje preglede &gt;&gt;<\/a><br \/>\n<a href=\"https:\/\/pelargoniumforeurope.us18.list-manage.com\/subscribe?u=134b7d583f28b28e232f5f377&amp;id=1e2185f037\"><br \/>\nPretplatite se na newsletter &gt;&gt;<\/a>[\/vc_column_text][\/vc_column][\/vc_row][vc_row el_class=&#8221;pfe-flexibel-abstand&#8221;][vc_column][vc_empty_space height=&#8221;50px&#8221;][\/vc_column][\/vc_row][vc_row][vc_column width=&#8221;1\/2&#8243;][vc_custom_heading text=&#8221;Prilike za suradnju&#8221; use_theme_fonts=&#8221;yes&#8221; el_class=&#8221;pfe-small2&#8243;][vc_column_text]Donosimo priliku proizvo\u0111a\u010dima da aktivno sudjeluju u PfE i otkriju nove mogu\u0107nosti. Biste li \u017eeljeli da va\u0161 rasadnik bude predstavljen na TV-u u udarnom terminu, da vas intervjuiraju na regionalnom radiju, da va\u0161e biljke budu prikazane na vrhunskim svjetskim izlo\u017ebama o vrtovima i da razvijete mre\u017ee s drugim klju\u010dnim igra\u010dima u industriji? Javite nam se, uvijek rado gradimo nove odnose s uzgajiva\u010dima.[\/vc_column_text][vc_column_text]<a href=\"https:\/\/pfe-trade.com\/hr\/kontakt\/?location=hr\">Kontaktirajte ured PfE u mojoj zemlji &gt;&gt;<\/a>[\/vc_column_text][\/vc_column][vc_column width=&#8221;1\/2&#8243;][vc_single_image image=&#8221;3771&#8243; img_size=&#8221;full&#8221;][\/vc_column][\/vc_row][vc_row el_class=&#8221;pfe-flexibel-abstand&#8221;][vc_column][vc_empty_space height=&#8221;50px&#8221;][\/vc_column][\/vc_row][vc_row][vc_column width=&#8221;1\/2&#8243;][vc_single_image image=&#8221;3769&#8243; img_size=&#8221;full&#8221;][\/vc_column][vc_column width=&#8221;1\/2&#8243;][vc_custom_heading text=&#8221;Resursi za va\u0161e klijente&#8221; use_theme_fonts=&#8221;yes&#8221; el_class=&#8221;pfe-small2&#8243;][vc_column_text]Putem na\u0161e kampanje mo\u017eete pru\u017eiti dodatnu podr\u0161ku svojim klijentima i kontaktima u industriji. Nudimo niz alata od kojih va\u0161i maloprodajni kupci mogu imati koristi. To uklju\u010duje marketin\u0161ke savjete, video materijale, POS materijale i opse\u017enu galeriju fotografija. Dobrodo\u0161li ste podijeliti na\u0161e resurse sa svojim klijentima i kontaktima te ih sami koristiti.[\/vc_column_text][vc_column_text]<a href=\"https:\/\/pfe-trade.com\/hr\/trgovci-na-malo\/\">Pogledajte resurse za trgovce &gt;&gt;<\/a>[\/vc_column_text][\/vc_column][\/vc_row][vc_row el_class=&#8221;pfe-flexibel-abstand&#8221;][vc_column][vc_empty_space height=&#8221;50px&#8221;][\/vc_column][\/vc_row][vc_row][vc_column width=&#8221;1\/2&#8243;][vc_custom_heading text=&#8221;Razmjena znanja&#8221; use_theme_fonts=&#8221;yes&#8221; el_class=&#8221;pfe-small2&#8243;][vc_column_text]Jeste li zainteresirani za u\u010denje novih vrijednih spoznaja o svojoj industriji? PfE provodi razli\u010dite oblike istra\u017eivanja, od analize potro\u0161a\u010dkog tr\u017ei\u0161ta do anketa o proizvodnim metodama i odr\u017eivosti. Planiramo pro\u0161iriti ovaj put u budu\u0107nosti, promi\u010du\u0107i razmjenu znanja me\u0111u proizvo\u0111a\u010dima. Kontaktirajte nas kako biste postali dio na\u0161e mre\u017ee i pretplatite se na na\u0161e newslettere kako biste bili u tijeku.[\/vc_column_text][vc_column_text]<a href=\"https:\/\/pfe-trade.com\/hr\/kontakt\/?location=hr\">Prona\u0111ite osobu za kontakt u mojoj zemlji &gt;&gt;<\/a><\/p>\n<p><a href=\"https:\/\/pelargoniumforeurope.us18.list-manage.com\/subscribe?u=134b7d583f28b28e232f5f377&amp;id=1e2185f037\">Pretplatite se na newsletter &gt;&gt;<\/a>[\/vc_column_text][\/vc_column][vc_column width=&#8221;1\/2&#8243;][vc_single_image image=&#8221;3773&#8243; img_size=&#8221;full&#8221;][\/vc_column][\/vc_row][vc_row el_class=&#8221;pfe-flexibel-abstand&#8221;][vc_column][vc_empty_space height=&#8221;50px&#8221;][\/vc_column][\/vc_row][vc_row][vc_column][vc_custom_heading text=&#8221;Svjedo\u010danstva struke&#8221; use_theme_fonts=&#8221;yes&#8221; el_class=&#8221;pfe-small&#8221;][vc_row_inner][vc_column_inner el_class=&#8221;ho&#8221; width=&#8221;1\/4&#8243;][vc_column_text]<strong>Anna Kaszewiak, stru\u010dnjakinja za industriju u Broniszeu, najve\u0107em veleprodajnom tr\u017ei\u0161tu u Poljskoj<\/strong><br \/>\n\u201eKampanja Pelargonium for Europe za nas je prava stvar. Zahvaljuju\u0107i prekrasnim materijalima koje je PfE stavio na raspolaganje, prosje\u010dni potro\u0161a\u010d ima priliku nau\u010diti osnovna pravila uzgoja i njege ove nevjerojatne i vrlo dugo cvjetaju\u0107e biljke. PfE-ovi \u017eivopisni letci, prepuni informacija i inspiracije, odli\u010dan su alat za vrtlare po\u010detnike. Zahvaljuju\u0107i njima na\u0161i kupci znaju kako se brinuti o njima i kako ih kombinirati s drugim biljkama.\u201d[\/vc_column_text][\/vc_column_inner][vc_column_inner width=&#8221;1\/4&#8243;][vc_column_text]<strong>Reiner H\u00f6pken, vlasnik trgovine i predsjednik Bundesverband Einzelhandelsgaertner (udruga maloprodajnih vrtlara) u Njema\u010dkoj<\/strong><br \/>\n\u201eReklamni materijal za pelargonije odaje radost \u017eivljenja, ali i prikazuje raznolikost boja i oblika pelargonija, \u0161to je te\u0161ko do\u010darati bez ovog materijala. Osobno smatram da su veliki plakati, zastave i stropne reklame korisni u maloprodajnom okru\u017eenju.\u201d[\/vc_column_text][\/vc_column_inner][vc_column_inner width=&#8221;1\/4&#8243;][vc_column_text]<strong>Monika Burket &#8211; predsjednica Austrijske veletrgovine cvije\u0107em u Saveznoj gospodarskoj komori Austrije<\/strong><br \/>\n&#8220;Kako bismo promovirali prekrasnu raznolikost pelargonija, koristimo privla\u010dne fotografije i tekstove PfE-a u POS materijalima. To nam poma\u017ee da se pove\u017eemo s potro\u0161a\u010dima i medijima te prenesemo svu rasko\u0161 ove biljke. Pru\u017eanje POS materijala postalo je klju\u010dno za veletrgovce cvije\u0107em, jer se na taj na\u010din poma\u017ee trgovcima u promoviranju pelargonija. Zahvaljuju\u0107i PfE timu i na\u0161im europskim partnerima, uspje\u0161ni smo u promoviranju ove prekrasne biljke.&#8221;[\/vc_column_text][\/vc_column_inner][vc_column_inner width=&#8221;1\/4&#8221;][vc_column_text]<strong>Maria Lundgren &#8211; uzgajiva\u010dica u Arvidssons I Fj\u00e4r\u00e5s u \u0160vedskoj<\/strong><br \/>\n&#8220;PfE je vrlo zaslu\u017ean za pove\u0107anu promociju pelargonija. Omogu\u0107uje osjetno pove\u0107anu pozornost i prodaju zahvaljuju\u0107i finom slikovnom materijalu i priop\u0107enjima za medije koja se \u0161alju. Zahvaljuju\u0107i inspirativnom materijalu, \u010desto se taj materijal dijeli kroz tiskane medije &#8211; jer nije uvijek jednostavno prikazati prekrasne terase i balkone. Tako\u0111er je dobro za nas uzgajiva\u010de da mo\u017eemo koristiti slike za inspirativnu signalizaciju na\u0161im kupcima u trgovinama. To je velika pomo\u0107 u zajedni\u010dkom marketingu.&#8221;[\/vc_column_text][\/vc_column_inner][\/vc_row_inner][\/vc_column][\/vc_row][vc_row el_class=&#8221;pfe-flexibel-abstand&#8221;][vc_column][vc_empty_space height=&#8221;50px&#8221;][\/vc_column][\/vc_row][vc_row el_class=&#8221;pfe-greenborderbox&#8221;][vc_column width=&#8221;2\/3&#8243;][vc_single_image image=&#8221;3772&#8243; img_size=&#8221;full&#8221;][\/vc_column][vc_column width=&#8221;1\/3&#8243;][vc_custom_heading text=&#8221;Jeste li proizvo\u0111a\u010d?&#8221; use_theme_fonts=&#8221;yes&#8221; el_class=&#8221;pfe-small&#8221;][vc_column_text css=&#8221;&#8221;]Ako uzgajate pelargonije i \u017eelite se uklju\u010diti u akciju, javite se.<\/p>\n<p>Menad\u017eer komunikacija<br \/>\nPelargonium for Europe<br \/>\nHelena Ebrahimi<br \/>\nEmail: <a href=\"mailto:Helena@greenmarketingeurope.eu\">Helena@greenmarketingeurope.eu<\/a>[\/vc_column_text][vc_column_text]<a href=\"https:\/\/pfe-trade.com\/hr\/kontakt\/?location=hr\">Prona\u0111ite osobu za kontakt u mojoj zemlji &gt;&gt;<\/a>[\/vc_column_text][\/vc_column][\/vc_row]<\/p><\/div><div class=\"acf-fields-container\" data-post-id=\"655\" data-canto-acf=\"true\"><\/div><style>\r\n        .acf-fields-container {\r\n            margin: 2em 0;\r\n            width: 100%;\r\n            clear: both;\r\n        }\r\n        .acf-field-image {\r\n            margin: 1.5em 0;\r\n            position: relative;\r\n        }\r\n        .acf-field-label {\r\n            margin-bottom: 1em;\r\n        }\r\n        .acf-image {\r\n            max-width: 100%;\r\n            height: auto;\r\n            display: block;\r\n            margin: 1em 0;\r\n        }\r\n    <\/style>","protected":false},"excerpt":{"rendered":"<p>[vc_row][vc_column][vc_custom_heading text=&#8221;Uz na\u0161u podr\u0161ku mo\u017eete prodati vi\u0161e pelargonija&#8221; font_container=&#8221;tag:h2|text_align:center&#8221; use_theme_fonts=&#8221;yes&#8221; el_class=&#8221;pfe-small2&#8243; el_id=&#8221;vi-proizvodite&#8221;][vc_column_text] Svake godine dopiremo do milijuna potro\u0161a\u010da s na\u0161im velikim PR i marketin\u0161kim kampanjama, promoviraju\u0107i va\u0161 proizvod izravno krajnjim potro\u0161a\u010dima. Ovdje mo\u017eete saznati vi\u0161e o tome \u0161to radimo za vas i kako vi osobno mo\u017eete imati koristi od na\u0161eg rada, bilo kao stru\u010dnjak pozvan [&hellip;]<\/p>\n","protected":false},"author":1,"featured_media":3774,"parent":0,"menu_order":0,"comment_status":"closed","ping_status":"closed","template":"template-parts\/pfe-trade.php","meta":{"_acf_changed":false,"inline_featured_image":false,"footnotes":""},"class_list":["post-655","page","type-page","status-publish","has-post-thumbnail","hentry"],"acf":[],"_links":{"self":[{"href":"https:\/\/pfe-trade.com\/hr\/wp-json\/wp\/v2\/pages\/655","targetHints":{"allow":["GET"]}}],"collection":[{"href":"https:\/\/pfe-trade.com\/hr\/wp-json\/wp\/v2\/pages"}],"about":[{"href":"https:\/\/pfe-trade.com\/hr\/wp-json\/wp\/v2\/types\/page"}],"author":[{"embeddable":true,"href":"https:\/\/pfe-trade.com\/hr\/wp-json\/wp\/v2\/users\/1"}],"replies":[{"embeddable":true,"href":"https:\/\/pfe-trade.com\/hr\/wp-json\/wp\/v2\/comments?post=655"}],"version-history":[{"count":147,"href":"https:\/\/pfe-trade.com\/hr\/wp-json\/wp\/v2\/pages\/655\/revisions"}],"predecessor-version":[{"id":4589,"href":"https:\/\/pfe-trade.com\/hr\/wp-json\/wp\/v2\/pages\/655\/revisions\/4589"}],"wp:featuredmedia":[{"embeddable":true,"href":"https:\/\/pfe-trade.com\/hr\/wp-json\/wp\/v2\/media\/3774"}],"wp:attachment":[{"href":"https:\/\/pfe-trade.com\/hr\/wp-json\/wp\/v2\/media?parent=655"}],"curies":[{"name":"wp","href":"https:\/\/api.w.org\/{rel}","templated":true}]}}