{"id":653,"date":"2021-12-27T18:24:39","date_gmt":"2021-12-27T17:24:39","guid":{"rendered":"https:\/\/meine-geranien.de\/hr\/?page_id=653"},"modified":"2025-02-27T09:27:46","modified_gmt":"2025-02-27T08:27:46","slug":"trgovci-na-malo","status":"publish","type":"page","link":"https:\/\/pfe-trade.com\/hr\/trgovci-na-malo\/","title":{"rendered":"Trgovci na malo"},"content":{"rendered":"<div class=\"wpb-content-wrapper\"><p>[vc_row][vc_column][vc_custom_heading text=&#8221;Prodajete pelargonije? Mo\u017eemo vam pomo\u0107i pove\u0107ati promet.&#8221; font_container=&#8221;tag:h2|text_align:center&#8221; use_theme_fonts=&#8221;yes&#8221; el_class=&#8221;pfe-small2&#8243; el_id=&#8221;prodajete&#8221;][vc_column_text]<\/p>\n<p style=\"text-align: center\">Nudimo stru\u010dne prodajne i marketin\u0161ke savjete uz resurse kao \u0161to su materijali na prodajnom mjestu, besplatne profesionalne fotografije, pisani sadr\u017eaj i videozapisi \u2013 sve kako bismo pove\u0107ali va\u0161u prodaju. Slobodno koristite na\u0161 sadr\u017eaj za vlastiti marketing, kako biste oja\u010dali lojalnost kupaca i pokazali svoju stru\u010dnost u hortikulturi.<\/p>\n<p>[\/vc_column_text][\/vc_column][\/vc_row][vc_row el_class=&#8221;pfe-flexibel-abstand&#8221;][vc_column][vc_empty_space height=&#8221;50px&#8221;][\/vc_column][\/vc_row][vc_row][vc_column width=&#8221;1\/2&#8243;][vc_custom_heading text=&#8221;Stvorite dodatni poticaj na va\u0161em prodajnom mjestu&#8221; use_theme_fonts=&#8221;yes&#8221; el_class=&#8221;pfe-small&#8221;][vc_column_text]Privucite pa\u017enju svojih kupaca i potaknite impulzivnu kupnju na samom prodajnom mjestu u trgovini ili na internetu. Nudimo \u0161irok raspon materijala od postera, transparenata i letaka za njegu do digitalnih izvora kao \u0161to su objave na dru\u0161tvenim mre\u017eama i zaglavlja web stranica. Dostupno je za naru\u010divanje, ispis, dijeljenje i izlaganje u trgovini.[\/vc_column_text][vc_column_text]<a href=\"https:\/\/pfe-trade.com\/hr\/pos-materijali\/\">Otkrijte POS materijal &gt;&gt;<\/a>[\/vc_column_text][\/vc_column][vc_column width=&#8221;1\/2&#8243;][vc_single_image image=&#8221;4360&#8243; img_size=&#8221;full&#8221;][\/vc_column][\/vc_row][vc_row el_class=&#8221;pfe-flexibel-abstand&#8221;][vc_column][vc_empty_space height=&#8221;50px&#8221;][\/vc_column][\/vc_row][vc_row][vc_column width=&#8221;1\/2&#8243;][vc_single_image image=&#8221;3790&#8243; img_size=&#8221;full&#8221;][\/vc_column][vc_column width=&#8221;1\/2&#8243;][vc_custom_heading text=&#8221;Video materijali o pelargonijama za va\u0161e klijente&#8221; use_theme_fonts=&#8221;yes&#8221; el_class=&#8221;pfe-small2&#8243;][vc_column_text]Na na\u0161em YouTube kanalu prona\u0107i \u0107ete niz videozapisa o pelargonijama koji prikazuju savjete za njegu, ideje za dizajn i DIY projekte za vrtove, terase i balkone. Mo\u017eete ih upotrijebiti za privla\u010denje kupaca i poticanje online anga\u017emana dijeljenjem na vlastitim dru\u0161tvenim kanalima, pa \u010dak i ugradnjom na svoju web stranicu ili prikazivanjem u trgovini \u2013 stvaraju\u0107i trenuta\u010dni impuls prodaje.[\/vc_column_text][vc_column_text]<a href=\"https:\/\/www.youtube.com\/channel\/UCejEV0-sDobAJg0L498sL0g\">Otkrijte videozapise &gt;&gt;<\/a>[\/vc_column_text][\/vc_column][\/vc_row][vc_row el_class=&#8221;pfe-flexibel-abstand&#8221;][vc_column][vc_empty_space height=&#8221;50px&#8221;][\/vc_column][\/vc_row][vc_row][vc_column width=&#8221;1\/2&#8243;][vc_custom_heading text=&#8221;Novosti za poslovne partnere&#8221; use_theme_fonts=&#8221;yes&#8221; el_class=&#8221;pfe-small2&#8243;][vc_column_text]Redovito \u0161aljemo najnovija priop\u0107enja poslovnim partnerima, dijele\u0107i ponude i vijesti o kampanji, kao i savjete struci za marketing, prodaju i njegu pelargonija. Ovdje prona\u0111ite na\u0161a priop\u0107enja.[\/vc_column_text][vc_column_text el_id=&#8221;objave-za-medije&#8221;]<a href=\"https:\/\/pelargonium-for-europe.com\/hr\/objave-za-medije\/\">Najnovije objave za medije &gt;&gt;<\/a>[\/vc_column_text][\/vc_column][vc_column width=&#8221;1\/2&#8243;][vc_single_image image=&#8221;4359&#8243; img_size=&#8221;full&#8221;][\/vc_column][\/vc_row][vc_row el_class=&#8221;pfe-flexibel-abstand&#8221;][vc_column][vc_empty_space height=&#8221;50px&#8221;][\/vc_column][\/vc_row][vc_row][vc_column width=&#8221;1\/2&#8243;][vc_single_image image=&#8221;3788&#8243; img_size=&#8221;full&#8221;][\/vc_column][vc_column width=&#8221;1\/2&#8243;][vc_custom_heading text=&#8221;Besplatne fotografije za va\u0161 marketing&#8221; use_theme_fonts=&#8221;yes&#8221; el_class=&#8221;pfe-small2&#8243;][vc_column_text]Svake godine proizvodimo \u0161irok raspon visokokvalitetnih fotografija koje prikazuju pelargonije s vrtnim i balkonskim trendovima, DIY projekte, ideje za darove, ukrase za stolove, krupne planove biljaka i jo\u0161 mnogo toga. Na\u0161e slike mo\u017eete besplatno koristiti za promicanje vlastite prodaje. Podijelite ih na svojim dru\u0161tvenim kanalima i web-stranicama, upotrijebite ih za vlastiti PR i medijsku komunikaciju ili izradite vlastite materijale za prodajna mjesta poput postera i letaka. Otkrijte na\u0161u opse\u017enu biblioteku slika sa stotinama fotografija u raznim stilovima, nude\u0107i pone\u0161to za sva\u010diji ukus.[\/vc_column_text][vc_column_text css=&#8221;&#8221;]<a href=\"https:\/\/pelargonium-poinsettia.canto.global\/v\/pfehr\/allfiles?viewIndex=0\" target=\"_blank\" rel=\"noopener\">Otkrijte galeriju slika &gt;&gt;<\/a>[\/vc_column_text][\/vc_column][\/vc_row][vc_row el_class=&#8221;pfe-flexibel-abstand&#8221;][vc_column][vc_empty_space height=&#8221;50px&#8221;][\/vc_column][\/vc_row][vc_row][vc_column width=&#8221;1\/2&#8243;][vc_custom_heading text=&#8221;Inspiracije za ogla\u0161avanje prema potro\u0161a\u010dima&#8221; use_theme_fonts=&#8221;yes&#8221; el_class=&#8221;pfe-small2&#8243;][vc_column_text]Ako ste \u010desto u potrazi za svje\u017eim idejama kada reklamirate svoje poslovanje &#8211; bilo da je rije\u010d o sadr\u017eaju za dru\u0161tvene medije, blogove, va\u0161 vlastiti PR i vi\u0161e, tu smo da vam pomognemo. Provodimo opse\u017enu kampanju za promociju prema potro\u0161a\u010dima koju vode stru\u010dnjaci za odnose s javno\u0161\u0107u diljem Europe, pa za\u0161to ne biste iskoristili na\u0161 sadr\u017eaj kao polaznu to\u010dku za svoj vlastitu kampanju? Provjerite na\u0161e blogove i priop\u0107enja za javnost namjenjena potro\u0161a\u010dima, pregledajte na\u0161u galeriju slika i posjetite na\u0161e Instagram, Pinterest i Facebook stranice. Slobodno kopirajte, prilago\u0111avajte i u\u017eivajte u na\u0161em sadr\u017eaju![\/vc_column_text][vc_column_text]<a href=\"https:\/\/pelargonium-for-europe.com\/hr\/\">Posjetite rubriku za potro\u0161a\u010de &gt;&gt;<\/a>[\/vc_column_text][\/vc_column][vc_column width=&#8221;1\/2&#8243;][vc_single_image image=&#8221;4358&#8243; img_size=&#8221;full&#8221;][\/vc_column][\/vc_row][vc_row el_class=&#8221;pfe-flexibel-abstand&#8221;][vc_column][vc_empty_space height=&#8221;50px&#8221;][\/vc_column][\/vc_row][vc_row][vc_column width=&#8221;1\/2&#8243;][vc_single_image image=&#8221;3784&#8243; img_size=&#8221;full&#8221;][\/vc_column][vc_column width=&#8221;1\/2&#8243;][vc_custom_heading text=&#8221;Kontaktirajte nas i saznajte vi\u0161e&#8221; use_theme_fonts=&#8221;yes&#8221; el_class=&#8221;pfe-small2&#8243;][vc_column_text]Prodajete li pelargonije iz vrtnog centra, cvje\u0107arnice ili nekog outlet oblika maloprodaje? Mo\u017eemo vas podr\u017eati. Javite se. Radujemo se va\u0161em odgovoru![\/vc_column_text][vc_column_text]<a href=\"https:\/\/pfe-trade.com\/hr\/kontakt\/\">Kontakt &gt;&gt;<\/a>[\/vc_column_text][\/vc_column][\/vc_row]<\/p><\/div><div class=\"acf-fields-container\" data-post-id=\"653\" data-canto-acf=\"true\"><\/div><style>\r\n        .acf-fields-container {\r\n            margin: 2em 0;\r\n            width: 100%;\r\n            clear: both;\r\n        }\r\n        .acf-field-image {\r\n            margin: 1.5em 0;\r\n            position: relative;\r\n        }\r\n        .acf-field-label {\r\n            margin-bottom: 1em;\r\n        }\r\n        .acf-image {\r\n            max-width: 100%;\r\n            height: auto;\r\n            display: block;\r\n            margin: 1em 0;\r\n        }\r\n    <\/style>","protected":false},"excerpt":{"rendered":"<p>[vc_row][vc_column][vc_custom_heading text=&#8221;Prodajete pelargonije? Mo\u017eemo vam pomo\u0107i pove\u0107ati promet.&#8221; font_container=&#8221;tag:h2|text_align:center&#8221; use_theme_fonts=&#8221;yes&#8221; el_class=&#8221;pfe-small2&#8243; el_id=&#8221;prodajete&#8221;][vc_column_text] Nudimo stru\u010dne prodajne i marketin\u0161ke savjete uz resurse kao \u0161to su materijali na prodajnom mjestu, besplatne profesionalne fotografije, pisani sadr\u017eaj i videozapisi \u2013 sve kako bismo pove\u0107ali va\u0161u prodaju. Slobodno koristite na\u0161 sadr\u017eaj za vlastiti marketing, kako biste oja\u010dali lojalnost kupaca i pokazali [&hellip;]<\/p>\n","protected":false},"author":1,"featured_media":3787,"parent":0,"menu_order":0,"comment_status":"closed","ping_status":"closed","template":"template-parts\/pfe-trade.php","meta":{"_acf_changed":false,"inline_featured_image":false,"footnotes":""},"class_list":["post-653","page","type-page","status-publish","has-post-thumbnail","hentry"],"acf":[],"_links":{"self":[{"href":"https:\/\/pfe-trade.com\/hr\/wp-json\/wp\/v2\/pages\/653","targetHints":{"allow":["GET"]}}],"collection":[{"href":"https:\/\/pfe-trade.com\/hr\/wp-json\/wp\/v2\/pages"}],"about":[{"href":"https:\/\/pfe-trade.com\/hr\/wp-json\/wp\/v2\/types\/page"}],"author":[{"embeddable":true,"href":"https:\/\/pfe-trade.com\/hr\/wp-json\/wp\/v2\/users\/1"}],"replies":[{"embeddable":true,"href":"https:\/\/pfe-trade.com\/hr\/wp-json\/wp\/v2\/comments?post=653"}],"version-history":[{"count":117,"href":"https:\/\/pfe-trade.com\/hr\/wp-json\/wp\/v2\/pages\/653\/revisions"}],"predecessor-version":[{"id":4556,"href":"https:\/\/pfe-trade.com\/hr\/wp-json\/wp\/v2\/pages\/653\/revisions\/4556"}],"wp:featuredmedia":[{"embeddable":true,"href":"https:\/\/pfe-trade.com\/hr\/wp-json\/wp\/v2\/media\/3787"}],"wp:attachment":[{"href":"https:\/\/pfe-trade.com\/hr\/wp-json\/wp\/v2\/media?parent=653"}],"curies":[{"name":"wp","href":"https:\/\/api.w.org\/{rel}","templated":true}]}}