{"id":655,"date":"2021-12-27T18:24:59","date_gmt":"2021-12-27T18:24:59","guid":{"rendered":"https:\/\/meine-geranien.de\/fr\/?page_id=655"},"modified":"2025-12-22T08:42:34","modified_gmt":"2025-12-22T07:42:34","slug":"producteurs","status":"publish","type":"page","link":"https:\/\/pfe-trade.com\/fr\/producteurs\/","title":{"rendered":"Producteurs"},"content":{"rendered":"<div class=\"wpb-content-wrapper\"><p>[vc_row][vc_column][vc_custom_heading text=&#8221;Avec notre aide, boostez vos ventes de g\u00e9raniums&#8221; font_container=&#8221;tag:h2|text_align:center&#8221; use_theme_fonts=&#8221;yes&#8221; el_class=&#8221;pfe-small2&#8243; el_id=&#8221;ventes-de-geraniums&#8221;][vc_column_text]<\/p>\n<p style=\"text-align: center;\">Chaque ann\u00e9e, nous touchons des millions de consommateurs avec nos communiqu\u00e9s de presse et nos campagnes marketing \u00e0 grande \u00e9chelle, qui font directement la promotion de vos produits aupr\u00e8s du consommateur final. Retrouvez ici en d\u00e9tails ce que nous faisons pour vous et les atouts direct pour votre activit\u00e9, que l\u2019on vous contacte en tant qu\u2019expert pour une interview dans la presse ou que vous utilisiez nos photographies, nos contenus r\u00e9dactionnels et nos vid\u00e9os.<\/p>\n<p>[\/vc_column_text][\/vc_column][\/vc_row][vc_row el_class=&#8221;pfe-flexibel-abstand&#8221;][vc_column][vc_empty_space height=&#8221;50px&#8221;][\/vc_column][\/vc_row][vc_row][vc_column width=&#8221;1\/2&#8243;][vc_single_image image=&#8221;3768&#8243; img_size=&#8221;full&#8221;][\/vc_column][vc_column width=&#8221;1\/2&#8243;][vc_custom_heading text=&#8221;Inspirer les consommateurs&#8221; use_theme_fonts=&#8221;yes&#8221; el_class=&#8221;pfe-small2&#8243;][vc_column_text]<\/p>\n<p style=\"text-align: left;\">Notre campagne \u00e0 grande \u00e9chelle adress\u00e9e aux consommateurs vise \u00e0 promouvoir les avantages des g\u00e9raniums faciles d\u2019entretien, \u00e0 mieux faire conna\u00eetre ces v\u00e9g\u00e9taux et \u00e0 motiver davantage de personnes \u00e0 acheter vos plants. Nous parlons du g\u00e9ranium \u00e0 la t\u00e9l\u00e9vision et \u00e0 la radio, nous \u00e9tablissons des partenariats avec des influenceurs de haut niveau, nous faisons appara\u00eetre le g\u00e9ranium dans les grands journaux et les magazines tendance et nous leur assurons une place de choix dans les festivals et les \u00e9v\u00e9nements. Lisez notre dernier rapport annuel ou inscrivez-vous \u00e0 notre newsletter pour d\u00e9couvrir ce que nous avons fait dans votre pays.<\/p>\n<p>[\/vc_column_text][vc_column_text]<a href=\"https:\/\/us18.campaign-archive.com\/home\/?u=134b7d583f28b28e232f5f377&amp;id=1e2185f037\" target=\"_blank\" rel=\"noopener\">Consulter les rapports annuels pass\u00e9s &gt;&gt;<\/a><\/p>\n<p><a href=\"https:\/\/pelargoniumforeurope.us18.list-manage.com\/subscribe?u=134b7d583f28b28e232f5f377&amp;id=1e2185f037\" target=\"_blank\" rel=\"noopener\">S\u2019inscrire \u00e0 la newsletter &gt;&gt;<\/a>[\/vc_column_text][\/vc_column][\/vc_row][vc_row el_class=&#8221;pfe-flexibel-abstand&#8221;][vc_column][vc_empty_space height=&#8221;50px&#8221;][\/vc_column][\/vc_row][vc_row][vc_column width=&#8221;1\/2&#8243;][vc_custom_heading text=&#8221;Opportunit\u00e9s de collaboration&#8221; use_theme_fonts=&#8221;yes&#8221; el_class=&#8221;pfe-small2&#8243;][vc_column_text]Nous offrons aux producteurs des opportunit\u00e9s de s\u2019impliquer activement dans la campagne PfE et d\u00e9couvrir de nouvelles possibilit\u00e9s. Aimeriez-vous que votre p\u00e9pini\u00e8re apparaisse \u00e0 la t\u00e9l\u00e9vision aux heures de grande \u00e9coute ? Qu\u2019on vous propose une interview \u00e0 la radio locale ? Qu\u2019on pr\u00e9sente vos plants lors des salons horticoles les plus prestigieux ? Voudriez-vous d\u00e9velopper des r\u00e9seaux avec d\u2019autres acteurs cl\u00e9s de l\u2019industrie ? Contactez-nous, nous aimons toujours tisser de nouveaux liens avec les producteurs.[\/vc_column_text][vc_column_text]<a href=\"\/fr\/contact\/\" target=\"_blank\" rel=\"noopener\">Contacter l\u2019antenne PfE de mon pays &gt;&gt;<\/a>[\/vc_column_text][\/vc_column][vc_column width=&#8221;1\/2&#8243;][vc_single_image image=&#8221;3771&#8243; img_size=&#8221;full&#8221;][\/vc_column][\/vc_row][vc_row el_class=&#8221;pfe-flexibel-abstand&#8221;][vc_column][vc_empty_space height=&#8221;50px&#8221;][\/vc_column][\/vc_row][vc_row][vc_column width=&#8221;1\/2&#8243;][vc_single_image image=&#8221;3769&#8243; img_size=&#8221;full&#8221;][\/vc_column][vc_column width=&#8221;1\/2&#8243;][vc_custom_heading text=&#8221;Ressources pour vos clients&#8221; use_theme_fonts=&#8221;yes&#8221; el_class=&#8221;pfe-small2&#8243;][vc_column_text]Gr\u00e2ce \u00e0 notre campagne, vous pouvez fournir des supports compl\u00e9mentaires \u00e0 vos clients et vos contacts professionnels. Nous vous proposons un \u00e9ventail d\u2019outils qui seront d\u2019une grande utilit\u00e9 \u00e0 vos clients revendeurs, par exemple des conseils en marketing, des vid\u00e9os, des supports en point de vente et une banque d\u2019image tr\u00e8s bien fournie. N\u2019h\u00e9sitez pas \u00e0 partager nos ressources avec vos clients et vos contacts, et m\u00eame \u00e0 les utiliser pour votre activit\u00e9.[\/vc_column_text][vc_column_text]<a href=\"\/fr\/revendeurs\/\" target=\"_blank\" rel=\"noopener\">Voir les ressources pour les revendeurs &gt;&gt;<\/a>[\/vc_column_text][\/vc_column][\/vc_row][vc_row el_class=&#8221;pfe-flexibel-abstand&#8221;][vc_column][vc_empty_space height=&#8221;50px&#8221;][\/vc_column][\/vc_row][vc_row][vc_column width=&#8221;1\/2&#8243;][vc_custom_heading text=&#8221;Partage de connaissances&#8221; use_theme_fonts=&#8221;yes&#8221; el_class=&#8221;pfe-small2&#8243;][vc_column_text]Aimeriez-vous acqu\u00e9rir des connaissances pr\u00e9cieuses sur votre activit\u00e9 ? PfE m\u00e8ne diff\u00e9rents types de recherches, de l\u2019analyse de la demande sur le march\u00e9 aux enqu\u00eates sur les m\u00e9thodes de production ou sur le d\u00e9veloppement durable. Nous pr\u00e9voyons de d\u00e9velopper cette activit\u00e9 \u00e0 l\u2019avenir, afin de promouvoir le partage de connaissances entre les producteurs. Contactez-nous pour int\u00e9grer notre r\u00e9seau et inscrivez-vous \u00e0 notre newsletter pour conna\u00eetre les derni\u00e8res informations.<\/p>\n<p><a href=\"\/fr\/contact\/\" target=\"_blank\" rel=\"noopener\">Trouver un contact dans mon pays &gt;&gt;<\/a><\/p>\n<p><a href=\"https:\/\/pelargoniumforeurope.us18.list-manage.com\/subscribe?u=134b7d583f28b28e232f5f377&amp;id=1e2185f037\" target=\"_blank\" rel=\"noopener\">Je m\u2019inscris \u00e0 la newsletter maintenant!<\/a>[\/vc_column_text][\/vc_column][vc_column width=&#8221;1\/2&#8243;][vc_single_image image=&#8221;3773&#8243; img_size=&#8221;full&#8221;][\/vc_column][\/vc_row][vc_row el_class=&#8221;pfe-flexibel-abstand&#8221;][vc_column][vc_empty_space height=&#8221;50px&#8221;][\/vc_column][\/vc_row][vc_row][vc_column][vc_custom_heading text=&#8221;T\u00e9moignages de professionnels&#8221; use_theme_fonts=&#8221;yes&#8221; el_class=&#8221;pfe-small&#8221;][vc_row_inner][vc_column_inner el_class=&#8221;ho&#8221; width=&#8221;1\/2&#8243;][vc_column_text]<strong>Monika Burket &#8211; Pr\u00e9sidente du commerce de gros de fleurs autrichien \u00e0 la Chambre \u00e9conomique f\u00e9d\u00e9rale d&#8217;Autriche<\/strong><br \/>\nPour promouvoir la grande vari\u00e9t\u00e9 de p\u00e9largoniums, nous utilisons des photos s\u00e9lectionn\u00e9es pour faire r\u00eaver et des textes attirants. Cela nous permet d&#8217;entrer en contact avec les consommateurs<br \/>\net de leur faire comprendre la beaut\u00e9 de cette plante. Le mat\u00e9riel de PLV est devenu essentiel, car nous aidons ainsi les d\u00e9taillants \u00e0 promouvoir les g\u00e9raniums. Gr\u00e2ce \u00e0 l&#8217;\u00e9quipe de Pelargonium<br \/>\nfor Europe et \u00e0 nos partenaires europ\u00e9ens, notre campagne de promotion de cette plante a \u00e9t\u00e9 couronn\u00e9e de succ\u00e8s.[\/vc_column_text][\/vc_column_inner][vc_column_inner width=&#8221;1\/2&#8243;][vc_column_text]<strong>Maria Lundgren &#8211; productrice chez Arvidssons I Fj\u00e4r\u00e5s en Su\u00e8de<\/strong><br \/>\n<strong>Une entreprise familiale depuis 1963<\/strong><br \/>\nPfE permet de maximiser les ventes de g\u00e9raniums gr\u00e2ce \u00e0 une banque d&#8217;images tr\u00e8s soign\u00e9es<br \/>\net \u00e0 des communiqu\u00e9s de presse diffus\u00e9s aux journalistes en Su\u00e8de. Le consortium fournit des images inspirantes que les producteurs n&#8217;ont pas le temps de produire eux-m\u00eames. Ces visuels peuvent \u00e9galement \u00eatre utile en boutique, ce qui profite \u00e0 la fois aux producteurs et aux<br \/>\nconsommateurs.[\/vc_column_text][\/vc_column_inner][\/vc_row_inner][\/vc_column][\/vc_row][vc_row el_class=&#8221;pfe-flexibel-abstand&#8221;][vc_column][vc_empty_space height=&#8221;50px&#8221;][\/vc_column][\/vc_row][vc_row el_class=&#8221;pfe-greenborderbox&#8221;][vc_column width=&#8221;2\/3&#8243;][vc_single_image image=&#8221;3772&#8243; img_size=&#8221;full&#8221;][\/vc_column][vc_column width=&#8221;1\/3&#8243;][vc_custom_heading text=&#8221;\u00cates-vous producteur ?&#8221; use_theme_fonts=&#8221;yes&#8221; el_class=&#8221;pfe-small&#8221;][vc_column_text css=&#8221;&#8221;]Si vous cultivez des g\u00e9raniums et si vous souhaitez participer \u00e0 la campagne, contactez-nous.<\/p>\n<p>Pelargonium for Europe Communications Manager,<br \/>\nHelena Ebrahimi<br \/>\nEmail: <a href=\"mailto:Helena@greenmarketingeurope.eu\">Helena@greenmarketingeurope.eu<\/a>[\/vc_column_text][vc_column_text]<a href=\"\/fr\/contact\/\" target=\"_blank\" rel=\"noopener\">Trouver un contact dans mon pays &gt;&gt;<\/a>[\/vc_column_text][\/vc_column][\/vc_row]<\/p><\/div><div class=\"acf-fields-container\" data-post-id=\"655\" data-canto-acf=\"true\"><\/div><style>\r\n        .acf-fields-container {\r\n            margin: 2em 0;\r\n            width: 100%;\r\n            clear: both;\r\n        }\r\n        .acf-field-image {\r\n            margin: 1.5em 0;\r\n            position: relative;\r\n        }\r\n        .acf-field-label {\r\n            margin-bottom: 1em;\r\n        }\r\n        .acf-image {\r\n            max-width: 100%;\r\n            height: auto;\r\n            display: block;\r\n            margin: 1em 0;\r\n        }\r\n    <\/style>","protected":false},"excerpt":{"rendered":"<p>[vc_row][vc_column][vc_custom_heading text=&#8221;Avec notre aide, boostez vos ventes de g\u00e9raniums&#8221; font_container=&#8221;tag:h2|text_align:center&#8221; use_theme_fonts=&#8221;yes&#8221; el_class=&#8221;pfe-small2&#8243; el_id=&#8221;ventes-de-geraniums&#8221;][vc_column_text] Chaque ann\u00e9e, nous touchons des millions de consommateurs avec nos communiqu\u00e9s de presse et nos campagnes marketing \u00e0 grande \u00e9chelle, qui font directement la promotion de vos produits aupr\u00e8s du consommateur final. Retrouvez ici en d\u00e9tails ce que nous faisons pour vous [&hellip;]<\/p>\n","protected":false},"author":1,"featured_media":3774,"parent":0,"menu_order":0,"comment_status":"closed","ping_status":"closed","template":"template-parts\/pfe-trade.php","meta":{"_acf_changed":false,"inline_featured_image":false,"footnotes":""},"class_list":["post-655","page","type-page","status-publish","has-post-thumbnail","hentry"],"acf":[],"_links":{"self":[{"href":"https:\/\/pfe-trade.com\/fr\/wp-json\/wp\/v2\/pages\/655","targetHints":{"allow":["GET"]}}],"collection":[{"href":"https:\/\/pfe-trade.com\/fr\/wp-json\/wp\/v2\/pages"}],"about":[{"href":"https:\/\/pfe-trade.com\/fr\/wp-json\/wp\/v2\/types\/page"}],"author":[{"embeddable":true,"href":"https:\/\/pfe-trade.com\/fr\/wp-json\/wp\/v2\/users\/1"}],"replies":[{"embeddable":true,"href":"https:\/\/pfe-trade.com\/fr\/wp-json\/wp\/v2\/comments?post=655"}],"version-history":[{"count":142,"href":"https:\/\/pfe-trade.com\/fr\/wp-json\/wp\/v2\/pages\/655\/revisions"}],"predecessor-version":[{"id":5080,"href":"https:\/\/pfe-trade.com\/fr\/wp-json\/wp\/v2\/pages\/655\/revisions\/5080"}],"wp:featuredmedia":[{"embeddable":true,"href":"https:\/\/pfe-trade.com\/fr\/wp-json\/wp\/v2\/media\/3774"}],"wp:attachment":[{"href":"https:\/\/pfe-trade.com\/fr\/wp-json\/wp\/v2\/media?parent=655"}],"curies":[{"name":"wp","href":"https:\/\/api.w.org\/{rel}","templated":true}]}}