{"id":653,"date":"2021-12-27T18:24:39","date_gmt":"2021-12-27T18:24:39","guid":{"rendered":"https:\/\/meine-geranien.de\/fr\/?page_id=653"},"modified":"2025-02-27T10:16:03","modified_gmt":"2025-02-27T09:16:03","slug":"revendeurs","status":"publish","type":"page","link":"https:\/\/pfe-trade.com\/fr\/revendeurs\/","title":{"rendered":"Revendeurs"},"content":{"rendered":"<div class=\"wpb-content-wrapper\"><p>[vc_row][vc_column][vc_custom_heading text=&#8221;Vous vendez des g\u00e9raniums ? Nous vous aidons \u00e0 augmenter votre chiffre d\u2019affaires.&#8221; font_container=&#8221;tag:h2|text_align:center&#8221; use_theme_fonts=&#8221;yes&#8221; el_class=&#8221;pfe-small2&#8243; el_id=&#8221;vendez-des-geraniums&#8221;][vc_column_text]<\/p>\n<p style=\"text-align: center;\">Nous vous proposons des conseils d\u2019experts pour la vente et le marketing, ainsi que des ressources vari\u00e9es : supports pour les points de vente, photographies professionnelles gratuites, contenu r\u00e9dactionnel et vid\u00e9os. Notre seul objectif, c\u2019est de vous aider \u00e0 augmenter vos recettes. Utilisez librement notre contenu dans vos propres d\u00e9marches de commercialisation, renforcez la fid\u00e9lit\u00e9 de votre client\u00e8le et montrez votre expertise en horticulture.<\/p>\n<p>[\/vc_column_text][\/vc_column][\/vc_row][vc_row el_class=&#8221;pfe-flexibel-abstand&#8221;][vc_column][vc_empty_space height=&#8221;50px&#8221;][\/vc_column][\/vc_row][vc_row][vc_column width=&#8221;1\/2&#8243;][vc_custom_heading text=&#8221;Favorisez l\u2019achat coup de c\u0153ur&#8221; use_theme_fonts=&#8221;yes&#8221; el_class=&#8221;pfe-small&#8221;][vc_column_text]Captez l\u2019attention de vos clients et encouragez les achats impulsifs sur votre point de vente en magasin ou en ligne. Nous proposons une large gamme de supports (affiches, banni\u00e8res et cartes avec conseils d\u2019entretien) ainsi que des ressources num\u00e9riques (publications pour les r\u00e9seaux sociaux et en-t\u00eates de sites Internet). Il suffit de les commander, les imprimer, les partager et les afficher en magasin.[\/vc_column_text][vc_column_text]<a href=\"\/fr\/supports-pour-points-de-vente\/\" target=\"_blank\" rel=\"noopener\">D\u00e9couvrez nos supports pour points de vente &gt;&gt;<\/a>[\/vc_column_text][\/vc_column][vc_column width=&#8221;1\/2&#8243;][vc_single_image image=&#8221;4824&#8243; img_size=&#8221;full&#8221;][\/vc_column][\/vc_row][vc_row el_class=&#8221;pfe-flexibel-abstand&#8221;][vc_column][vc_empty_space height=&#8221;50px&#8221;][\/vc_column][\/vc_row][vc_row][vc_column width=&#8221;1\/2&#8243;][vc_single_image image=&#8221;3790&#8243; img_size=&#8221;full&#8221;][\/vc_column][vc_column width=&#8221;1\/2&#8243;][vc_custom_heading text=&#8221;Des vid\u00e9os sur les g\u00e9raniums pour vos clients&#8221; use_theme_fonts=&#8221;yes&#8221; el_class=&#8221;pfe-small2&#8243;][vc_column_text]Notre cha\u00eene YouTube propose des vid\u00e9os sur les g\u00e9raniums et leur entretien, des id\u00e9es d\u2019agencement et des projets DIY pour les jardins, les terrasses et les balcons. Utilisez-les pour attirer des clients et booster l\u2019engagement en ligne. Partagez-les sur vos pages sur les r\u00e9seaux sociaux, int\u00e9grez-les sur votre site Internet ou diffusez-les en magasin pour favoriser les achats impulsifs.[\/vc_column_text][vc_column_text]<a href=\"https:\/\/www.youtube.com\/channel\/UCejEV0-sDobAJg0L498sL0g\" target=\"_blank\" rel=\"noopener\">D\u00e9couvrez nos vid\u00e9os &gt;&gt;<\/a>[\/vc_column_text][\/vc_column][\/vc_row][vc_row el_class=&#8221;pfe-flexibel-abstand&#8221;][vc_column][vc_empty_space height=&#8221;50px&#8221;][\/vc_column][\/vc_row][vc_row][vc_column width=&#8221;1\/2&#8243;][vc_custom_heading text=&#8221;Communiqu\u00e9s de presse&#8221; use_theme_fonts=&#8221;yes&#8221; el_class=&#8221;pfe-small2&#8243;][vc_column_text]Nous envoyons r\u00e9guli\u00e8rement des communiqu\u00e9s de presse aux m\u00e9dias pour partager les nouvelles et les offres de notre campagne, ainsi que des conseils \u00e0 destination des professionnels du secteur en marketing, en vente et sur l\u2019entretien des g\u00e9raniums. Retrouvez nos communiqu\u00e9s de presse sp\u00e9cialis\u00e9s ici.[\/vc_column_text][vc_column_text]<a href=\"\/fr\/contact\/\" target=\"_blank\" rel=\"noopener\">Contactez-nous &gt;&gt;<\/a><\/p>\n<p><a href=\"https:\/\/mon-geranium.fr\/communiques-de-presse\/\">Communiqu\u00e9s de presse sp\u00e9cialis\u00e9s &gt;&gt;<\/a>[\/vc_column_text][\/vc_column][vc_column width=&#8221;1\/2&#8243;][vc_single_image image=&#8221;4823&#8243; img_size=&#8221;full&#8221;][\/vc_column][\/vc_row][vc_row el_class=&#8221;pfe-flexibel-abstand&#8221;][vc_column][vc_empty_space height=&#8221;50px&#8221;][\/vc_column][\/vc_row][vc_row][vc_column width=&#8221;1\/2&#8243;][vc_single_image image=&#8221;3788&#8243; img_size=&#8221;full&#8221;][\/vc_column][vc_column width=&#8221;1\/2&#8243;][vc_custom_heading text=&#8221;Des photos gratuites pour votre communication&#8221; use_theme_fonts=&#8221;yes&#8221; el_class=&#8221;pfe-small2&#8243;][vc_column_text]Chaque ann\u00e9e, nous produisons de grandes s\u00e9ries de photographies de grande qualit\u00e9. Celles-ci pr\u00e9sentent des g\u00e9raniums avec les tendances actuelles au jardin et sur le balcon, des projets DIY, des id\u00e9es cadeau, des d\u00e9corations de table, des fleurs en gros plan et bien plus. Utilisez librement nos images pour promouvoir votre activit\u00e9. Partagez-les sur vos pages Internet et sur les r\u00e9seaux sociaux, utilisez-les dans vos propres communiqu\u00e9s de presse et pour intervenir dans les m\u00e9dias, ou pour cr\u00e9er vos propres supports en magasin, comme des affiches ou des flyers. D\u00e9couvrez notre grande banque d\u2019images et ses centaines de photos dans tous les styles : il y en a pour tous les go\u00fbts ![\/vc_column_text][vc_column_text css=&#8221;&#8221;]<a href=\"https:\/\/pelargonium-poinsettia.canto.global\/v\/pfefr\/allfiles?viewIndex=2\" target=\"_blank\" rel=\"noopener\">D\u00e9couvrez notre banque d\u2019images &gt;&gt;<\/a>[\/vc_column_text][\/vc_column][\/vc_row][vc_row el_class=&#8221;pfe-flexibel-abstand&#8221;][vc_column][vc_empty_space height=&#8221;50px&#8221;][\/vc_column][\/vc_row][vc_row][vc_column width=&#8221;1\/2&#8243;][vc_custom_heading text=&#8221;Trouvez l\u2019inspiration pour parler \u00e0 votre client\u00e8le&#8221; use_theme_fonts=&#8221;yes&#8221; el_class=&#8221;pfe-small2&#8243;][vc_column_text]Si vous cherchez souvent de nouvelles id\u00e9es pour faire la promotion de votre activit\u00e9 (contenu pour les r\u00e9seaux sociaux, blogs, communication de l\u2019entreprise, etc.), nous sommes l\u00e0 pour vous. Nous organisons une campagne de promotion \u00e0 grande \u00e9chelle aupr\u00e8s des consommateurs, pilot\u00e9e par des experts de la communication et dans toute l\u2019Europe : pourquoi ne pas vous inspirer de nos contenus pour produire les v\u00f4tres ? Consultez nos billets de blog et nos communiqu\u00e9s de presse pour les clients, parcourez notre banque d\u2019images et visitez nos pages Instagram, Pinterest et Facebook. N\u2019h\u00e9sitez pas \u00e0 copier, adapter et appr\u00e9cier nos contenus ![\/vc_column_text][vc_column_text]<a href=\"https:\/\/mon-geranium.fr\/\" target=\"_blank\" rel=\"noopener\">Consulter l\u2019espace d\u00e9di\u00e9 aux clients &gt;&gt;<\/a><\/p>\n<p>Vous pouvez \u00e9galement nous suivre sur <a href=\"https:\/\/www.facebook.com\/MonGeranium\/\">Facebook<\/a>, <a href=\"https:\/\/www.pinterest.de\/MyGeranium17\/\">Pinterest<\/a> et <a href=\"https:\/\/www.instagram.com\/mygeranium\/\">Instagram<\/a>.<\/p>\n<p>[\/vc_column_text][\/vc_column][vc_column width=&#8221;1\/2&#8243;][vc_single_image image=&#8221;4822&#8243; img_size=&#8221;full&#8221;][\/vc_column][\/vc_row][vc_row el_class=&#8221;pfe-flexibel-abstand&#8221;][vc_column][vc_empty_space height=&#8221;50px&#8221;][\/vc_column][\/vc_row][vc_row][vc_column width=&#8221;1\/2&#8243;][vc_single_image image=&#8221;3784&#8243; img_size=&#8221;full&#8221;][\/vc_column][vc_column width=&#8221;1\/2&#8243;][vc_custom_heading text=&#8221;Contactez-nous pour en savoir plus&#8221; use_theme_fonts=&#8221;yes&#8221; el_class=&#8221;pfe-small2&#8243;][vc_column_text]Vous vendez des g\u00e9raniums dans une jardinerie, un magasin de fleurs ou tout autre magasin de vente au d\u00e9tail ? Nous pouvons vous aider. Contactez-nous. Nous avons h\u00e2te de discuter avec vous ![\/vc_column_text][vc_column_text]<a href=\"\/fr\/contact\/\" rel=\"noopener\">Contact &gt;&gt;<\/a>[\/vc_column_text][\/vc_column][\/vc_row]<\/p><\/div><div class=\"acf-fields-container\" data-post-id=\"653\" data-canto-acf=\"true\"><\/div><style>\r\n        .acf-fields-container {\r\n            margin: 2em 0;\r\n            width: 100%;\r\n            clear: both;\r\n        }\r\n        .acf-field-image {\r\n            margin: 1.5em 0;\r\n            position: relative;\r\n        }\r\n        .acf-field-label {\r\n            margin-bottom: 1em;\r\n        }\r\n        .acf-image {\r\n            max-width: 100%;\r\n            height: auto;\r\n            display: block;\r\n            margin: 1em 0;\r\n        }\r\n    <\/style>","protected":false},"excerpt":{"rendered":"<p>[vc_row][vc_column][vc_custom_heading text=&#8221;Vous vendez des g\u00e9raniums ? Nous vous aidons \u00e0 augmenter votre chiffre d\u2019affaires.&#8221; font_container=&#8221;tag:h2|text_align:center&#8221; use_theme_fonts=&#8221;yes&#8221; el_class=&#8221;pfe-small2&#8243; el_id=&#8221;vendez-des-geraniums&#8221;][vc_column_text] Nous vous proposons des conseils d\u2019experts pour la vente et le marketing, ainsi que des ressources vari\u00e9es : supports pour les points de vente, photographies professionnelles gratuites, contenu r\u00e9dactionnel et vid\u00e9os. Notre seul objectif, c\u2019est de vous [&hellip;]<\/p>\n","protected":false},"author":1,"featured_media":3787,"parent":0,"menu_order":0,"comment_status":"closed","ping_status":"closed","template":"template-parts\/pfe-trade.php","meta":{"_acf_changed":false,"inline_featured_image":false,"footnotes":""},"class_list":["post-653","page","type-page","status-publish","has-post-thumbnail","hentry"],"acf":[],"_links":{"self":[{"href":"https:\/\/pfe-trade.com\/fr\/wp-json\/wp\/v2\/pages\/653","targetHints":{"allow":["GET"]}}],"collection":[{"href":"https:\/\/pfe-trade.com\/fr\/wp-json\/wp\/v2\/pages"}],"about":[{"href":"https:\/\/pfe-trade.com\/fr\/wp-json\/wp\/v2\/types\/page"}],"author":[{"embeddable":true,"href":"https:\/\/pfe-trade.com\/fr\/wp-json\/wp\/v2\/users\/1"}],"replies":[{"embeddable":true,"href":"https:\/\/pfe-trade.com\/fr\/wp-json\/wp\/v2\/comments?post=653"}],"version-history":[{"count":113,"href":"https:\/\/pfe-trade.com\/fr\/wp-json\/wp\/v2\/pages\/653\/revisions"}],"predecessor-version":[{"id":4965,"href":"https:\/\/pfe-trade.com\/fr\/wp-json\/wp\/v2\/pages\/653\/revisions\/4965"}],"wp:featuredmedia":[{"embeddable":true,"href":"https:\/\/pfe-trade.com\/fr\/wp-json\/wp\/v2\/media\/3787"}],"wp:attachment":[{"href":"https:\/\/pfe-trade.com\/fr\/wp-json\/wp\/v2\/media?parent=653"}],"curies":[{"name":"wp","href":"https:\/\/api.w.org\/{rel}","templated":true}]}}