{"id":648,"date":"2021-12-27T18:17:47","date_gmt":"2021-12-27T18:17:47","guid":{"rendered":"https:\/\/meine-geranien.de\/fr\/?page_id=648"},"modified":"2026-02-23T15:09:02","modified_gmt":"2026-02-23T14:09:02","slug":"professionnels","status":"publish","type":"page","link":"https:\/\/pfe-trade.com\/fr\/","title":{"rendered":"Professionnels"},"content":{"rendered":"<div class=\"wpb-content-wrapper\"><p>[vc_row][vc_column][vc_custom_heading text=&#8221;Opportunit\u00e9s pour tous les secteurs de l\u2019industrie&#8221; font_container=&#8221;tag:h2|text_align:center&#8221; use_theme_fonts=&#8221;yes&#8221; el_class=&#8221;pfe-small2&#8243; el_id=&#8221;opportunites&#8221;][\/vc_column][\/vc_row][vc_row][vc_column][vc_column_text]<\/p>\n<p style=\"text-align: center;\">Chez Pelargonim for Europe, nous ciblons directement vos clients finaux en faisant la promotion des nombreux atouts du g\u00e9ranium lors d\u2019une grande campagne \u00e0 destination des consommateurs.<\/p>\n<p style=\"text-align: center;\">Ainsi, nous suscitons constamment l\u2019int\u00e9r\u00eat de nouveaux publics et consolidons les ventes de g\u00e9ranium \u00e0 long terme.<\/p>\n<p style=\"text-align: center;\">Sur ce site, vous retrouverez aussi de tr\u00e8s nombreuses informations pour accompagner directement votre activit\u00e9, de l\u2019am\u00e9lioration des produits aux astuces de pr\u00e9sentation, en passant par les conseils d\u2019entretien en magasin et les supports pour points de vente et les outils et ressources num\u00e9riques pour votre communication.<\/p>\n<p style=\"text-align: center;\">D\u00e9couvrez comment nous pouvons vous accompagner et multipliez les opportunit\u00e9s de faire la promotion du g\u00e9ranium. Rejoignez-nous et d\u00e9couvrez notre projet.<\/p>\n<p>[\/vc_column_text][\/vc_column][\/vc_row][vc_row][vc_column][vc_column_text][\/vc_column_text][\/vc_column][\/vc_row][vc_row gap=&#8221;30&#8243;][vc_column width=&#8221;1\/3&#8243;][vc_single_image image=&#8221;3755&#8243; img_size=&#8221;full&#8221;][vc_custom_heading text=&#8221;Vous cultivez des g\u00e9raniums ?&#8221; font_container=&#8221;tag:h3|text_align:left&#8221; use_theme_fonts=&#8221;yes&#8221; el_class=&#8221;pfe-small&#8221;][vc_column_text]En tant que producteur, vous \u00eates la colonne vert\u00e9brale de la campagne de PfE : tout ce que nous faisons sert l\u2019objectif d\u2019augmenter vos ventes, aupr\u00e8s des consommateurs particuliers comme des entreprises. Voici quelques m\u00e9thodes suppl\u00e9mentaires pour en profiter.[\/vc_column_text][vc_column_text]<a href=\"\/fr\/producteurs\/\" target=\"_blank\" rel=\"noopener\">D\u00e9couvrez les opportunit\u00e9s pour les producteurs &gt;&gt;<\/a>[\/vc_column_text][\/vc_column][vc_column width=&#8221;1\/3&#8243;][vc_single_image image=&#8221;3757&#8243; img_size=&#8221;full&#8221;][vc_custom_heading text=&#8221;Vous vendez des g\u00e9raniums ?&#8221; font_container=&#8221;tag:h3|text_align:left&#8221; use_theme_fonts=&#8221;yes&#8221; el_class=&#8221;pfe-small&#8221;][vc_column_text]Notre objectif est d\u2019encourager plus de consommateurs \u00e0 se laisser charmer par le g\u00e9ranium et \u00e0 en acheter autant que possible d\u2019une ann\u00e9e sur l\u2019autre. Nous proposons tout un \u00e9ventail de supports et de ressources marketing pour vous aider \u00e0 augmenter vos ventes.[\/vc_column_text][vc_column_text]<a href=\"\/fr\/revendeurs\/\" target=\"_blank\" rel=\"noopener\">D\u00e9couvrez les opportunit\u00e9s pour les revendeurs &gt;&gt;<\/a>[\/vc_column_text][\/vc_column][vc_column width=&#8221;1\/3&#8243;][vc_single_image image=&#8221;3756&#8243; img_size=&#8221;full&#8221;][vc_custom_heading text=&#8221;Vous cherchez des informations de presse ?&#8221; font_container=&#8221;tag:h3|text_align:left&#8221; use_theme_fonts=&#8221;yes&#8221; el_class=&#8221;pfe-small&#8221;][vc_column_text]Si vous \u00eates journaliste sp\u00e9cialis\u00e9(e) et \u00e0 la recherche des derni\u00e8res nouveaut\u00e9s, de communiqu\u00e9s de presse et de photos gratuites, vous \u00eates au bon endroit. Nous nous ferons un plaisir de vous aider avec nos contenus, nos photographies et bien plus. D\u00e9couvrez notre offre.[\/vc_column_text][vc_column_text]<a href=\"https:\/\/mon-geranium.fr\/communiques-de-presse\/\">Informations presse &gt;&gt;<\/a>[\/vc_column_text][\/vc_column][\/vc_row][vc_row][vc_column][vc_column_text][\/vc_column_text][\/vc_column][\/vc_row][vc_row el_class=&#8221;pfe-greenborderbox&#8221;][vc_column width=&#8221;2\/3&#8243;][vc_single_image image=&#8221;3758&#8243; img_size=&#8221;full&#8221;][\/vc_column][vc_column width=&#8221;1\/3&#8243;][vc_custom_heading text=&#8221;\u00cates-vous s\u00e9lectionneur ?&#8221; use_theme_fonts=&#8221;yes&#8221; el_class=&#8221;pfe-small&#8221;][vc_column_text]Si vous repr\u00e9sentez une entreprise d\u2019obtention v\u00e9g\u00e9tale et si vous souhaitez d\u00e9couvrir comment nous soutenir peut profiter \u00e0 votre activit\u00e9 et \u00e0 l\u2019industrie dans son ensemble, veuillez nous contacter.<\/p>\n<p>Gestion de projet<br \/>\nPelargonium for Europe GbR,<br \/>\nDr. Susanne Lux,<br \/>\nT\u00e9l\u00e9phone: + 49 2644 981333,<br \/>\nE-mail: <a href=\"mailto:susanne.lux@meclux.de\">susanne.lux@meclux.de<\/a>[\/vc_column_text][\/vc_column][\/vc_row][vc_row][vc_column][vc_empty_space height=&#8221;75px&#8221;][\/vc_column][\/vc_row][vc_row][vc_column width=&#8221;1\/2&#8243;][vc_custom_heading text=&#8221;\u00c0 propos de Pelargonium for Europe&#8221; use_theme_fonts=&#8221;yes&#8221; el_class=&#8221;pfe-small&#8221;][vc_column_text css=&#8221;&#8221;]Pelargonium for Europe est une initiative de commercialisation mise en place par les s\u00e9lectionneurs de g\u00e9raniums D\u00fcmmen Orange, Selecta one, Syngenta Flowers, Elsner PAC, P. van der Haak Handelskwekerij. Sous la supervision de Green Marketing Europe (GME), Dr Susanne Lux orchestre la campagne Pelargonium for Europe avec une \u00e9quipe d\u00e9di\u00e9e de salari\u00e9s et d\u2019ind\u00e9pendants. PfE est en partenariat avec un vaste r\u00e9seau d\u2019agences et d\u2019ind\u00e9pendants comp\u00e9tents pour produire des supports et d\u00e9ployer ses campagnes dans 22 pays europ\u00e9ens.[\/vc_column_text][\/vc_column][vc_column width=&#8221;1\/2&#8243;][vc_single_image image=&#8221;3754&#8243; img_size=&#8221;full&#8221;][\/vc_column][\/vc_row][vc_row][vc_column][vc_empty_space height=&#8221;75px&#8221;][\/vc_column][\/vc_row][vc_row][vc_column][vc_single_image image=&#8221;5087&#8243; img_size=&#8221;full&#8221; alignment=&#8221;center&#8221; css=&#8221;&#8221;][\/vc_column][\/vc_row]<\/p><\/div><div class=\"acf-fields-container\" data-post-id=\"648\" data-canto-acf=\"true\"><\/div><style>\r\n        .acf-fields-container {\r\n            margin: 2em 0;\r\n            width: 100%;\r\n            clear: both;\r\n        }\r\n        .acf-field-image {\r\n            margin: 1.5em 0;\r\n            position: relative;\r\n        }\r\n        .acf-field-label {\r\n            margin-bottom: 1em;\r\n        }\r\n        .acf-image {\r\n            max-width: 100%;\r\n            height: auto;\r\n            display: block;\r\n            margin: 1em 0;\r\n        }\r\n    <\/style>","protected":false},"excerpt":{"rendered":"<p>[vc_row][vc_column][vc_custom_heading text=&#8221;Opportunit\u00e9s pour tous les secteurs de l\u2019industrie&#8221; font_container=&#8221;tag:h2|text_align:center&#8221; use_theme_fonts=&#8221;yes&#8221; el_class=&#8221;pfe-small2&#8243; el_id=&#8221;opportunites&#8221;][\/vc_column][\/vc_row][vc_row][vc_column][vc_column_text] Chez Pelargonim for Europe, nous ciblons directement vos clients finaux en faisant la promotion des nombreux atouts du g\u00e9ranium lors d\u2019une grande campagne \u00e0 destination des consommateurs. Ainsi, nous suscitons constamment l\u2019int\u00e9r\u00eat de nouveaux publics et consolidons les ventes de g\u00e9ranium \u00e0 long [&hellip;]<\/p>\n","protected":false},"author":1,"featured_media":3764,"parent":0,"menu_order":0,"comment_status":"closed","ping_status":"closed","template":"template-parts\/pfe-trade.php","meta":{"_acf_changed":false,"inline_featured_image":false,"footnotes":""},"class_list":["post-648","page","type-page","status-publish","has-post-thumbnail","hentry"],"acf":[],"_links":{"self":[{"href":"https:\/\/pfe-trade.com\/fr\/wp-json\/wp\/v2\/pages\/648","targetHints":{"allow":["GET"]}}],"collection":[{"href":"https:\/\/pfe-trade.com\/fr\/wp-json\/wp\/v2\/pages"}],"about":[{"href":"https:\/\/pfe-trade.com\/fr\/wp-json\/wp\/v2\/types\/page"}],"author":[{"embeddable":true,"href":"https:\/\/pfe-trade.com\/fr\/wp-json\/wp\/v2\/users\/1"}],"replies":[{"embeddable":true,"href":"https:\/\/pfe-trade.com\/fr\/wp-json\/wp\/v2\/comments?post=648"}],"version-history":[{"count":197,"href":"https:\/\/pfe-trade.com\/fr\/wp-json\/wp\/v2\/pages\/648\/revisions"}],"predecessor-version":[{"id":5088,"href":"https:\/\/pfe-trade.com\/fr\/wp-json\/wp\/v2\/pages\/648\/revisions\/5088"}],"wp:featuredmedia":[{"embeddable":true,"href":"https:\/\/pfe-trade.com\/fr\/wp-json\/wp\/v2\/media\/3764"}],"wp:attachment":[{"href":"https:\/\/pfe-trade.com\/fr\/wp-json\/wp\/v2\/media?parent=648"}],"curies":[{"name":"wp","href":"https:\/\/api.w.org\/{rel}","templated":true}]}}