{"id":487,"date":"2021-12-17T12:27:34","date_gmt":"2021-12-17T12:27:34","guid":{"rendered":"https:\/\/meine-geranien.de\/fr\/?page_id=487"},"modified":"2024-09-24T12:51:15","modified_gmt":"2024-09-24T10:51:15","slug":"mentions-legales","status":"publish","type":"page","link":"https:\/\/pfe-trade.com\/fr\/mentions-legales\/","title":{"rendered":"Mentions l\u00e9gales"},"content":{"rendered":"<div class=\"wpb-content-wrapper\"><p>[vc_row][vc_column][vc_custom_heading text=&#8221;Mentions l\u00e9gales&#8221; use_theme_fonts=&#8221;yes&#8221;][vc_column_text]Responsable au sens du paragraphe 6 de la loi allemande \u00ab Teledienstgesetz \u00bb ou de la loi \u00ab Mediendienste Staatsvertrag \u00bb :[\/vc_column_text][vc_column_text css=&#8221;&#8221;]Pelargonium for Europe GbR<br \/>\nc\/o Zentralverband Gartenbau<br \/>\nBornheimerstra\u00dfe 37<br \/>\n53111 Bonn,<br \/>\nAllemagne<br \/>\nDirecteur g\u00e9n\u00e9ral : Leendert Hoogendoorn \/ Gestion du projet europ\u00e9en:<br \/>\nDr. Susanne Lux[\/vc_column_text][vc_column_text]T\u00e9l\u00e9phone: + 49 2644 981333<br \/>\nEmail: <a href=\"mailto:susanne.lux(at)meclux.de\" target=\"_blank\" rel=\"noopener\">susanne.lux(at)meclux.de<\/a>[\/vc_column_text][vc_column_text]N\u00b0 TVA : DE815617238<br \/>\nIdentifiant fiscal : 206\/5802\/0875[\/vc_column_text][vc_custom_heading text=&#8221;Avertissement&#8221; use_theme_fonts=&#8221;yes&#8221;][vc_column_text]Le contenu de cette campagne publicitaire refl\u00e8te uniquement le point de vue de l\u2019auteur et n\u2019engage<br \/>\nque la seule responsabilit\u00e9 de l&#8217;auteur. La Commission Europ\u00e9enne et l\u2019Agence<br \/>\nEx\u00e9cutive Europ\u00e9enne pour la Recherche (REA) ne sauraient \u00eatre tenues responsables<br \/>\nde toute utilisation qui serait faite des informations transmises.[\/vc_column_text][\/vc_column][\/vc_row]<\/p><\/div><div class=\"acf-fields-container\" data-post-id=\"487\" data-canto-acf=\"true\"><\/div><style>\r\n        .acf-fields-container {\r\n            margin: 2em 0;\r\n            width: 100%;\r\n            clear: both;\r\n        }\r\n        .acf-field-image {\r\n            margin: 1.5em 0;\r\n            position: relative;\r\n        }\r\n        .acf-field-label {\r\n            margin-bottom: 1em;\r\n        }\r\n        .acf-image {\r\n            max-width: 100%;\r\n            height: auto;\r\n            display: block;\r\n            margin: 1em 0;\r\n        }\r\n    <\/style>","protected":false},"excerpt":{"rendered":"<p>[vc_row][vc_column][vc_custom_heading text=&#8221;Mentions l\u00e9gales&#8221; use_theme_fonts=&#8221;yes&#8221;][vc_column_text]Responsable au sens du paragraphe 6 de la loi allemande \u00ab Teledienstgesetz \u00bb ou de la loi \u00ab Mediendienste Staatsvertrag \u00bb :[\/vc_column_text][vc_column_text css=&#8221;&#8221;]Pelargonium for Europe GbR c\/o Zentralverband Gartenbau Bornheimerstra\u00dfe 37 53111 Bonn, Allemagne Directeur g\u00e9n\u00e9ral : Leendert Hoogendoorn \/ Gestion du projet europ\u00e9en: Dr. Susanne Lux[\/vc_column_text][vc_column_text]T\u00e9l\u00e9phone: + 49 2644 981333 Email: [&hellip;]<\/p>\n","protected":false},"author":1,"featured_media":0,"parent":0,"menu_order":0,"comment_status":"closed","ping_status":"closed","template":"","meta":{"_acf_changed":false,"inline_featured_image":false,"footnotes":""},"class_list":["post-487","page","type-page","status-publish","hentry"],"acf":[],"_links":{"self":[{"href":"https:\/\/pfe-trade.com\/fr\/wp-json\/wp\/v2\/pages\/487","targetHints":{"allow":["GET"]}}],"collection":[{"href":"https:\/\/pfe-trade.com\/fr\/wp-json\/wp\/v2\/pages"}],"about":[{"href":"https:\/\/pfe-trade.com\/fr\/wp-json\/wp\/v2\/types\/page"}],"author":[{"embeddable":true,"href":"https:\/\/pfe-trade.com\/fr\/wp-json\/wp\/v2\/users\/1"}],"replies":[{"embeddable":true,"href":"https:\/\/pfe-trade.com\/fr\/wp-json\/wp\/v2\/comments?post=487"}],"version-history":[{"count":16,"href":"https:\/\/pfe-trade.com\/fr\/wp-json\/wp\/v2\/pages\/487\/revisions"}],"predecessor-version":[{"id":4868,"href":"https:\/\/pfe-trade.com\/fr\/wp-json\/wp\/v2\/pages\/487\/revisions\/4868"}],"wp:attachment":[{"href":"https:\/\/pfe-trade.com\/fr\/wp-json\/wp\/v2\/media?parent=487"}],"curies":[{"name":"wp","href":"https:\/\/api.w.org\/{rel}","templated":true}]}}