{"id":648,"date":"2021-12-27T18:17:47","date_gmt":"2021-12-27T18:17:47","guid":{"rendered":"https:\/\/meine-geranien.de\/es\/?page_id=648"},"modified":"2026-02-23T15:19:37","modified_gmt":"2026-02-23T14:19:37","slug":"trade","status":"publish","type":"page","link":"https:\/\/pfe-trade.com\/es\/","title":{"rendered":"Comercio"},"content":{"rendered":"<div class=\"wpb-content-wrapper\"><p>[vc_row][vc_column][vc_custom_heading text=\u00bbOportunidades para todos los sectores de la industria\u00bb font_container=\u00bbtag:h2|text_align:center\u00bb use_theme_fonts=\u00bbyes\u00bb css=\u00bb\u00bb el_class=\u00bbpfe-small2&#8243; el_id=\u00bboportunidades\u00bb][\/vc_column][\/vc_row][vc_row][vc_column][vc_column_text css=\u00bb\u00bb]<\/p>\n<p style=\"text-align: center\">En Plargonium for Europe, nos dirigimos directamente a tus clientes finales promocionando las numerosas ventajas de la geranios a trav\u00e9s de nuestra campa\u00f1a de promoci\u00f3n entre los consumidores.<\/p>\n<p style=\"text-align: center\">De este modo, inspiramos continuamente a nuevos p\u00fablicos, asegurando las ventas de geranios a largo plazo.<\/p>\n<p style=\"text-align: center\">Pero aqu\u00ed tambi\u00e9n encontrar\u00e1s una gran cantidad de informaci\u00f3n para apoyar tu negocio directamente, desde actualizaciones de productos hasta consejos de presentaci\u00f3n de la planta en el punto de venta, consejos para el cuidado de las plantas, as\u00ed como materiales para el punto de venta, herramientas digitales y recursos para tu marketing.<\/p>\n<p style=\"text-align: center\">Descubre c\u00f3mo podemos apoyarte y ampliar tus oportunidades de promoci\u00f3n los geranios . Participa y explora nuestro proyecto.<\/p>\n<p>[\/vc_column_text][\/vc_column][\/vc_row][vc_row][vc_column][vc_column_text][\/vc_column_text][\/vc_column][\/vc_row][vc_row gap=\u00bb30&#8243;][vc_column width=\u00bb1\/3&#8243;][vc_single_image image=\u00bb3755&#8243; img_size=\u00bbfull\u00bb][vc_custom_heading text=\u00bb\u00bfEs usted productor de geranios?\u00bb font_container=\u00bbtag:h3|text_align:left\u00bb use_theme_fonts=\u00bbyes\u00bb css=\u00bb\u00bb el_class=\u00bbpfe-small\u00bb][vc_column_text css=\u00bb\u00bb]Los viveristas son la columna vertebral de la campa\u00f1a de PfE: todo lo que hacemos tiene como objetivo aumentar tus ventas a trav\u00e9s del marketing B2C (dirigido al consumidor) y B2B (dirigido a otras empresas del sector). He aqu\u00ed algunas de las formas en las que puedes beneficiarte.[\/vc_column_text][vc_column_text css=\u00bb\u00bb]<a href=\"\/es\/productores\/\">Informaci\u00f3n para productores &gt;&gt;<\/a>[\/vc_column_text][\/vc_column][vc_column width=\u00bb1\/3&#8243;][vc_single_image image=\u00bb3757&#8243; img_size=\u00bbfull\u00bb][vc_custom_heading text=\u00bb\u00bfVende geranios en su tienda?\u00bb font_container=\u00bbtag:h3|text_align:left\u00bb use_theme_fonts=\u00bbyes\u00bb css=\u00bb\u00bb el_class=\u00bbpfe-small\u00bb][vc_column_text css=\u00bb\u00bb]Nuestro objetivo es animar a m\u00e1s consumidores a enamorarse de los geranios y a comprar el mayor n\u00famero posible cada a\u00f1o. Ofrecemos una serie de materiales y herramientas de marketing gratuitos para ayudarle a aumentar sus ventas.[\/vc_column_text][vc_column_text css=\u00bb\u00bb]<a href=\"\/es\/minoristas\/\">Descubre oportunidades para tiendas &gt;&gt;<\/a>[\/vc_column_text][\/vc_column][vc_column width=\u00bb1\/3&#8243;][vc_single_image image=\u00bb3756&#8243; img_size=\u00bbfull\u00bb][vc_custom_heading text=\u00bb\u00bfBuscas informaci\u00f3n de prensa?\u00bb font_container=\u00bbtag:h3|text_align:left\u00bb use_theme_fonts=\u00bbyes\u00bb css=\u00bb\u00bb el_class=\u00bbpfe-small\u00bb][vc_column_text css=\u00bb\u00bb]Si eres un periodista especializado que busca las \u00faltimas noticias, comunicados de prensa y fotos libres de derechos, has llegado al lugar adecuado. Siempre estamos dispuestos a ayudarte con contenido, fotograf\u00eda y m\u00e1s.[\/vc_column_text][vc_column_text css=\u00bb\u00bb]<a href=\"https:\/\/pelargonium-for-europe.com\/es\/\">Informaci\u00f3n para prensa especializada &gt;&gt;<\/a>[\/vc_column_text][\/vc_column][\/vc_row][vc_row][vc_column][vc_column_text][\/vc_column_text][\/vc_column][\/vc_row][vc_row el_class=\u00bbpfe-greenborderbox\u00bb][vc_column width=\u00bb2\/3&#8243;][vc_single_image image=\u00bb3758&#8243; img_size=\u00bbfull\u00bb][\/vc_column][vc_column width=\u00bb1\/3&#8243;][vc_custom_heading text=\u00bb\u00bfEres criador?\u00bb use_theme_fonts=\u00bbyes\u00bb css=\u00bb\u00bb el_class=\u00bbpfe-small\u00bb][vc_column_text css=\u00bb\u00bb]Si representas a una empresa de viverista y quieres saber c\u00f3mo tu apoyo puede beneficiar a tu empresa y al sector en general, ponte en contacto con nosotros.<\/p>\n<p><strong>Direcci\u00f3n de proyecto<\/strong><br \/>\nPelargonium for Europe GbR,<br \/>\n<strong>Dra. Susanne Lux<br \/>\n<\/strong>Bornheimerstra\u00dfe 37<br \/>\n53111 Bonn<strong><br \/>\nTel\u00e9fono:<\/strong> + 49 2644 981333,<br \/>\n<strong>E-mail:<\/strong> <a href=\"mailto:susanne.lux@meclux.de\">susanne.lux@meclux.de<\/a>[\/vc_column_text][\/vc_column][\/vc_row][vc_row][vc_column][vc_empty_space height=\u00bb75px\u00bb][\/vc_column][\/vc_row][vc_row disable_element=\u00bbyes\u00bb][vc_column width=\u00bb1\/2&#8243;][vc_custom_heading text=\u00bbWho is behind Pelargonium for Europe?\u00bb use_theme_fonts=\u00bbyes\u00bb el_class=\u00bbpfe-small\u00bb][vc_column_text css=\u00bb\u00bb]PfE is the marketing initiative of European pelargonium breeders Florensis, D\u00fcmmen Orange, Selecta one, Syngenta Flowers, Elsner PAC, P. van der Haak Handelskwekerij. Under the umbrella of Green Marketing Europe (GME), Dr. Susanne Lux manages the Pelargonium for Europe campaign with a team of dedicated staff and freelancers. PfE partners with a wide network of talented agencies and freelancers to produce materials and deliver campaigns across 22 European countries.[\/vc_column_text][\/vc_column][vc_column width=\u00bb1\/2&#8243;][vc_single_image image=\u00bb3754&#8243; img_size=\u00bbfull\u00bb][\/vc_column][\/vc_row][vc_row][vc_column][vc_single_image image=\u00bb4576&#8243; img_size=\u00bbfull\u00bb alignment=\u00bbcenter\u00bb css=\u00bb\u00bb][\/vc_column][\/vc_row]<\/p><\/div><div class=\"acf-fields-container\" data-post-id=\"648\" data-canto-acf=\"true\"><\/div><style>\r\n        .acf-fields-container {\r\n            margin: 2em 0;\r\n            width: 100%;\r\n            clear: both;\r\n        }\r\n        .acf-field-image {\r\n            margin: 1.5em 0;\r\n            position: relative;\r\n        }\r\n        .acf-field-label {\r\n            margin-bottom: 1em;\r\n        }\r\n        .acf-image {\r\n            max-width: 100%;\r\n            height: auto;\r\n            display: block;\r\n            margin: 1em 0;\r\n        }\r\n    <\/style>","protected":false},"excerpt":{"rendered":"<p>[vc_row][vc_column][vc_custom_heading text=\u00bbOportunidades para todos los sectores de la industria\u00bb font_container=\u00bbtag:h2|text_align:center\u00bb use_theme_fonts=\u00bbyes\u00bb css=\u00bb\u00bb el_class=\u00bbpfe-small2&#8243; el_id=\u00bboportunidades\u00bb][\/vc_column][\/vc_row][vc_row][vc_column][vc_column_text css=\u00bb\u00bb] En Plargonium for Europe, nos dirigimos directamente a tus clientes finales promocionando las numerosas ventajas de la geranios a trav\u00e9s de nuestra campa\u00f1a de promoci\u00f3n entre los consumidores. De este modo, inspiramos continuamente a nuevos p\u00fablicos, asegurando las ventas de [&hellip;]<\/p>\n","protected":false},"author":1,"featured_media":3764,"parent":0,"menu_order":0,"comment_status":"closed","ping_status":"closed","template":"template-parts\/pfe-trade.php","meta":{"_acf_changed":false,"inline_featured_image":false,"footnotes":""},"class_list":["post-648","page","type-page","status-publish","has-post-thumbnail","hentry"],"acf":[],"_links":{"self":[{"href":"https:\/\/pfe-trade.com\/es\/wp-json\/wp\/v2\/pages\/648","targetHints":{"allow":["GET"]}}],"collection":[{"href":"https:\/\/pfe-trade.com\/es\/wp-json\/wp\/v2\/pages"}],"about":[{"href":"https:\/\/pfe-trade.com\/es\/wp-json\/wp\/v2\/types\/page"}],"author":[{"embeddable":true,"href":"https:\/\/pfe-trade.com\/es\/wp-json\/wp\/v2\/users\/1"}],"replies":[{"embeddable":true,"href":"https:\/\/pfe-trade.com\/es\/wp-json\/wp\/v2\/comments?post=648"}],"version-history":[{"count":196,"href":"https:\/\/pfe-trade.com\/es\/wp-json\/wp\/v2\/pages\/648\/revisions"}],"predecessor-version":[{"id":4577,"href":"https:\/\/pfe-trade.com\/es\/wp-json\/wp\/v2\/pages\/648\/revisions\/4577"}],"wp:featuredmedia":[{"embeddable":true,"href":"https:\/\/pfe-trade.com\/es\/wp-json\/wp\/v2\/media\/3764"}],"wp:attachment":[{"href":"https:\/\/pfe-trade.com\/es\/wp-json\/wp\/v2\/media?parent=648"}],"curies":[{"name":"wp","href":"https:\/\/api.w.org\/{rel}","templated":true}]}}