{"id":667,"date":"2021-12-28T12:17:36","date_gmt":"2021-12-28T12:17:36","guid":{"rendered":"https:\/\/meine-geranien.de\/da\/?page_id=667"},"modified":"2026-03-05T14:37:51","modified_gmt":"2026-03-05T13:37:51","slug":"pos-materiale","status":"publish","type":"page","link":"https:\/\/pfe-trade.com\/da\/pos-materiale\/","title":{"rendered":"POS-Materiale"},"content":{"rendered":"<div class=\"wpb-content-wrapper\"><p>[vc_row type=&#8221;full_width_background&#8221; full_screen_row_position=&#8221;middle&#8221; column_margin=&#8221;default&#8221; column_direction=&#8221;default&#8221; column_direction_tablet=&#8221;default&#8221; column_direction_phone=&#8221;default&#8221; scene_position=&#8221;center&#8221; top_padding=&#8221;60&#8243; bottom_padding=&#8221;30&#8243; text_color=&#8221;dark&#8221; text_align=&#8221;left&#8221; row_border_radius=&#8221;none&#8221; row_border_radius_applies=&#8221;bg&#8221; id=&#8221;point&#8221; overlay_strength=&#8221;0.3&#8243; gradient_direction=&#8221;left_to_right&#8221; shape_divider_position=&#8221;bottom&#8221; bg_image_animation=&#8221;none&#8221; shape_type=&#8221;&#8221;][vc_column column_padding=&#8221;no-extra-padding&#8221; column_padding_tablet=&#8221;inherit&#8221; column_padding_phone=&#8221;inherit&#8221; column_padding_position=&#8221;all&#8221; background_color_opacity=&#8221;1&#8243; background_hover_color_opacity=&#8221;1&#8243; column_shadow=&#8221;none&#8221; column_border_radius=&#8221;none&#8221; column_link_target=&#8221;_self&#8221; gradient_direction=&#8221;left_to_right&#8221; overlay_strength=&#8221;0.3&#8243; tablet_width_inherit=&#8221;default&#8221; tablet_text_alignment=&#8221;default&#8221; phone_text_alignment=&#8221;default&#8221; column_border_width=&#8221;none&#8221; column_border_style=&#8221;solid&#8221; bg_image_animation=&#8221;none&#8221;][vc_column_text css=&#8221;&#8221; el_id=&#8221;pos-materiale&#8221;]<\/p>\n<h1>POS-materiale<\/h1>\n<p><span data-teams=\"true\">S\u00e6lg mere med dette gratis POS-materiale!<\/span><\/p>\n<p>Pelargonium for Europe leverer gratis materiale, der kan downloades til butikker. Uanset om det er ved butikkens indgang, ved kassen eller ved siden af pelargonie-planterne, kan vores bannere, plakater og POS-materialer skabe her og nu displayl\u00f8sninger til havecentre, blomsterhandlere og detailhandelen.<\/p>\n<p>Download blot materialerne i h\u00f8j opl\u00f8sning i PDF og f\u00e5 det trykt af et firma efter eget valg.<\/p>\n<p><span data-teams=\"true\">Eller r\u00e6k ud til <a href=\"https:\/\/pfe-trade.com\/da\/kontakt\/?location=dk\" target=\"_blank\" rel=\"noopener\">Think PR<\/a>, som kan sende det printede materiale til dig. <\/span><\/p>\n<p>Vil du have skr\u00e6ddersyede l\u00f8sninger? Download vores gratis fotos i h\u00f8j opl\u00f8sning, og design dem selv. Hvis du ikke har en grafisk designer, kan du pr\u00f8ve at bruge v\u00e6rkt\u00f8jer som <a href=\"http:\/\/www.canva.com\/\">Canva<\/a>.[\/vc_column_text][vc_tta_tabs color=&#8221;white&#8221; active_section=&#8221;1&#8243; no_fill_content_area=&#8221;true&#8221;][vc_tta_section title=&#8221;2026\/2025&#8243; tab_id=&#8221;1675933311955-632d8283-c86a&#8221;][vc_row_inner column_margin=&#8221;default&#8221; column_direction=&#8221;default&#8221; column_direction_tablet=&#8221;default&#8221; column_direction_phone=&#8221;default&#8221; text_align=&#8221;left&#8221;][vc_column_inner width=&#8221;1\/3&#8243; column_padding=&#8221;no-extra-padding&#8221; column_padding_tablet=&#8221;inherit&#8221; column_padding_phone=&#8221;inherit&#8221; column_padding_position=&#8221;all&#8221; background_color_opacity=&#8221;1&#8243; background_hover_color_opacity=&#8221;1&#8243; column_shadow=&#8221;none&#8221; column_border_radius=&#8221;none&#8221; column_link_target=&#8221;_self&#8221; gradient_direction=&#8221;left_to_right&#8221; overlay_strength=&#8221;0.3&#8243; tablet_width_inherit=&#8221;default&#8221; column_border_width=&#8221;none&#8221; column_border_style=&#8221;solid&#8221; bg_image_animation=&#8221;none&#8221;][vc_single_image image=&#8221;4340&#8243; img_size=&#8221;full&#8221; alignment=&#8221;center&#8221; css=&#8221;&#8221;][vc_custom_heading text=&#8221;Poster A1 &#8211; 1&#8243; font_container=&#8221;tag:p|text_align:center&#8221; use_theme_fonts=&#8221;yes&#8221; css=&#8221;&#8221; el_class=&#8221;pfe-pos-headline&#8221;][vc_column_text css=&#8221;&#8221;]<\/p>\n<p style=\"text-align: center;\">761 KB<br \/>\n<a href=\"https:\/\/www.dropbox.com\/scl\/fi\/ld1xki7lho4eifa0pbnkx\/PFE2025_PosterA1_DK-1.pdf?rlkey=5ebviln9yicc9fmm7jqpvkd1f&amp;dl=0\" target=\"_blank\" rel=\"noopener\">Download den trykte version &gt;&gt;<\/a><br \/>\n<a href=\"https:\/\/www.dropbox.com\/scl\/fi\/u0dsmy4x1nknebcyet0zj\/PFE_Posterset-A1_DK-1.pdf?rlkey=p7om5gfbi91qmhpmbu9jvobm2&amp;dl=0\" target=\"_blank\" rel=\"noopener\">Download PDF &gt;&gt;<\/a><\/p>\n<p>[\/vc_column_text][\/vc_column_inner][vc_column_inner width=&#8221;1\/3&#8243; column_padding=&#8221;no-extra-padding&#8221; column_padding_tablet=&#8221;inherit&#8221; column_padding_phone=&#8221;inherit&#8221; column_padding_position=&#8221;all&#8221; background_color_opacity=&#8221;1&#8243; background_hover_color_opacity=&#8221;1&#8243; column_shadow=&#8221;none&#8221; column_border_radius=&#8221;none&#8221; column_link_target=&#8221;_self&#8221; gradient_direction=&#8221;left_to_right&#8221; overlay_strength=&#8221;0.3&#8243; tablet_width_inherit=&#8221;default&#8221; column_border_width=&#8221;none&#8221; column_border_style=&#8221;solid&#8221; bg_image_animation=&#8221;none&#8221;][vc_single_image image=&#8221;4341&#8243; img_size=&#8221;full&#8221; alignment=&#8221;center&#8221; css=&#8221;&#8221;][vc_custom_heading text=&#8221;Poster A1 &#8211; 2&#8243; font_container=&#8221;tag:p|text_align:center&#8221; use_theme_fonts=&#8221;yes&#8221; css=&#8221;&#8221; el_class=&#8221;pfe-pos-headline&#8221;][vc_column_text css=&#8221;&#8221;]<\/p>\n<p style=\"text-align: center;\">931 KB<br \/>\n<a href=\"https:\/\/www.dropbox.com\/scl\/fi\/t75fdc1ssubq50869pqie\/PFE2025_PosterA1_DK-2.pdf?rlkey=8bxif65ol1vp7b7rqxfzuwvu4&amp;dl=0\" target=\"_blank\" rel=\"noopener\">Download den trykte version &gt;&gt;<\/a><br \/>\n<a href=\"https:\/\/www.dropbox.com\/scl\/fi\/vmls8v4cjbfi8lcqlyk98\/PFE_Posterset-A1_DK-2.pdf?rlkey=duvbjsl0qoen0jhxw0oq0kekk&amp;dl=0\" target=\"_blank\" rel=\"noopener\">Download PDF &gt;&gt;<\/a><\/p>\n<p>[\/vc_column_text][\/vc_column_inner][vc_column_inner width=&#8221;1\/3&#8243; column_padding=&#8221;no-extra-padding&#8221; column_padding_tablet=&#8221;inherit&#8221; column_padding_phone=&#8221;inherit&#8221; column_padding_position=&#8221;all&#8221; background_color_opacity=&#8221;1&#8243; background_hover_color_opacity=&#8221;1&#8243; column_shadow=&#8221;none&#8221; column_border_radius=&#8221;none&#8221; column_link_target=&#8221;_self&#8221; gradient_direction=&#8221;left_to_right&#8221; overlay_strength=&#8221;0.3&#8243; tablet_width_inherit=&#8221;default&#8221; column_border_width=&#8221;none&#8221; column_border_style=&#8221;solid&#8221; bg_image_animation=&#8221;none&#8221;][vc_single_image image=&#8221;4336&#8243; img_size=&#8221;full&#8221; alignment=&#8221;center&#8221; css=&#8221;&#8221;][vc_custom_heading text=&#8221;Poster A1 &#8211; 3&#8243; font_container=&#8221;tag:p|text_align:center&#8221; use_theme_fonts=&#8221;yes&#8221; css=&#8221;&#8221; el_class=&#8221;pfe-pos-headline&#8221;][vc_column_text css=&#8221;&#8221;]<\/p>\n<p style=\"text-align: center;\">875 MB<br \/>\n<a href=\"https:\/\/www.dropbox.com\/scl\/fi\/vvr6akioono8602crvko1\/PFE2025_PosterA1_DK-3.pdf?rlkey=vnd0p8k9397mnz5ev7bsmfi8e&amp;dl=0\" target=\"_blank\" rel=\"noopener\">Download den trykte version &gt;&gt;<\/a><br \/>\n<a href=\"https:\/\/www.dropbox.com\/scl\/fi\/x59sj2h2pcwlimm8fvwcu\/PFE_Posterset-A1_DK-3.pdf?rlkey=ksp5uzcyuw65jr4yyl7g63dww&amp;dl=0\" target=\"_blank\" rel=\"noopener\">Download PDF &gt;&gt;<\/a><\/p>\n<p>[\/vc_column_text][\/vc_column_inner][\/vc_row_inner][vc_row_inner column_margin=&#8221;default&#8221; column_direction=&#8221;default&#8221; column_direction_tablet=&#8221;default&#8221; column_direction_phone=&#8221;default&#8221; text_align=&#8221;left&#8221;][vc_column_inner width=&#8221;1\/3&#8243; column_padding=&#8221;no-extra-padding&#8221; column_padding_tablet=&#8221;inherit&#8221; column_padding_phone=&#8221;inherit&#8221; column_padding_position=&#8221;all&#8221; background_color_opacity=&#8221;1&#8243; background_hover_color_opacity=&#8221;1&#8243; column_shadow=&#8221;none&#8221; column_border_radius=&#8221;none&#8221; column_link_target=&#8221;_self&#8221; gradient_direction=&#8221;left_to_right&#8221; overlay_strength=&#8221;0.3&#8243; tablet_width_inherit=&#8221;default&#8221; column_border_width=&#8221;none&#8221; column_border_style=&#8221;solid&#8221; bg_image_animation=&#8221;none&#8221;][vc_single_image image=&#8221;4357&#8243; img_size=&#8221;full&#8221; css=&#8221;&#8221;][vc_custom_heading text=&#8221;Plejekort&#8221; font_container=&#8221;tag:p|text_align:center&#8221; use_theme_fonts=&#8221;yes&#8221; css=&#8221;&#8221; el_class=&#8221;pfe-pos-headline&#8221;][vc_column_text css=&#8221;&#8221;]<\/p>\n<p style=\"text-align: center;\">2,85 MB<br \/>\n<a href=\"https:\/\/www.dropbox.com\/scl\/fi\/wz37715xjz9cmhp3h1t0d\/PFE2025_Pflegekarte_DIN-lang_DK.pdf?rlkey=6vbcsg7i6iu7x8s1u4lpf5yvo&amp;dl=0\" target=\"_blank\" rel=\"noopener\">Download den trykte version &gt;&gt;<\/a><br \/>\n<a href=\"https:\/\/www.dropbox.com\/scl\/fi\/gycxyh298fge8uxtgsjxs\/PFE_Pflegekarte_DIN-lang_DK.pdf?rlkey=ocxoxkgowldzj6h7ui70qvk3z&amp;dl=0\" target=\"_blank\" rel=\"noopener\">Download PDF &gt;&gt;<\/a><\/p>\n<p>[\/vc_column_text][\/vc_column_inner][vc_column_inner width=&#8221;1\/3&#8243; column_padding=&#8221;no-extra-padding&#8221; column_padding_tablet=&#8221;inherit&#8221; column_padding_phone=&#8221;inherit&#8221; column_padding_position=&#8221;all&#8221; background_color_opacity=&#8221;1&#8243; background_hover_color_opacity=&#8221;1&#8243; column_shadow=&#8221;none&#8221; column_border_radius=&#8221;none&#8221; column_link_target=&#8221;_self&#8221; gradient_direction=&#8221;left_to_right&#8221; overlay_strength=&#8221;0.3&#8243; tablet_width_inherit=&#8221;default&#8221; column_border_width=&#8221;none&#8221; column_border_style=&#8221;solid&#8221; bg_image_animation=&#8221;none&#8221;][vc_single_image image=&#8221;4339&#8243; img_size=&#8221;full&#8221; alignment=&#8221;center&#8221; css=&#8221;&#8221;][vc_custom_heading text=&#8221;XL Banderole&#8221; font_container=&#8221;tag:p|text_align:center&#8221; use_theme_fonts=&#8221;yes&#8221; css=&#8221;&#8221; el_class=&#8221;pfe-pos-headline&#8221;][vc_column_text css=&#8221;&#8221;]<\/p>\n<p style=\"text-align: center;\">27,1 MB<br \/>\n<a href=\"https:\/\/www.dropbox.com\/scl\/fi\/ieyoarm08n2ubvyq9u0pb\/PFE2025_Grossflaeche_DK.pdf?rlkey=ijjrrb8o8bin042feir8efd7f&amp;dl=0\" target=\"_blank\" rel=\"noopener\">Download den trykte version &gt;&gt;<\/a><br \/>\n<a href=\"https:\/\/www.dropbox.com\/scl\/fi\/zynz4e1g1tcdzkctgd6sm\/PFE_Grossbanner_350x250cm_DK.pdf?rlkey=0u6u39h512l9puagzkendimsz&amp;dl=0\" target=\"_blank\" rel=\"noopener\">Download PDF &gt;&gt;<\/a><\/p>\n<p>[\/vc_column_text][\/vc_column_inner][vc_column_inner width=&#8221;1\/3&#8243; column_padding=&#8221;no-extra-padding&#8221; column_padding_tablet=&#8221;inherit&#8221; column_padding_phone=&#8221;inherit&#8221; column_padding_position=&#8221;all&#8221; background_color_opacity=&#8221;1&#8243; background_hover_color_opacity=&#8221;1&#8243; column_shadow=&#8221;none&#8221; column_border_radius=&#8221;none&#8221; column_link_target=&#8221;_self&#8221; gradient_direction=&#8221;left_to_right&#8221; overlay_strength=&#8221;0.3&#8243; tablet_width_inherit=&#8221;default&#8221; column_border_width=&#8221;none&#8221; column_border_style=&#8221;solid&#8221; bg_image_animation=&#8221;none&#8221;][vc_single_image image=&#8221;4359&#8243; img_size=&#8221;full&#8221; alignment=&#8221;center&#8221; css=&#8221;&#8221;][vc_custom_heading text=&#8221;Lodret dekorativt banner&#8221; font_container=&#8221;tag:p|text_align:center&#8221; use_theme_fonts=&#8221;yes&#8221; css=&#8221;&#8221; el_class=&#8221;pfe-pos-headline&#8221;][vc_column_text css=&#8221;&#8221;]<\/p>\n<p style=\"text-align: center;\">4,96 MB<br \/>\n<a href=\"https:\/\/www.dropbox.com\/scl\/fi\/5r8oyildbtext8luxe1dc\/PFE2025_Dekobanner80x180cm-Hohlsaum_DK.pdf?rlkey=dhbrb7chteely8itfwooo7e06&amp;dl=0\" target=\"_blank\" rel=\"noopener\">Download den trykte version &gt;&gt;<\/a><br \/>\n<a href=\"https:\/\/www.dropbox.com\/scl\/fi\/yq517gqqykwmtuewf525j\/PFE_Dekobanner_80x180cm_DK.pdf?rlkey=shnmo1du1w6l18orlbwzxjfqn&amp;dl=0\" target=\"_blank\" rel=\"noopener\">Download PDF &gt;&gt;<\/a><\/p>\n<p>[\/vc_column_text][\/vc_column_inner][\/vc_row_inner][vc_row_inner disable_element=&#8221;yes&#8221; column_margin=&#8221;default&#8221; column_direction=&#8221;default&#8221; column_direction_tablet=&#8221;default&#8221; column_direction_phone=&#8221;default&#8221; text_align=&#8221;left&#8221;][vc_column_inner width=&#8221;1\/3&#8243; column_padding=&#8221;no-extra-padding&#8221; column_padding_tablet=&#8221;inherit&#8221; column_padding_phone=&#8221;inherit&#8221; column_padding_position=&#8221;all&#8221; background_color_opacity=&#8221;1&#8243; background_hover_color_opacity=&#8221;1&#8243; column_shadow=&#8221;none&#8221; column_border_radius=&#8221;none&#8221; column_link_target=&#8221;_self&#8221; gradient_direction=&#8221;left_to_right&#8221; overlay_strength=&#8221;0.3&#8243; tablet_width_inherit=&#8221;default&#8221; column_border_width=&#8221;none&#8221; column_border_style=&#8221;solid&#8221; bg_image_animation=&#8221;none&#8221;][vc_single_image image=&#8221;4229&#8243; img_size=&#8221;full&#8221;][vc_custom_heading text=&#8221;Plejekort&#8221; font_container=&#8221;tag:p|text_align:center&#8221; use_theme_fonts=&#8221;yes&#8221; css=&#8221;&#8221; el_class=&#8221;pfe-pos-headline&#8221;][vc_column_text]<\/p>\n<p style=\"text-align: center;\">761 KB<br \/>\nComing Soon!<br \/>\nDownload &gt;&gt;<\/p>\n<p>[\/vc_column_text][\/vc_column_inner][vc_column_inner width=&#8221;1\/3&#8243; column_padding=&#8221;no-extra-padding&#8221; column_padding_tablet=&#8221;inherit&#8221; column_padding_phone=&#8221;inherit&#8221; column_padding_position=&#8221;all&#8221; background_color_opacity=&#8221;1&#8243; background_hover_color_opacity=&#8221;1&#8243; column_shadow=&#8221;none&#8221; column_border_radius=&#8221;none&#8221; column_link_target=&#8221;_self&#8221; gradient_direction=&#8221;left_to_right&#8221; overlay_strength=&#8221;0.3&#8243; tablet_width_inherit=&#8221;default&#8221; column_border_width=&#8221;none&#8221; column_border_style=&#8221;solid&#8221; bg_image_animation=&#8221;none&#8221;][vc_single_image image=&#8221;4229&#8243; img_size=&#8221;full&#8221;][vc_custom_heading text=&#8221;Deckobanner stor&#8221; font_container=&#8221;tag:p|text_align:center&#8221; use_theme_fonts=&#8221;yes&#8221; css=&#8221;&#8221; el_class=&#8221;pfe-pos-headline&#8221;][vc_column_text]<\/p>\n<p style=\"text-align: center;\">931 KB<br \/>\nComing Soon!<br \/>\nDownload &gt;&gt;<\/p>\n<p>[\/vc_column_text][\/vc_column_inner][vc_column_inner width=&#8221;1\/3&#8243; column_padding=&#8221;no-extra-padding&#8221; column_padding_tablet=&#8221;inherit&#8221; column_padding_phone=&#8221;inherit&#8221; column_padding_position=&#8221;all&#8221; background_color_opacity=&#8221;1&#8243; background_hover_color_opacity=&#8221;1&#8243; column_shadow=&#8221;none&#8221; column_border_radius=&#8221;none&#8221; column_link_target=&#8221;_self&#8221; gradient_direction=&#8221;left_to_right&#8221; overlay_strength=&#8221;0.3&#8243; tablet_width_inherit=&#8221;default&#8221; column_border_width=&#8221;none&#8221; column_border_style=&#8221;solid&#8221; bg_image_animation=&#8221;none&#8221;][\/vc_column_inner][\/vc_row_inner][\/vc_tta_section][\/vc_tta_tabs][\/vc_column][\/vc_row][vc_row el_class=&#8221;pfe-pos-question-box&#8221;][vc_column width=&#8221;2\/3&#8243;][vc_single_image image=&#8221;3800&#8243; img_size=&#8221;full&#8221;][\/vc_column][vc_column width=&#8221;1\/3&#8243;][vc_custom_heading text=&#8221;Har du sp\u00f8rgsm\u00e5l til POS- materiale?&#8221; use_theme_fonts=&#8221;yes&#8221; css=&#8221;&#8221; el_class=&#8221;pfe-small pfe-posbox-headline&#8221;][vc_column_text css=&#8221;&#8221;]<strong>Denmark<\/strong><\/p>\n<div class=\"wp-block-column is-layout-flow wp-block-column-is-layout-flow\">\n<p>Think PR<br \/>\n\ud83d\udcde +45 33 14 00 00<br \/>\n\u2709 <a href=\"mailto:europeinbloomdk@thinkpr.dk\">europeinbloomdk@thinkpr.dk<\/a><\/p>\n<\/div>\n<p>[\/vc_column_text][\/vc_column][\/vc_row]<\/p><\/div><div class=\"acf-fields-container\" data-post-id=\"667\" data-canto-acf=\"true\"><\/div><style>\r\n        .acf-fields-container {\r\n            margin: 2em 0;\r\n            width: 100%;\r\n            clear: both;\r\n        }\r\n        .acf-field-image {\r\n            margin: 1.5em 0;\r\n            position: relative;\r\n        }\r\n        .acf-field-label {\r\n            margin-bottom: 1em;\r\n        }\r\n        .acf-image {\r\n            max-width: 100%;\r\n            height: auto;\r\n            display: block;\r\n            margin: 1em 0;\r\n        }\r\n    <\/style>","protected":false},"excerpt":{"rendered":"<p>[vc_row type=&#8221;full_width_background&#8221; full_screen_row_position=&#8221;middle&#8221; column_margin=&#8221;default&#8221; column_direction=&#8221;default&#8221; column_direction_tablet=&#8221;default&#8221; column_direction_phone=&#8221;default&#8221; scene_position=&#8221;center&#8221; top_padding=&#8221;60&#8243; bottom_padding=&#8221;30&#8243; text_color=&#8221;dark&#8221; text_align=&#8221;left&#8221; row_border_radius=&#8221;none&#8221; row_border_radius_applies=&#8221;bg&#8221; id=&#8221;point&#8221; overlay_strength=&#8221;0.3&#8243; gradient_direction=&#8221;left_to_right&#8221; shape_divider_position=&#8221;bottom&#8221; bg_image_animation=&#8221;none&#8221; shape_type=&#8221;&#8221;][vc_column column_padding=&#8221;no-extra-padding&#8221; column_padding_tablet=&#8221;inherit&#8221; column_padding_phone=&#8221;inherit&#8221; column_padding_position=&#8221;all&#8221; background_color_opacity=&#8221;1&#8243; background_hover_color_opacity=&#8221;1&#8243; column_shadow=&#8221;none&#8221; column_border_radius=&#8221;none&#8221; column_link_target=&#8221;_self&#8221; gradient_direction=&#8221;left_to_right&#8221; overlay_strength=&#8221;0.3&#8243; tablet_width_inherit=&#8221;default&#8221; tablet_text_alignment=&#8221;default&#8221; phone_text_alignment=&#8221;default&#8221; column_border_width=&#8221;none&#8221; column_border_style=&#8221;solid&#8221; bg_image_animation=&#8221;none&#8221;][vc_column_text css=&#8221;&#8221; el_id=&#8221;pos-materiale&#8221;] POS-materiale S\u00e6lg mere med dette gratis POS-materiale! Pelargonium for Europe leverer gratis materiale, der kan downloades [&hellip;]<\/p>\n","protected":false},"author":1,"featured_media":4261,"parent":0,"menu_order":0,"comment_status":"closed","ping_status":"closed","template":"template-parts\/pfe-trade.php","meta":{"_acf_changed":false,"inline_featured_image":false,"footnotes":""},"class_list":["post-667","page","type-page","status-publish","has-post-thumbnail","hentry"],"acf":[],"_links":{"self":[{"href":"https:\/\/pfe-trade.com\/da\/wp-json\/wp\/v2\/pages\/667","targetHints":{"allow":["GET"]}}],"collection":[{"href":"https:\/\/pfe-trade.com\/da\/wp-json\/wp\/v2\/pages"}],"about":[{"href":"https:\/\/pfe-trade.com\/da\/wp-json\/wp\/v2\/types\/page"}],"author":[{"embeddable":true,"href":"https:\/\/pfe-trade.com\/da\/wp-json\/wp\/v2\/users\/1"}],"replies":[{"embeddable":true,"href":"https:\/\/pfe-trade.com\/da\/wp-json\/wp\/v2\/comments?post=667"}],"version-history":[{"count":110,"href":"https:\/\/pfe-trade.com\/da\/wp-json\/wp\/v2\/pages\/667\/revisions"}],"predecessor-version":[{"id":4562,"href":"https:\/\/pfe-trade.com\/da\/wp-json\/wp\/v2\/pages\/667\/revisions\/4562"}],"wp:featuredmedia":[{"embeddable":true,"href":"https:\/\/pfe-trade.com\/da\/wp-json\/wp\/v2\/media\/4261"}],"wp:attachment":[{"href":"https:\/\/pfe-trade.com\/da\/wp-json\/wp\/v2\/media?parent=667"}],"curies":[{"name":"wp","href":"https:\/\/api.w.org\/{rel}","templated":true}]}}