{"id":655,"date":"2021-12-27T18:24:59","date_gmt":"2021-12-27T18:24:59","guid":{"rendered":"https:\/\/meine-geranien.de\/da\/?page_id=655"},"modified":"2025-12-22T08:39:11","modified_gmt":"2025-12-22T07:39:11","slug":"producenter","status":"publish","type":"page","link":"https:\/\/pfe-trade.com\/da\/producenter\/","title":{"rendered":"Producenter"},"content":{"rendered":"<div class=\"wpb-content-wrapper\"><p>[vc_row][vc_column][vc_custom_heading text=&#8221;Med vores st\u00f8tte kan du s\u00e6lge flere pelargonier.&#8221; font_container=&#8221;tag:h2|text_align:center&#8221; use_theme_fonts=&#8221;yes&#8221; css=&#8221;&#8221; el_class=&#8221;pfe-small2&#8243; el_id=&#8221;med-vores-stotte&#8221;][vc_column_text css=&#8221;&#8221;]<\/p>\n<p style=\"text-align: center;\">Hvert \u00e5r n\u00e5r vi millioner af forbrugere med vores storstilede PR- og markedsf\u00f8ringskampagner, hvor vi promoverer dit produkt direkte til slutforbrugerne. Her kan du l\u00e6se mere om, hvad vi g\u00f8r for dig, og hvordan du personligt kan drage fordel af vores arbejde, enten som ekspert til presseinterviews eller ved at g\u00f8re brug af vores fotografier, tekstindhold og videoer.<\/p>\n<p>[\/vc_column_text][\/vc_column][\/vc_row][vc_row el_class=&#8221;pfe-flexibel-abstand&#8221;][vc_column][vc_empty_space height=&#8221;50px&#8221;][\/vc_column][\/vc_row][vc_row][vc_column width=&#8221;1\/2&#8243;][vc_single_image image=&#8221;3768&#8243; img_size=&#8221;full&#8221;][\/vc_column][vc_column width=&#8221;1\/2&#8243;][vc_custom_heading text=&#8221;Inspirerende forbrugere&#8221; use_theme_fonts=&#8221;yes&#8221; css=&#8221;&#8221; el_class=&#8221;pfe-small2&#8243;][vc_column_text css=&#8221;&#8221;]<\/p>\n<p style=\"text-align: left;\">Vores omfattende forbrugerkampagne fokuserer p\u00e5 at fremh\u00e6ve fordelene ved den nemme pelargonie, \u00f8ge bevidstheden og motivere flere mennesker til at k\u00f8be dine planter. Vi s\u00e6tter fokus p\u00e5 pelargonierne i b\u00e5de radio og tv, vi bygger partnerskaber med profilerede influencers, pelargonier bliver omtalt i de bedste aviser og magasiner, og de f\u00e5r opm\u00e6rksomhed p\u00e5 festivaler og events. For at se, hvad der er opn\u00e5et i dit land, kan du l\u00e6se vores nyeste \u00e5rsrapport eller tilmelde dig vores nyhedsbreve.<\/p>\n<p>[\/vc_column_text][vc_column_text css=&#8221;&#8221;]<a href=\"https:\/\/us18.campaign-archive.com\/home\/?u=134b7d583f28b28e232f5f377&amp;id=1e2185f037\">Se tidligere \u00e5rsrapporter &gt;&gt;<\/a><\/p>\n<p><a href=\"https:\/\/pelargoniumforeurope.us18.list-manage.com\/subscribe?u=134b7d583f28b28e232f5f377&amp;id=1e2185f037\">Tilmeld dig nyhedsbrevet &gt;&gt;<\/a>[\/vc_column_text][\/vc_column][\/vc_row][vc_row el_class=&#8221;pfe-flexibel-abstand&#8221;][vc_column][vc_empty_space height=&#8221;50px&#8221;][\/vc_column][\/vc_row][vc_row][vc_column width=&#8221;1\/2&#8243;][vc_custom_heading text=&#8221;Samarbejdsmulighederne&#8221; use_theme_fonts=&#8221;yes&#8221; css=&#8221;&#8221; el_class=&#8221;pfe-small2&#8243;][vc_column_text css=&#8221;&#8221;]Vi skaber muligheder for at producenter aktivt kan deltage i PfE og finde nye muligheder. Har du lyst til at f\u00e5 din planteskole fremvist p\u00e5 TV i bedste sendetid, blive interviewet p\u00e5 regional radio, f\u00e5 dine planter udstillet p\u00e5 verdens st\u00f8rste havemesser og udvikle netv\u00e6rk med andre n\u00f8gleakt\u00f8rer i branchen? R\u00e6k endelig ud! Vi er altid glade for at komme i kontakt med nye producenter.[\/vc_column_text][vc_column_text css=&#8221;&#8221;]<a href=\"\/da\/kontakt\/\">\u00a0Kontakt PfE-kontoret i mit land &gt;&gt;<\/a>[\/vc_column_text][\/vc_column][vc_column width=&#8221;1\/2&#8243;][vc_single_image image=&#8221;3771&#8243; img_size=&#8221;full&#8221;][\/vc_column][\/vc_row][vc_row el_class=&#8221;pfe-flexibel-abstand&#8221;][vc_column][vc_empty_space height=&#8221;50px&#8221;][\/vc_column][\/vc_row][vc_row][vc_column width=&#8221;1\/2&#8243;][vc_single_image image=&#8221;3769&#8243; img_size=&#8221;full&#8221;][\/vc_column][vc_column width=&#8221;1\/2&#8243;][vc_custom_heading text=&#8221;Ressourcer til dine kunder&#8221; use_theme_fonts=&#8221;yes&#8221; css=&#8221;&#8221; el_class=&#8221;pfe-small2&#8243;][vc_column_text css=&#8221;&#8221;]Gennem vores kampagne kan du yderligere st\u00f8tte dine egne kunder og branchekontakter. Vi tilbyder en r\u00e6kke v\u00e6rkt\u00f8jer, som dine detailkunder kan drage fordel af. Dette inkluderer markedsf\u00f8ringsr\u00e5dgivning, videoer, POS-materialer og et omfattende billedbibliotek. Du er velkommen til at dele vores ressourcer med dine kunder og kontakter og bruge dem selv.[\/vc_column_text][vc_column_text css=&#8221;&#8221;]<a href=\"\/da\/forhandlere\/\">\u00a0Se ressourcer for forhandlere &gt;&gt;<\/a>[\/vc_column_text][\/vc_column][\/vc_row][vc_row el_class=&#8221;pfe-flexibel-abstand&#8221;][vc_column][vc_empty_space height=&#8221;50px&#8221;][\/vc_column][\/vc_row][vc_row][vc_column width=&#8221;1\/2&#8243;][vc_custom_heading text=&#8221;Vidensdeling&#8221; use_theme_fonts=&#8221;yes&#8221; css=&#8221;&#8221; el_class=&#8221;pfe-small2&#8243;][vc_column_text css=&#8221;&#8221;]Er du interesseret i v\u00e6rdifulde nye indsigter om din branche? PfE gennemf\u00f8rer forskellige former for forskning, fra forbruger-markedsanalyser til unders\u00f8gelser om produktionsmetoder og b\u00e6redygtighed. Vi planl\u00e6gger at udvide denne tilgang i fremtiden og fremme vidensudveksling blandt producenter. Kontakt os for at blive en del af vores netv\u00e6rk og tilmeld dig vores nyhedsbreve for at holde dig opdateret.<\/p>\n<p><a href=\"\/da\/kontakt\/\">Find kontaktperson i mit land &gt;&gt;<\/a><\/p>\n<p><a href=\"https:\/\/pelargoniumforeurope.us18.list-manage.com\/subscribe?u=134b7d583f28b28e232f5f377&amp;id=1e2185f037\">Tilmeld dig nyhedsbrevet nu!<\/a>[\/vc_column_text][\/vc_column][vc_column width=&#8221;1\/2&#8243;][vc_single_image image=&#8221;3773&#8243; img_size=&#8221;full&#8221;][\/vc_column][\/vc_row][vc_row el_class=&#8221;pfe-flexibel-abstand&#8221;][vc_column][vc_empty_space height=&#8221;50px&#8221;][\/vc_column][\/vc_row][vc_row][vc_column][vc_custom_heading text=&#8221;Brancheudtalelser&#8221; use_theme_fonts=&#8221;yes&#8221; css=&#8221;&#8221; el_class=&#8221;pfe-small&#8221;][vc_row_inner][vc_column_inner el_class=&#8221;ho&#8221; width=&#8221;1\/4&#8243;][vc_column_text css=&#8221;&#8221;]<strong>Anna Kaszewiak, brancheekspert hos Bronisze, Polens st\u00f8rste engrosmarked:<\/strong><br \/>\n&#8220;Kampagnen fra Pelargonium for Europe rammer plet hos os. Takket v\u00e6re de flotte materialer fra PfE f\u00e5r den almindelige forbruger mulighed for at l\u00e6re de grundl\u00e6ggende regler for at dyrke og passe denne fantastiske og langtidsholdbare plante. PfE\u2019s farverige brochurer, fyldt med viden og inspiration, er et rigtig godt redskab for nybegyndere i haven. De hj\u00e6lper vores kunder med at finde ud af, hvordan de skal passe planterne, og hvordan de kan kombinere dem med andre planter.&#8221;[\/vc_column_text][\/vc_column_inner][vc_column_inner width=&#8221;1\/4&#8243;][vc_column_text css=&#8221;&#8221;]<strong>Reiner H\u00f6pken, butiksejer og formand for Bundesverband Einzelhandelsg\u00e4rtner i Tyskland:<\/strong><br \/>\n&#8220;Reklamematerialet for pelargonier udstr\u00e5ler livsgl\u00e6de og giver samtidig et godt indtryk af de mange farver og former, som pelargonier findes i \u2014 noget, der ellers kan v\u00e6re sv\u00e6rt at formidle uden netop dette materiale. Personligt synes jeg, at de store plakater, flag og loftsbannere er en stor gevinst i butiksmilj\u00f8et.&#8221;[\/vc_column_text][\/vc_column_inner][vc_column_inner width=&#8221;1\/4&#8243;][vc_column_text css=&#8221;&#8221;]<strong>Maria Lundgren, gartner hos Arvidssons i Fj\u00e4r\u00e5s, Sverige:<\/strong><br \/>\n&#8220;PfE er en rigtig god indsats for at styrke markedsf\u00f8ringen af pelargonier. Kampagnen skaber tydelig \u00f8get opm\u00e6rksomhed og salg takket v\u00e6re flot billedmateriale og de pressemeddelelser, der bliver sendt ud. Det inspirerende materiale g\u00f8r, at pelargonierne bliver vist i aviser og magasiner \u2014 for det er sv\u00e6rt selv at tage billeder, der viser smukke terrasser og altaner p\u00e5 samme m\u00e5de. Det er ogs\u00e5 en fordel for os producenter, at vi kan bruge billederne til inspirerende skilte og materiale, som vores kunder kan bruge i deres butikker. Det er en stor hj\u00e6lp i den f\u00e6lles markedsf\u00f8ring.&#8221;[\/vc_column_text][\/vc_column_inner][vc_column_inner width=&#8221;1\/4&#8243;][vc_column_text css=&#8221;&#8221;]<strong>Monika Burket, formand for den \u00f8strigske blomsterengroshandel i Austrian Federal Economic Chamber:<\/strong><br \/>\n&#8220;For at fremh\u00e6ve pelargoniens smukke variation bruger vi PfE\u2019s stemningsfulde billeder og indbydende tekster i vores materialer til salgsstederne. Det hj\u00e6lper os med at n\u00e5 b\u00e5de forbrugere og medier og vise plantens sk\u00f8nhed frem. POS-materiale er blevet uundv\u00e6rligt for blomsterengrosleddet, fordi vi st\u00f8tter detailhandlen i at markedsf\u00f8re pelargonier. Takket v\u00e6re PfE-teamet og vores europ\u00e6iske samarbejdspartnere har vi stor succes med at s\u00e6tte fokus p\u00e5 denne sk\u00f8nne plante.&#8221;[\/vc_column_text][\/vc_column_inner][\/vc_row_inner][\/vc_column][\/vc_row][vc_row el_class=&#8221;pfe-flexibel-abstand&#8221;][vc_column][vc_empty_space height=&#8221;50px&#8221;][\/vc_column][\/vc_row][vc_row el_class=&#8221;pfe-greenborderbox&#8221;][vc_column width=&#8221;2\/3&#8243;][vc_single_image image=&#8221;3772&#8243; img_size=&#8221;full&#8221;][\/vc_column][vc_column width=&#8221;1\/3&#8243;][vc_custom_heading text=&#8221;Er du producent?&#8221; use_theme_fonts=&#8221;yes&#8221; css=&#8221;&#8221; el_class=&#8221;pfe-small&#8221;][vc_column_text css=&#8221;&#8221;]Kontakt os hvis du dyrker pelargonier og gerne vil v\u00e6re en del af kampagnen.<\/p>\n<p>Pelargonium for Europe Communications Manager,<br \/>\nHelena Ebrahimi<br \/>\nEmail: <a href=\"mailto:Helena@greenmarketingeurope.eu\">Helena@greenmarketingeurope.eu<\/a>[\/vc_column_text][vc_column_text css=&#8221;&#8221;]<a href=\"\/da\/kontakt\/\">Find kontaktperson i mit land &gt;&gt;<\/a>[\/vc_column_text][\/vc_column][\/vc_row]<\/p><\/div><div class=\"acf-fields-container\" data-post-id=\"655\" data-canto-acf=\"true\"><\/div><style>\r\n        .acf-fields-container {\r\n            margin: 2em 0;\r\n            width: 100%;\r\n            clear: both;\r\n        }\r\n        .acf-field-image {\r\n            margin: 1.5em 0;\r\n            position: relative;\r\n        }\r\n        .acf-field-label {\r\n            margin-bottom: 1em;\r\n        }\r\n        .acf-image {\r\n            max-width: 100%;\r\n            height: auto;\r\n            display: block;\r\n            margin: 1em 0;\r\n        }\r\n    <\/style>","protected":false},"excerpt":{"rendered":"<p>[vc_row][vc_column][vc_custom_heading text=&#8221;Med vores st\u00f8tte kan du s\u00e6lge flere pelargonier.&#8221; font_container=&#8221;tag:h2|text_align:center&#8221; use_theme_fonts=&#8221;yes&#8221; css=&#8221;&#8221; el_class=&#8221;pfe-small2&#8243; el_id=&#8221;med-vores-stotte&#8221;][vc_column_text css=&#8221;&#8221;] Hvert \u00e5r n\u00e5r vi millioner af forbrugere med vores storstilede PR- og markedsf\u00f8ringskampagner, hvor vi promoverer dit produkt direkte til slutforbrugerne. Her kan du l\u00e6se mere om, hvad vi g\u00f8r for dig, og hvordan du personligt kan drage fordel af [&hellip;]<\/p>\n","protected":false},"author":1,"featured_media":3774,"parent":0,"menu_order":0,"comment_status":"closed","ping_status":"closed","template":"template-parts\/pfe-trade.php","meta":{"_acf_changed":false,"inline_featured_image":false,"footnotes":""},"class_list":["post-655","page","type-page","status-publish","has-post-thumbnail","hentry"],"acf":[],"_links":{"self":[{"href":"https:\/\/pfe-trade.com\/da\/wp-json\/wp\/v2\/pages\/655","targetHints":{"allow":["GET"]}}],"collection":[{"href":"https:\/\/pfe-trade.com\/da\/wp-json\/wp\/v2\/pages"}],"about":[{"href":"https:\/\/pfe-trade.com\/da\/wp-json\/wp\/v2\/types\/page"}],"author":[{"embeddable":true,"href":"https:\/\/pfe-trade.com\/da\/wp-json\/wp\/v2\/users\/1"}],"replies":[{"embeddable":true,"href":"https:\/\/pfe-trade.com\/da\/wp-json\/wp\/v2\/comments?post=655"}],"version-history":[{"count":141,"href":"https:\/\/pfe-trade.com\/da\/wp-json\/wp\/v2\/pages\/655\/revisions"}],"predecessor-version":[{"id":4551,"href":"https:\/\/pfe-trade.com\/da\/wp-json\/wp\/v2\/pages\/655\/revisions\/4551"}],"wp:featuredmedia":[{"embeddable":true,"href":"https:\/\/pfe-trade.com\/da\/wp-json\/wp\/v2\/media\/3774"}],"wp:attachment":[{"href":"https:\/\/pfe-trade.com\/da\/wp-json\/wp\/v2\/media?parent=655"}],"curies":[{"name":"wp","href":"https:\/\/api.w.org\/{rel}","templated":true}]}}