{"id":653,"date":"2021-12-27T18:24:39","date_gmt":"2021-12-27T18:24:39","guid":{"rendered":"https:\/\/meine-geranien.de\/da\/?page_id=653"},"modified":"2025-04-17T13:49:58","modified_gmt":"2025-04-17T11:49:58","slug":"forhandlere","status":"publish","type":"page","link":"https:\/\/pfe-trade.com\/da\/forhandlere\/","title":{"rendered":"Forhandlere"},"content":{"rendered":"<div class=\"wpb-content-wrapper\"><p>[vc_row][vc_column][vc_custom_heading text=&#8221;S\u00e6lger du pelargonier? Vi kan hj\u00e6lpe med at \u00f8ge din oms\u00e6tning.&#8221; font_container=&#8221;tag:h2|text_align:center&#8221; use_theme_fonts=&#8221;yes&#8221; css=&#8221;&#8221; el_class=&#8221;pfe-small2&#8243; el_id=&#8221;s\u00e6lge&#8221;][vc_column_text css=&#8221;&#8221;]<\/p>\n<p style=\"text-align: center;\">Vi tilbyder ekspertvurdering inden for salg og markedsf\u00f8ring samt ressourcer som salgsfremmende materialer, gratis professionel fotografering, tekstindhold og videoer \u2013 alt sammen for at hj\u00e6lpe med at \u00f8ge dit salg. Du er velkommen til at bruge vores indhold i din egen markedsf\u00f8ring, styrke kundeloyaliteten og demonstrere din gartnerfaglige ekspertise.<\/p>\n<p>[\/vc_column_text][\/vc_column][\/vc_row][vc_row el_class=&#8221;pfe-flexibel-abstand&#8221;][vc_column][vc_empty_space height=&#8221;50px&#8221;][\/vc_column][\/vc_row][vc_row][vc_column width=&#8221;1\/2&#8243;][vc_custom_heading text=&#8221;Skab impulser ved salgsstedet&#8221; use_theme_fonts=&#8221;yes&#8221; css=&#8221;&#8221; el_class=&#8221;pfe-small&#8221;][vc_column_text css=&#8221;&#8221;]Tiltr\u00e6k dine kunders opm\u00e6rksomhed og inspir\u00e9r til impulsk\u00f8b b\u00e5de fysisk i butikken eller online. Vi tilbyder et bredt udvalg af materialer, herunder plakater, bannere og plejekort, samt digitale ressourcer som sociale medieindl\u00e6g og headers til hjemmeside. De kan bestilles, udskrives, deles og ops\u00e6ttes i butikken.[\/vc_column_text][vc_column_text css=&#8221;&#8221;]<a href=\"\/da\/pos-materiale\/\">Se POS-materialer &gt;&gt;<\/a>[\/vc_column_text][\/vc_column][vc_column width=&#8221;1\/2&#8243;][vc_single_image image=&#8221;3785&#8243; img_size=&#8221;full&#8221;][\/vc_column][\/vc_row][vc_row el_class=&#8221;pfe-flexibel-abstand&#8221;][vc_column][vc_empty_space height=&#8221;50px&#8221;][\/vc_column][\/vc_row][vc_row][vc_column width=&#8221;1\/2&#8243;][vc_single_image image=&#8221;3790&#8243; img_size=&#8221;full&#8221;][\/vc_column][vc_column width=&#8221;1\/2&#8243;][vc_custom_heading text=&#8221;Pelargonievideoer til dine kunder&#8221; use_theme_fonts=&#8221;yes&#8221; css=&#8221;&#8221; el_class=&#8221;pfe-small2&#8243;][vc_column_text css=&#8221;&#8221;]P\u00e5 vores YouTube-kanal finder du en r\u00e6kke pelargonie-videoer, der pr\u00e6senterer plejer\u00e5d, designid\u00e9er og DIY-projekter til haver, terrasser og balkoner. Du kan bruge dem til at tiltr\u00e6kke kunder og \u00f8ge online engagement ved at dele dem p\u00e5 dine egne sociale medier, og endda integrere dem p\u00e5 din hjemmeside eller vise dem i butikken \u2013 og skabe \u00f8jeblikkelig salgsimpuls.[\/vc_column_text][vc_column_text css=&#8221;&#8221;]<a href=\"https:\/\/www.youtube.com\/channel\/UCejEV0-sDobAJg0L498sL0g\">Se videoer &gt;&gt;<\/a>[\/vc_column_text][\/vc_column][\/vc_row][vc_row el_class=&#8221;pfe-flexibel-abstand&#8221;][vc_column][vc_empty_space height=&#8221;50px&#8221;][\/vc_column][\/vc_row][vc_row][vc_column width=&#8221;1\/2&#8243;][vc_custom_heading text=&#8221;De seneste B2B pressemeddelelser&#8221; use_theme_fonts=&#8221;yes&#8221; css=&#8221;&#8221; el_class=&#8221;pfe-small2&#8243;][vc_column_text css=&#8221;&#8221;]Vi sender regelm\u00e6ssigt pressemeddelelser til branchemedier, hvor vi deler kampagnenyheder og tilbud samt r\u00e5dgivning inden for markedsf\u00f8ring, salg og pleje af pelargonier. Find vores branche-pressemeddelelser her.[\/vc_column_text][vc_column_text css=&#8221;&#8221;]<a href=\"\/da\/kontakt\/\">R\u00e6k ud &gt;&gt;<\/a><\/p>\n<p><a href=\"\/branche-nyheder\/\">B2B pressemeddelelser &gt;&gt;<\/a>[\/vc_column_text][\/vc_column][vc_column width=&#8221;1\/2&#8243;][vc_single_image image=&#8221;3786&#8243; img_size=&#8221;full&#8221;][\/vc_column][\/vc_row][vc_row el_class=&#8221;pfe-flexibel-abstand&#8221;][vc_column][vc_empty_space height=&#8221;50px&#8221;][\/vc_column][\/vc_row][vc_row][vc_column width=&#8221;1\/2&#8243;][vc_single_image image=&#8221;3788&#8243; img_size=&#8221;full&#8221;][\/vc_column][vc_column width=&#8221;1\/2&#8243;][vc_custom_heading text=&#8221;Gratis billeder til din markedsf\u00f8ring&#8221; use_theme_fonts=&#8221;yes&#8221; css=&#8221;&#8221; el_class=&#8221;pfe-small2&#8243;][vc_column_text css=&#8221;&#8221;]Hvert \u00e5r producerer vi et bredt udvalg af billeder i h\u00f8j kvalitet med pelargonier, der d\u00e6kker have- og altantrends, DIY-projekter, gaveid\u00e9er, borddekorationer, close-ups af planter og meget mere. Vores billeder er tilg\u00e6ngelige gratis for dig til at promovere dit eget salg. Del dem p\u00e5 dine sociale medier og hjemmesider, brug dem til din egen PR og mediekommunikation, eller lav dine egne salgsfremmende materialer som plakater og flyers. Opdag vores omfattende billedbibliotek med hundreder af fotos i en bred vifte af stilarter, der tilbyder noget for enhver smag.[\/vc_column_text][vc_column_text css=&#8221;&#8221;]<a href=\"https:\/\/pelargonium-poinsettia.canto.global\/v\/pfeen\/folder\/K8919?display=thumbnail&amp;viewIndex=2&amp;gSortingForward=false&amp;gOrderProp=name&amp;referenceTo=&amp;from=thumbnail\" target=\"_blank\" rel=\"noopener\">Se billedbiblioteket &gt;&gt;<\/a>[\/vc_column_text][\/vc_column][\/vc_row][vc_row el_class=&#8221;pfe-flexibel-abstand&#8221;][vc_column][vc_empty_space height=&#8221;50px&#8221;][\/vc_column][\/vc_row][vc_row][vc_column width=&#8221;1\/2&#8243;][vc_custom_heading text=&#8221;Forbrugermarkedsf\u00f8ringsinspiration&#8221; use_theme_fonts=&#8221;yes&#8221; css=&#8221;&#8221; el_class=&#8221;pfe-small2&#8243;][vc_column_text css=&#8221;&#8221;]Hvis du ofte leder efter nye id\u00e9er til markedsf\u00f8ring af din virksomhed \u2013 hvad enten det drejer sig om indhold til sociale medier, blogs, din egen PR og meget mere, er vi her for at hj\u00e6lpe. Vi gennemf\u00f8rer en storforbrugsforbrugerkampagne ledet af PR-eksperter over hele Europa, s\u00e5 hvorfor ikke bruge vores indhold som springbr\u00e6t for dit eget? Tjek vores blogs og forbruger-pressemeddelelser, gennemse vores billedbibliotek og bes\u00f8g vores Instagram, Pinterest og Facebook-sider. Du er velkommen til at kopiere, tilpasse og f\u00e5 gavn af vores indhold![\/vc_column_text][vc_column_text css=&#8221;&#8221;]<a href=\"https:\/\/pelargonium-for-europe.com\/da\/\" target=\"_blank\" rel=\"noopener\">Se mere om forbrugeromr\u00e5det &gt;&gt;<\/a>[\/vc_column_text][\/vc_column][vc_column width=&#8221;1\/2&#8243;][vc_single_image image=&#8221;3789&#8243; img_size=&#8221;full&#8221;][\/vc_column][\/vc_row][vc_row el_class=&#8221;pfe-flexibel-abstand&#8221;][vc_column][vc_empty_space height=&#8221;50px&#8221;][\/vc_column][\/vc_row][vc_row][vc_column width=&#8221;1\/2&#8243;][vc_single_image image=&#8221;3784&#8243; img_size=&#8221;full&#8221;][\/vc_column][vc_column width=&#8221;1\/2&#8243;][vc_custom_heading text=&#8221;R\u00e6k ud for yderligere information&#8221; use_theme_fonts=&#8221;yes&#8221; css=&#8221;&#8221; el_class=&#8221;pfe-small2&#8243;][vc_column_text css=&#8221;&#8221;]S\u00e6lger du pelargonier fra et havecenter, blomsterbutik eller en anden form for forhandler? S\u00e5 kan vi hj\u00e6lpe. Kontakt os \u2013 vi gl\u00e6der os til at h\u00f8re fra dig![\/vc_column_text][vc_column_text css=&#8221;&#8221;]<a href=\"\/da\/kontakt\/\">Kontakt &gt;&gt;<\/a>[\/vc_column_text][\/vc_column][\/vc_row]<\/p><\/div><div class=\"acf-fields-container\" data-post-id=\"653\" data-canto-acf=\"true\"><\/div><style>\r\n        .acf-fields-container {\r\n            margin: 2em 0;\r\n            width: 100%;\r\n            clear: both;\r\n        }\r\n        .acf-field-image {\r\n            margin: 1.5em 0;\r\n            position: relative;\r\n        }\r\n        .acf-field-label {\r\n            margin-bottom: 1em;\r\n        }\r\n        .acf-image {\r\n            max-width: 100%;\r\n            height: auto;\r\n            display: block;\r\n            margin: 1em 0;\r\n        }\r\n    <\/style>","protected":false},"excerpt":{"rendered":"<p>[vc_row][vc_column][vc_custom_heading text=&#8221;S\u00e6lger du pelargonier? Vi kan hj\u00e6lpe med at \u00f8ge din oms\u00e6tning.&#8221; font_container=&#8221;tag:h2|text_align:center&#8221; use_theme_fonts=&#8221;yes&#8221; css=&#8221;&#8221; el_class=&#8221;pfe-small2&#8243; el_id=&#8221;s\u00e6lge&#8221;][vc_column_text css=&#8221;&#8221;] Vi tilbyder ekspertvurdering inden for salg og markedsf\u00f8ring samt ressourcer som salgsfremmende materialer, gratis professionel fotografering, tekstindhold og videoer \u2013 alt sammen for at hj\u00e6lpe med at \u00f8ge dit salg. Du er velkommen til at bruge vores [&hellip;]<\/p>\n","protected":false},"author":1,"featured_media":3787,"parent":0,"menu_order":0,"comment_status":"closed","ping_status":"closed","template":"template-parts\/pfe-trade.php","meta":{"_acf_changed":false,"inline_featured_image":false,"footnotes":""},"class_list":["post-653","page","type-page","status-publish","has-post-thumbnail","hentry"],"acf":[],"_links":{"self":[{"href":"https:\/\/pfe-trade.com\/da\/wp-json\/wp\/v2\/pages\/653","targetHints":{"allow":["GET"]}}],"collection":[{"href":"https:\/\/pfe-trade.com\/da\/wp-json\/wp\/v2\/pages"}],"about":[{"href":"https:\/\/pfe-trade.com\/da\/wp-json\/wp\/v2\/types\/page"}],"author":[{"embeddable":true,"href":"https:\/\/pfe-trade.com\/da\/wp-json\/wp\/v2\/users\/1"}],"replies":[{"embeddable":true,"href":"https:\/\/pfe-trade.com\/da\/wp-json\/wp\/v2\/comments?post=653"}],"version-history":[{"count":106,"href":"https:\/\/pfe-trade.com\/da\/wp-json\/wp\/v2\/pages\/653\/revisions"}],"predecessor-version":[{"id":4279,"href":"https:\/\/pfe-trade.com\/da\/wp-json\/wp\/v2\/pages\/653\/revisions\/4279"}],"wp:featuredmedia":[{"embeddable":true,"href":"https:\/\/pfe-trade.com\/da\/wp-json\/wp\/v2\/media\/3787"}],"wp:attachment":[{"href":"https:\/\/pfe-trade.com\/da\/wp-json\/wp\/v2\/media?parent=653"}],"curies":[{"name":"wp","href":"https:\/\/api.w.org\/{rel}","templated":true}]}}