{"id":648,"date":"2021-12-27T18:17:47","date_gmt":"2021-12-27T18:17:47","guid":{"rendered":"https:\/\/meine-geranien.de\/da\/?page_id=648"},"modified":"2025-04-24T08:02:30","modified_gmt":"2025-04-24T06:02:30","slug":"trade","status":"publish","type":"page","link":"https:\/\/pfe-trade.com\/da\/","title":{"rendered":"Branche"},"content":{"rendered":"<div class=\"wpb-content-wrapper\"><p>[vc_row][vc_column][vc_custom_heading text=&#8221;Muligheder til alle dele af branchen&#8221; font_container=&#8221;tag:h2|text_align:center&#8221; use_theme_fonts=&#8221;yes&#8221; css=&#8221;&#8221; el_class=&#8221;pfe-small2&#8243; el_id=&#8221;muligheder&#8221;][\/vc_column][\/vc_row][vc_row][vc_column][vc_column_text css=&#8221;&#8221;]<\/p>\n<p style=\"text-align: center;\">Hos Pelargonium for Europe henvender vi os direkte til dine kunder ved at fremh\u00e6ve de mange fordele ved pelargonier gennem vores omfattende forbrugerkampagner.<\/p>\n<p style=\"text-align: center;\">P\u00e5 den m\u00e5de inspirerer vi l\u00f8bende nye m\u00e5lgrupper og sikrer fremtidigt salg af pelargonier.<\/p>\n<p style=\"text-align: center;\">Her finder du ogs\u00e5 et v\u00e6ld af informationer, der kan underst\u00f8tte din forretning \u2013 fra produktforbedring og salgstips til r\u00e5dgivning om pleje, salgsfremmende materialer, digitale v\u00e6rkt\u00f8jer og markedsf\u00f8ringsressourcer.<\/p>\n<p style=\"text-align: center;\">Se, hvordan vi kan st\u00f8tte dig og skabe nye muligheder for at promovere pelargonier. Bliv en del af projektet og udforsk dine muligheder!<\/p>\n<p>[\/vc_column_text][\/vc_column][\/vc_row][vc_row][vc_column][vc_column_text][\/vc_column_text][\/vc_column][\/vc_row][vc_row gap=&#8221;30&#8243;][vc_column width=&#8221;1\/3&#8243;][vc_single_image image=&#8221;3755&#8243; img_size=&#8221;full&#8221;][vc_custom_heading text=&#8221;Dyrker du pelargonier?&#8221; font_container=&#8221;tag:h3|text_align:left&#8221; use_theme_fonts=&#8221;yes&#8221; css=&#8221;&#8221; el_class=&#8221;pfe-small&#8221;][vc_column_text css=&#8221;&#8221;]Som producent er du rygraden i PfE\u2019s kampagner \u2013 alt, hvad vi g\u00f8r, har til form\u00e5l at \u00f8ge dit salg gennem b\u00e5de B2C- og B2B-markedsf\u00f8ring. Her kan du se, hvordan du kan f\u00e5 endnu mere ud af vores indsats.[\/vc_column_text][vc_column_text css=&#8221;&#8221;]<a href=\"\/da\/producenter\/\" target=\"_blank\" rel=\"noopener\">Se muligheder for producenter&gt;&gt;<\/a>[\/vc_column_text][\/vc_column][vc_column width=&#8221;1\/3&#8243;][vc_single_image image=&#8221;3757&#8243; img_size=&#8221;full&#8221;][vc_custom_heading text=&#8221;S\u00e6lger du pelargonier?&#8221; font_container=&#8221;tag:h3|text_align:left&#8221; use_theme_fonts=&#8221;yes&#8221; css=&#8221;&#8221; el_class=&#8221;pfe-small&#8221;][vc_column_text css=&#8221;&#8221;]Vores m\u00e5l er at f\u00e5 flere forbrugere til at forelske sig i pelargonier og k\u00f8be s\u00e5 mange som muligt hvert \u00e5r. Vi tilbyder en r\u00e6kke gratis markedsf\u00f8ringsmaterialer og ressourcer, der kan hj\u00e6lpe dig med at \u00f8ge dit salg.[\/vc_column_text][vc_column_text css=&#8221;&#8221;]<a href=\"\/da\/forhandlere\/\" target=\"_blank\" rel=\"noopener\">Se muligheder for forhandlere &gt;&gt;<\/a>[\/vc_column_text][\/vc_column][vc_column width=&#8221;1\/3&#8243;][vc_single_image image=&#8221;3756&#8243; img_size=&#8221;full&#8221;][vc_custom_heading text=&#8221;Leder du efter presseinformation?&#8221; font_container=&#8221;tag:h3|text_align:left&#8221; use_theme_fonts=&#8221;yes&#8221; css=&#8221;&#8221; el_class=&#8221;pfe-small&#8221;][vc_column_text css=&#8221;&#8221;]Hvis du er fagjournalist og s\u00f8ger de seneste nyheder, pressemeddelelser og royaltyfrie billeder, er du kommet til det rette sted. Vi hj\u00e6lper gerne med indhold, fotos og meget mere. Se, hvad vi kan tilbyde.[\/vc_column_text][vc_column_text css=&#8221;&#8221;]<a href=\"https:\/\/pelargonium-for-europe.com\/da\/pressemeddelelser\/\" target=\"_blank\" rel=\"noopener\">Presseinformation&gt;&gt;<\/a>[\/vc_column_text][\/vc_column][\/vc_row][vc_row][vc_column][vc_column_text][\/vc_column_text][\/vc_column][\/vc_row][vc_row el_class=&#8221;pfe-greenborderbox&#8221;][vc_column width=&#8221;2\/3&#8243;][vc_single_image image=&#8221;3758&#8243; img_size=&#8221;full&#8221;][\/vc_column][vc_column width=&#8221;1\/3&#8243;][vc_custom_heading text=&#8221;Er du opdr\u00e6tter?&#8221; use_theme_fonts=&#8221;yes&#8221; css=&#8221;&#8221; el_class=&#8221;pfe-small&#8221;][vc_column_text css=&#8221;&#8221;]Hvis du repr\u00e6senterer et opdr\u00e6tsfirma og gerne vil vide, hvordan din st\u00f8tte kan gavne b\u00e5de din virksomhed og hele branchen, s\u00e5 kontakt os.<\/p>\n<p>Projektledelse<br \/>\nPelargonium for Europe GbR,<br \/>\nDr. Susanne Lux,<br \/>\nTelephone: + 49 2644 981333,<br \/>\nE-mail: <a href=\"mailto:susanne.lux@meclux.de\">susanne.lux@meclux.de<\/a>[\/vc_column_text][\/vc_column][\/vc_row][vc_row][vc_column][vc_empty_space height=&#8221;75px&#8221;][\/vc_column][\/vc_row][vc_row][vc_column width=&#8221;1\/2&#8243;][vc_custom_heading text=&#8221;Hvem st\u00e5r bag Pelargonium for Europe?&#8221; use_theme_fonts=&#8221;yes&#8221; css=&#8221;&#8221; el_class=&#8221;pfe-small&#8221;][vc_column_text css=&#8221;&#8221;]PfE er markedsf\u00f8ringsinitiativet fra de europ\u00e6iske pelargonie-opdr\u00e6ttere Florensis, D\u00fcmmen Orange, Selecta one, Syngenta Flowers, Elsner PAC, P. van der Haak Handelskwekerij. Under Green Marketing Europe (GME) leder Dr. Susanne Lux Pelargonium for Europe-kampagnen sammen med et dedikeret team af medarbejdere og freelancere. PfE samarbejder med et bredt netv\u00e6rk af talentfulde bureauer og freelancere for at producere materialer og gennemf\u00f8re kampagner i 22 europ\u00e6iske lande.[\/vc_column_text][\/vc_column][vc_column width=&#8221;1\/2&#8243;][vc_single_image image=&#8221;3754&#8243; img_size=&#8221;full&#8221;][\/vc_column][\/vc_row][vc_row][vc_column][vc_empty_space height=&#8221;75px&#8221;][\/vc_column][\/vc_row][vc_row][vc_column][vc_single_image image=&#8221;4246&#8243; img_size=&#8221;full&#8221; alignment=&#8221;center&#8221;][\/vc_column][\/vc_row]<\/p><\/div><div class=\"acf-fields-container\" data-post-id=\"648\" data-canto-acf=\"true\"><\/div><style>\r\n        .acf-fields-container {\r\n            margin: 2em 0;\r\n            width: 100%;\r\n            clear: both;\r\n        }\r\n        .acf-field-image {\r\n            margin: 1.5em 0;\r\n            position: relative;\r\n        }\r\n        .acf-field-label {\r\n            margin-bottom: 1em;\r\n        }\r\n        .acf-image {\r\n            max-width: 100%;\r\n            height: auto;\r\n            display: block;\r\n            margin: 1em 0;\r\n        }\r\n    <\/style>","protected":false},"excerpt":{"rendered":"<p>[vc_row][vc_column][vc_custom_heading text=&#8221;Muligheder til alle dele af branchen&#8221; font_container=&#8221;tag:h2|text_align:center&#8221; use_theme_fonts=&#8221;yes&#8221; css=&#8221;&#8221; el_class=&#8221;pfe-small2&#8243; el_id=&#8221;muligheder&#8221;][\/vc_column][\/vc_row][vc_row][vc_column][vc_column_text css=&#8221;&#8221;] Hos Pelargonium for Europe henvender vi os direkte til dine kunder ved at fremh\u00e6ve de mange fordele ved pelargonier gennem vores omfattende forbrugerkampagner. P\u00e5 den m\u00e5de inspirerer vi l\u00f8bende nye m\u00e5lgrupper og sikrer fremtidigt salg af pelargonier. Her finder du ogs\u00e5 et [&hellip;]<\/p>\n","protected":false},"author":1,"featured_media":3764,"parent":0,"menu_order":0,"comment_status":"closed","ping_status":"closed","template":"template-parts\/pfe-trade.php","meta":{"_acf_changed":false,"inline_featured_image":false,"footnotes":""},"class_list":["post-648","page","type-page","status-publish","has-post-thumbnail","hentry"],"acf":[],"_links":{"self":[{"href":"https:\/\/pfe-trade.com\/da\/wp-json\/wp\/v2\/pages\/648","targetHints":{"allow":["GET"]}}],"collection":[{"href":"https:\/\/pfe-trade.com\/da\/wp-json\/wp\/v2\/pages"}],"about":[{"href":"https:\/\/pfe-trade.com\/da\/wp-json\/wp\/v2\/types\/page"}],"author":[{"embeddable":true,"href":"https:\/\/pfe-trade.com\/da\/wp-json\/wp\/v2\/users\/1"}],"replies":[{"embeddable":true,"href":"https:\/\/pfe-trade.com\/da\/wp-json\/wp\/v2\/comments?post=648"}],"version-history":[{"count":191,"href":"https:\/\/pfe-trade.com\/da\/wp-json\/wp\/v2\/pages\/648\/revisions"}],"predecessor-version":[{"id":4335,"href":"https:\/\/pfe-trade.com\/da\/wp-json\/wp\/v2\/pages\/648\/revisions\/4335"}],"wp:featuredmedia":[{"embeddable":true,"href":"https:\/\/pfe-trade.com\/da\/wp-json\/wp\/v2\/media\/3764"}],"wp:attachment":[{"href":"https:\/\/pfe-trade.com\/da\/wp-json\/wp\/v2\/media?parent=648"}],"curies":[{"name":"wp","href":"https:\/\/api.w.org\/{rel}","templated":true}]}}