{"id":655,"date":"2021-12-27T18:24:59","date_gmt":"2021-12-27T17:24:59","guid":{"rendered":"https:\/\/meine-geranien.de\/cs\/?page_id=655"},"modified":"2025-12-22T08:54:58","modified_gmt":"2025-12-22T07:54:58","slug":"pestitele","status":"publish","type":"page","link":"https:\/\/pfe-trade.com\/cs\/pestitele\/","title":{"rendered":"P\u011bstitel\u00e9"},"content":{"rendered":"<div class=\"wpb-content-wrapper\"><p>[vc_row][vc_column][vc_custom_heading text=&#8220;S na\u0161\u00ed pomoc\u00ed prod\u00e1te v\u00edce mu\u0161k\u00e1t\u016f&#8220; font_container=&#8220;tag:h2|text_align:center&#8220; use_theme_fonts=&#8220;yes&#8220; el_class=&#8220;pfe-small2&#8243; el_id=&#8220;produkujete-muskaty&#8220;][vc_column_text]<\/p>\n<p style=\"text-align: center;\">Ka\u017ed\u00fd rok oslov\u00edme miliony spot\u0159ebitel\u016f prost\u0159ednictv\u00edm na\u0161ich rozs\u00e1hl\u00fdch PR a marketingov\u00fdch kampan\u00ed, kter\u00e9 propaguj\u00ed v\u00e1\u0161 produkt p\u0159\u00edmo u koncov\u00fdch spot\u0159ebitel\u016f. Zde se dozv\u00edte v\u00edce o na\u0161ich aktivit\u00e1ch a o tom, co v\u00e1m mohou p\u0159in\u00e9st. Sta\u0148te se odborn\u00edkem poskytuj\u00edc\u00edm koment\u00e1\u0159e \u010di rozhovory v m\u00e9di\u00edch nebo vyu\u017eijte na\u0161e fotografie, texty a videa.<\/p>\n<p>[\/vc_column_text][\/vc_column][\/vc_row][vc_row el_class=&#8220;pfe-flexibel-abstand&#8220;][vc_column][vc_empty_space height=&#8220;50px&#8220;][\/vc_column][\/vc_row][vc_row][vc_column width=&#8220;1\/2&#8243;][vc_single_image image=&#8220;3768&#8243; img_size=&#8220;full&#8220;][\/vc_column][vc_column width=&#8220;1\/2&#8243;][vc_custom_heading text=&#8220;Inspirace pro spot\u0159ebitele&#8220; use_theme_fonts=&#8220;yes&#8220; el_class=&#8220;pfe-small2&#8243;][vc_column_text]<\/p>\n<p style=\"text-align: left;\">Na\u0161e rozs\u00e1hl\u00e1 spot\u0159ebitelsk\u00e1 kampa\u0148 se zam\u011b\u0159uje na propagaci v\u00fdhod snadno udr\u017eovateln\u00fdch mu\u0161k\u00e1t\u016f a na zvy\u0161ov\u00e1n\u00ed pov\u011bdom\u00ed a motivov\u00e1n\u00ed spot\u0159ebitel\u016f k jejich n\u00e1kupu. Dost\u00e1v\u00e1me mu\u0161k\u00e1ty do televize a r\u00e1dia, budujeme partnerstv\u00ed s v\u00fdznamn\u00fdmi influencery, d\u00edky n\u00e1m se mu\u0161k\u00e1ty objevuj\u00ed v novin\u00e1ch a \u010dasopisech i na festivalech a nejr\u016fzn\u011bj\u0161\u00edch akc\u00edch.<br \/>\nInformace o na\u0161ich aktivit\u00e1ch v konkr\u00e9tn\u00edch zem\u00edch najdete v aktu\u00e1ln\u00ed v\u00fdro\u010dn\u00ed zpr\u00e1v\u011b nebo se p\u0159ihlaste k odb\u011bru na\u0161eho newsletteru.<\/p>\n<p>[\/vc_column_text][vc_column_text]<a href=\"https:\/\/us18.campaign-archive.com\/home\/?u=134b7d583f28b28e232f5f377&amp;id=1e2185f037\">Aktu\u00e1ln\u00ed v\u00fdro\u010dn\u00ed zpr\u00e1va &gt;&gt;<\/a><\/p>\n<p><a href=\"https:\/\/pelargoniumforeurope.us18.list-manage.com\/subscribe?u=134b7d583f28b28e232f5f377&amp;id=1e2185f037\">P\u0159ihl\u00e1sit se k odb\u011bru newsletteru &gt;&gt;<\/a>[\/vc_column_text][\/vc_column][\/vc_row][vc_row el_class=&#8220;pfe-flexibel-abstand&#8220;][vc_column][vc_empty_space height=&#8220;50px&#8220;][\/vc_column][\/vc_row][vc_row][vc_column width=&#8220;1\/2&#8243;][vc_custom_heading text=&#8220;Mo\u017enosti spolupr\u00e1ce&#8220; use_theme_fonts=&#8220;yes&#8220; el_class=&#8220;pfe-small2&#8243;][vc_column_text]Spolupr\u00e1ce s p\u011bstiteli je pro n\u00e1s velmi d\u016fle\u017eit\u00e1, a proto v\u00e1m nab\u00edz\u00edme p\u0159\u00edle\u017eitosti aktivn\u011b se zapojit v r\u00e1mci PfE. Cht\u011bli byste se objevit v televizn\u00edm vys\u00edl\u00e1n\u00ed, poskytnout rozhovor region\u00e1ln\u00ed rozhlasov\u00e9 stanici nebo vystavit sv\u00e9 kv\u011btiny na p\u0159edn\u00edch sv\u011btov\u00fdch zahradnick\u00fdch akc\u00edch, a nav\u00edc z\u00edskat mnoho u\u017eite\u010dn\u00fdch kontakt\u016f v oboru? Obra\u0165te se na n\u00e1s, r\u00e1di v\u00e1m pom\u016f\u017eeme.[\/vc_column_text][vc_column_text]<a href=\"https:\/\/pelargonium-for-europe.com\/cs\/kontakt\/\">Z\u00edskejte kontakt na z\u00e1stupce PfE ve sv\u00e9 zemi &gt;&gt;<\/a>[\/vc_column_text][\/vc_column][vc_column width=&#8220;1\/2&#8243;][vc_single_image image=&#8220;3771&#8243; img_size=&#8220;full&#8220;][\/vc_column][\/vc_row][vc_row el_class=&#8220;pfe-flexibel-abstand&#8220;][vc_column][vc_empty_space height=&#8220;50px&#8220;][\/vc_column][\/vc_row][vc_row][vc_column width=&#8220;1\/2&#8243;][vc_single_image image=&#8220;3769&#8243; img_size=&#8220;full&#8220;][\/vc_column][vc_column width=&#8220;1\/2&#8243;][vc_custom_heading text=&#8220;Materi\u00e1ly pro va\u0161e z\u00e1kazn\u00edky&#8220; use_theme_fonts=&#8220;yes&#8220; el_class=&#8220;pfe-small2&#8243;][vc_column_text]Prost\u0159ednictv\u00edm na\u0161\u00ed kampan\u011b m\u016f\u017eete nab\u00eddnout sv\u00fdm z\u00e1kazn\u00edk\u016fm a partner\u016fm nadstandardn\u00ed podporu. Nab\u00edz\u00edme \u0161irokou \u0161k\u00e1lu materi\u00e1l\u016f, z nich\u017e mohou va\u0161i z\u00e1kazn\u00edci \u010derpat, v\u010detn\u011b marketingov\u00e9ho poradenstv\u00ed, vide\u00ed, POS materi\u00e1l\u016f a obs\u00e1hl\u00e9 galerie fotek. V\u0161echny materi\u00e1ly m\u016f\u017eete voln\u011b pou\u017e\u00edvat a bez omezen\u00ed sd\u00edlet.[\/vc_column_text][vc_column_text]<a href=\"\/cs\/pos-materialy\/\">Prohl\u00e9dn\u011bte si materi\u00e1ly pro prodejce &gt;&gt;<\/a>[\/vc_column_text][\/vc_column][\/vc_row][vc_row el_class=&#8220;pfe-flexibel-abstand&#8220;][vc_column][vc_empty_space height=&#8220;50px&#8220;][\/vc_column][\/vc_row][vc_row][vc_column width=&#8220;1\/2&#8243;][vc_custom_heading text=&#8220;Sd\u00edlen\u00ed znalost\u00ed&#8220; use_theme_fonts=&#8220;yes&#8220; el_class=&#8220;pfe-small2&#8243;][vc_column_text]Chcete se dozv\u00eddat nejnov\u011bj\u0161\u00ed informace z oboru? PfE prov\u00e1d\u00ed \u0159adu v\u00fdzkum\u016f, od pr\u016fzkum\u016f trhu a\u017e po v\u00fdzkumy v oblasti v\u00fdrobn\u00edch metod a udr\u017eitelnosti. V budoucnu pl\u00e1nujeme tuto aktivitu roz\u0161\u00ed\u0159it a podpo\u0159it v\u00fdm\u011bnu znalost\u00ed mezi p\u011bstiteli. Kontaktujte n\u00e1s a sta\u0148te se sou\u010d\u00e1st\u00ed na\u0161\u00ed s\u00edt\u011b. Pro aktu\u00e1ln\u00ed informace se p\u0159ihlaste k odb\u011bru na\u0161eho newsletteru.[\/vc_column_text][vc_column_text]<a href=\"\/cs\/kontakt\/\">Z\u00edskat kontakt na z\u00e1stupce PfE v m\u00e9 zemi &gt;&gt;<\/a><\/p>\n<p><a href=\"https:\/\/pelargoniumforeurope.us18.list-manage.com\/subscribe?u=134b7d583f28b28e232f5f377&amp;id=1e2185f037\">P\u0159ihl\u00e1sit se k odb\u011bru newsletteru &gt;&gt;<\/a>[\/vc_column_text][\/vc_column][vc_column width=&#8220;1\/2&#8243;][vc_single_image image=&#8220;3773&#8243; img_size=&#8220;full&#8220;][\/vc_column][\/vc_row][vc_row el_class=&#8220;pfe-flexibel-abstand&#8220;][vc_column][vc_empty_space height=&#8220;50px&#8220;][\/vc_column][\/vc_row][vc_row][vc_column][vc_custom_heading text=&#8220;P\u0159e\u010dt\u011bte si, co o n\u00e1s \u0159\u00edkaj\u00ed na\u0161i partne\u0159i&#8220; use_theme_fonts=&#8220;yes&#8220; el_class=&#8220;pfe-small&#8220;][vc_row_inner][vc_column_inner el_class=&#8220;ho&#8220; width=&#8220;1\/4&#8243;][vc_column_text]<strong>Anna Kaszewiak, expertka spole\u010dnosti Bronisze, nejv\u011bt\u0161\u00edho velkoobchodu v Polsku.<\/strong><br \/>\n&#8222;Kampa\u0148 Pelargonium for Europe pro n\u00e1s byla trefou do \u010dern\u00e9ho. D\u00edky skv\u011bl\u00fdm materi\u00e1l\u016fm, kter\u00e9 PfE poskytlo, m\u00e1 i b\u011b\u017en\u00fd spot\u0159ebitel mo\u017enost sezn\u00e1mit se se z\u00e1kladn\u00edmi pravidly p\u011bstov\u00e1n\u00ed a p\u00e9\u010de o tyto \u00fa\u017easn\u00e9 a velmi dlouho kvetouc\u00ed rostliny. Barevn\u00e9 let\u00e1ky PfE pln\u00e9 inspirace a u\u017eite\u010dn\u00fdch tip\u016f jsou skv\u011bl\u00fdm pomocn\u00edkem p\u0159edev\u0161\u00edm pro za\u010d\u00ednaj\u00edc\u00ed zahradn\u00edky. Na\u0161i z\u00e1kazn\u00edci ji\u017e d\u00edky nim v\u011bd\u00ed, jak se o mu\u0161k\u00e1ty spr\u00e1vn\u011b starat a jak je vhodn\u011b kombinovat s jin\u00fdmi rostlinami.&#8220;[\/vc_column_text][\/vc_column_inner][vc_column_inner width=&#8220;1\/4&#8220;][vc_column_text]<strong>Reiner H\u00f6pken, majitel obchodu a p\u0159edseda n\u011bmeck\u00e9ho Spolkov\u00e9ho svazu zahr\u00e1dk\u00e1\u0159\u016f (Bundesverband Einzelhandelsgaertner)<\/strong><br \/>\n&#8222;Z reklamn\u00edch prospekt\u016f o mu\u0161k\u00e1tech vyza\u0159uje radost ze \u017eivota. Skv\u011ble z\u00e1kazn\u00edk\u016fm zprost\u0159edkov\u00e1vaj\u00ed rozmanitost barev a tvar\u016f pelargoni\u00ed, co\u017e je bez kvalitn\u00edch vizu\u00e1ln\u00edch materi\u00e1l\u016f velmi obt\u00ed\u017en\u00e9. Osobn\u011b pova\u017euji velk\u00e9 plak\u00e1ty, vlajky a stropn\u00ed z\u00e1v\u011bsy za velmi p\u0159\u00ednosn\u00e9 v maloobchodn\u00edm prost\u0159ed\u00ed.&#8220;[\/vc_column_text][\/vc_column_inner][vc_column_inner width=&#8220;1\/4&#8220;][vc_column_text]<strong>Monika Burket &#8211; P\u0159edsedkyn\u011b Rady pro kv\u011btiny (Blumenb\u00fcro) p\u0159i Rakousk\u00e9 hospod\u00e1\u0159sk\u00e9 komo\u0159e<\/strong><br \/>\n&#8222;K propagaci rozmanit\u00fdch druh\u016f pelargoni\u00ed pou\u017e\u00edv\u00e1me v POS materi\u00e1lech esteticky vyt\u0159\u00edben\u00e9 fotografie a atraktivn\u00ed texty od Pelargonium for Europe. To n\u00e1m pom\u00e1h\u00e1 oslovit spot\u0159ebitele a zprost\u0159edkovat jim kr\u00e1su t\u011bchto rostlin. Poskytov\u00e1n\u00ed kvalitn\u00edch POS materi\u00e1l\u016f se stalo pro prodejny s kv\u011btinami z\u00e1sadn\u00ed, a d\u00edky t\u00fdmu PfE a evropsk\u00fdm partner\u016fm slav\u00ed na\u0161e snaha o propagaci t\u00e9to n\u00e1dhern\u00e9 rostliny velk\u00e9 \u00fasp\u011bchy.&#8220;[\/vc_column_text][\/vc_column_inner][vc_column_inner width=&#8220;1\/4&#8220;][vc_column_text]<strong>Maria Lundgren &#8211; p\u011bstitelka ve spole\u010dnosti Arvidssons ve Fj\u00e4r\u00e5s ve \u0160v\u00e9dsku<\/strong><br \/>\n&#8222;D\u00edky atraktivn\u00edm vizu\u00e1ln\u00edm materi\u00e1l\u016fm a tiskov\u00fdm zpr\u00e1v\u00e1m pom\u00e1h\u00e1 Pelargonium for Europe zvy\u0161ovat prodej pelargoni\u00ed ve \u0160v\u00e9dsku. Prospekty vyobrazuj\u00ed n\u00e1dhern\u00e1 aran\u017em\u00e1, jejich\u017e vytvo\u0159en\u00ed by bylo pro samotn\u00e9 p\u011bstitele velmi n\u00e1ro\u010dn\u00e9. Materi\u00e1ly jsou u\u017eite\u010dn\u00e9 rovn\u011b\u017e pro komunikaci p\u0159\u00edmo v m\u00edst\u011b prodeje, z \u010deho\u017e t\u011b\u017e\u00ed jak p\u011bstitel\u00e9 a obchodn\u00edci, tak i z\u00e1kazn\u00edci.&#8220;[\/vc_column_text][\/vc_column_inner][\/vc_row_inner][\/vc_column][\/vc_row][vc_row el_class=&#8220;pfe-flexibel-abstand&#8220;][vc_column][vc_empty_space height=&#8220;50px&#8220;][\/vc_column][\/vc_row][vc_row el_class=&#8220;pfe-greenborderbox&#8220;][vc_column width=&#8220;2\/3&#8243;][vc_single_image image=&#8220;3772&#8243; img_size=&#8220;full&#8220;][\/vc_column][vc_column width=&#8220;1\/3&#8243;][vc_custom_heading text=&#8220;Pat\u0159\u00edte mezi p\u011bstitele?&#8220; use_theme_fonts=&#8220;yes&#8220; el_class=&#8220;pfe-small&#8220;][vc_column_text css=&#8220;&#8220;]Pokud p\u011bstujete mu\u0161k\u00e1ty a chcete se zapojit do na\u0161\u00ed kampan\u011b, kontaktujte n\u00e1s.<\/p>\n<p>Pelargonium for Europe Mana\u017eer komunikace<br \/>\nHelena Ebrahimi<br \/>\nEmail: <a href=\"mailto:Helena@greenmarketingeurope.eu\">Helena@greenmarketingeurope.eu<\/a>[\/vc_column_text][vc_column_text]<a href=\"\/cs\/kontakt\/\">Z\u00edskat kontakt na z\u00e1stupce PfE v m\u00e9 zemi &gt;&gt;<\/a>[\/vc_column_text][\/vc_column][\/vc_row]<\/p><\/div><div class=\"acf-fields-container\" data-post-id=\"655\" data-canto-acf=\"true\"><\/div><style>\r\n        .acf-fields-container {\r\n            margin: 2em 0;\r\n            width: 100%;\r\n            clear: both;\r\n        }\r\n        .acf-field-image {\r\n            margin: 1.5em 0;\r\n            position: relative;\r\n        }\r\n        .acf-field-label {\r\n            margin-bottom: 1em;\r\n        }\r\n        .acf-image {\r\n            max-width: 100%;\r\n            height: auto;\r\n            display: block;\r\n            margin: 1em 0;\r\n        }\r\n    <\/style>","protected":false},"excerpt":{"rendered":"<p>[vc_row][vc_column][vc_custom_heading text=&#8220;S na\u0161\u00ed pomoc\u00ed prod\u00e1te v\u00edce mu\u0161k\u00e1t\u016f&#8220; font_container=&#8220;tag:h2|text_align:center&#8220; use_theme_fonts=&#8220;yes&#8220; el_class=&#8220;pfe-small2&#8243; el_id=&#8220;produkujete-muskaty&#8220;][vc_column_text] Ka\u017ed\u00fd rok oslov\u00edme miliony spot\u0159ebitel\u016f prost\u0159ednictv\u00edm na\u0161ich rozs\u00e1hl\u00fdch PR a marketingov\u00fdch kampan\u00ed, kter\u00e9 propaguj\u00ed v\u00e1\u0161 produkt p\u0159\u00edmo u koncov\u00fdch spot\u0159ebitel\u016f. Zde se dozv\u00edte v\u00edce o na\u0161ich aktivit\u00e1ch a o tom, co v\u00e1m mohou p\u0159in\u00e9st. Sta\u0148te se odborn\u00edkem poskytuj\u00edc\u00edm koment\u00e1\u0159e \u010di rozhovory v m\u00e9di\u00edch nebo [&hellip;]<\/p>\n","protected":false},"author":1,"featured_media":3774,"parent":0,"menu_order":0,"comment_status":"closed","ping_status":"closed","template":"template-parts\/pfe-trade.php","meta":{"_acf_changed":false,"inline_featured_image":false,"footnotes":""},"class_list":["post-655","page","type-page","status-publish","has-post-thumbnail","hentry"],"acf":[],"_links":{"self":[{"href":"https:\/\/pfe-trade.com\/cs\/wp-json\/wp\/v2\/pages\/655","targetHints":{"allow":["GET"]}}],"collection":[{"href":"https:\/\/pfe-trade.com\/cs\/wp-json\/wp\/v2\/pages"}],"about":[{"href":"https:\/\/pfe-trade.com\/cs\/wp-json\/wp\/v2\/types\/page"}],"author":[{"embeddable":true,"href":"https:\/\/pfe-trade.com\/cs\/wp-json\/wp\/v2\/users\/1"}],"replies":[{"embeddable":true,"href":"https:\/\/pfe-trade.com\/cs\/wp-json\/wp\/v2\/comments?post=655"}],"version-history":[{"count":144,"href":"https:\/\/pfe-trade.com\/cs\/wp-json\/wp\/v2\/pages\/655\/revisions"}],"predecessor-version":[{"id":4589,"href":"https:\/\/pfe-trade.com\/cs\/wp-json\/wp\/v2\/pages\/655\/revisions\/4589"}],"wp:featuredmedia":[{"embeddable":true,"href":"https:\/\/pfe-trade.com\/cs\/wp-json\/wp\/v2\/media\/3774"}],"wp:attachment":[{"href":"https:\/\/pfe-trade.com\/cs\/wp-json\/wp\/v2\/media?parent=655"}],"curies":[{"name":"wp","href":"https:\/\/api.w.org\/{rel}","templated":true}]}}