{"id":653,"date":"2021-12-27T18:24:39","date_gmt":"2021-12-27T17:24:39","guid":{"rendered":"https:\/\/meine-geranien.de\/cs\/?page_id=653"},"modified":"2024-06-25T10:38:03","modified_gmt":"2024-06-25T08:38:03","slug":"prodejci","status":"publish","type":"page","link":"https:\/\/pfe-trade.com\/cs\/prodejci\/","title":{"rendered":"Prodejci"},"content":{"rendered":"<div class=\"wpb-content-wrapper\"><p>[vc_row][vc_column][vc_custom_heading text=&#8220;Prod\u00e1v\u00e1te mu\u0161k\u00e1ty? Pom\u016f\u017eeme zv\u00fd\u0161it v\u00e1\u0161 obrat&#8220; font_container=&#8220;tag:h2|text_align:center&#8220; use_theme_fonts=&#8220;yes&#8220; el_class=&#8220;pfe-small2&#8243; el_id=&#8220;prodavate&#8220;][vc_column_text]<\/p>\n<p style=\"text-align: center;\">Nab\u00edz\u00edme odborn\u00e9 marketingov\u00e9 poradenstv\u00ed v\u010detn\u011b propaga\u010dn\u00edch materi\u00e1l\u016f ur\u010den\u00fdch pro prodejn\u00ed m\u00edsta a bezplatn\u00fdch profesion\u00e1ln\u00edch fotografi\u00ed, text\u016f a vide\u00ed. To v\u0161e za \u00fa\u010delem zv\u00fd\u0161en\u00ed va\u0161eho prodeje. Ve\u0161ker\u00fd obsah m\u016f\u017eete bez omezen\u00ed vyu\u017e\u00edvat pro sv\u00e9 marketingov\u00e9 aktivity, vzd\u011bl\u00e1v\u00e1n\u00ed sv\u00fdch z\u00e1kazn\u00edk\u016f a prok\u00e1z\u00e1n\u00ed sv\u00fdch zahradnick\u00fdch znalost\u00ed.<\/p>\n<p>[\/vc_column_text][\/vc_column][\/vc_row][vc_row el_class=&#8220;pfe-flexibel-abstand&#8220;][vc_column][vc_empty_space height=&#8220;50px&#8220;][\/vc_column][\/vc_row][vc_row][vc_column width=&#8220;1\/2&#8243;][vc_custom_heading text=&#8220;Um\u00edst\u011bte podporu v m\u00edst\u011b prodeje&#8220; use_theme_fonts=&#8220;yes&#8220; el_class=&#8220;pfe-small&#8220;][vc_column_text]Upoutejte pozornost z\u00e1kazn\u00edk\u016f a motivujte je k n\u00e1kupu v prodejn\u011b i na e-shopu. Nab\u00edz\u00edme \u0161irokou \u0161k\u00e1lu materi\u00e1l\u016f od plak\u00e1t\u016f, banner\u016f a informa\u010dn\u00edch let\u00e1k\u016f a\u017e po p\u0159\u00edsp\u011bvky na soci\u00e1ln\u00ed media a obsah na webov\u00e9 str\u00e1nky. V\u0161e je voln\u011b dostupn\u00e9. Sta\u010d\u00ed objednat, vytisknout a sd\u00edlet \u010di vystavit v prodejn\u011b.[\/vc_column_text][vc_column_text]<a href=\"\/cs\/pos-materialy\/\">Pod\u00edvejte se na POS materi\u00e1ly &gt;&gt;<\/a>[\/vc_column_text][\/vc_column][vc_column width=&#8220;1\/2&#8243;][vc_single_image image=&#8220;4371&#8243; img_size=&#8220;full&#8220;][\/vc_column][\/vc_row][vc_row el_class=&#8220;pfe-flexibel-abstand&#8220;][vc_column][vc_empty_space height=&#8220;50px&#8220;][\/vc_column][\/vc_row][vc_row][vc_column width=&#8220;1\/2&#8243;][vc_single_image image=&#8220;3790&#8243; img_size=&#8220;full&#8220;][\/vc_column][vc_column width=&#8220;1\/2&#8243;][vc_custom_heading text=&#8220;Videa o mu\u0161k\u00e1tech pro va\u0161e z\u00e1kazn\u00edky&#8220; use_theme_fonts=&#8220;yes&#8220; el_class=&#8220;pfe-small2&#8243;][vc_column_text]Na na\u0161em YouTube kan\u00e1lu najdete mno\u017estv\u00ed vide\u00ed o mu\u0161k\u00e1tech, kter\u00e9 ukazuj\u00ed rady pro p\u00e9\u010di, designov\u00e9 n\u00e1pady, n\u00e1vody pro kutily a tipy na v\u00fdzdobu zahrad, teras \u010di balk\u00f3n\u016f. Sd\u00edlen\u00edm vide\u00ed m\u016f\u017eete p\u0159il\u00e1kat nov\u00e9 z\u00e1kazn\u00edky a zv\u00fd\u0161it tak n\u00e1v\u0161t\u011bvnost va\u0161ich soci\u00e1ln\u00edch s\u00edt\u00ed. Jako impuls k okam\u017eit\u00e9mu n\u00e1kupu je tak\u00e9 m\u016f\u017eete um\u00edstit na sv\u00e9 webov\u00e9 str\u00e1nky nebo prom\u00edtat p\u0159\u00edmo v prodejn\u011b.[\/vc_column_text][vc_column_text]<a href=\"https:\/\/www.youtube.com\/channel\/UCejEV0-sDobAJg0L498sL0g\">Na\u0161e videa &gt;&gt;<\/a>[\/vc_column_text][\/vc_column][\/vc_row][vc_row el_class=&#8220;pfe-flexibel-abstand&#8220;][vc_column][vc_empty_space height=&#8220;50px&#8220;][\/vc_column][\/vc_row][vc_row][vc_column width=&#8220;1\/2&#8243;][vc_custom_heading text=&#8220;Nejnov\u011bj\u0161\u00ed oborov\u00e9 tiskov\u00e9 zpr\u00e1vy&#8220; use_theme_fonts=&#8220;yes&#8220; el_class=&#8220;pfe-small2&#8243;][vc_column_text]Pravideln\u011b dod\u00e1v\u00e1me oborov\u00fdm m\u00e9di\u00edm tiskov\u00e9 zpr\u00e1vy s novinkami z kampan\u00ed a radami v oblasti marketingu, prodeje a p\u00e9\u010de o mu\u0161k\u00e1ty. Na\u0161e oborov\u00e9 tiskov\u00e9 zpr\u00e1vy naleznete zde.[\/vc_column_text][vc_column_text]<a href=\"https:\/\/pelargonium-for-europe.com\/cs\/tiskove-zpravy\/\">Aktu\u00e1ln\u00ed tiskov\u00e9 zpr\u00e1vy &gt;&gt;<\/a>[\/vc_column_text][\/vc_column][vc_column width=&#8220;1\/2&#8243;][vc_single_image image=&#8220;4370&#8243; img_size=&#8220;full&#8220;][\/vc_column][\/vc_row][vc_row el_class=&#8220;pfe-flexibel-abstand&#8220;][vc_column][vc_empty_space height=&#8220;50px&#8220;][\/vc_column][\/vc_row][vc_row][vc_column width=&#8220;1\/2&#8243;][vc_single_image image=&#8220;3788&#8243; img_size=&#8220;full&#8220;][\/vc_column][vc_column width=&#8220;1\/2&#8243;][vc_custom_heading text=&#8220;Bezplatn\u00e9 fotografie pro va\u0161i komunikaci&#8220; use_theme_fonts=&#8220;yes&#8220; el_class=&#8220;pfe-small2&#8243;][vc_column_text]Ka\u017ed\u00fd rok vyd\u00e1v\u00e1me velk\u00e9 mno\u017estv\u00ed vysoce kvalitn\u00edch fotografi\u00ed mu\u0161k\u00e1t\u016f. Fotografie se zam\u011b\u0159uj\u00ed na nejnov\u011bj\u0161\u00ed zahradn\u00ed a balkonov\u00e9 trendy, kreativn\u00ed n\u00e1pady, tipy na d\u00e1rky, dekorace na st\u016fl \u010di detaily kv\u011btin. Stejn\u011b jako ostatn\u00ed materi\u00e1ly jsou i tyto fotografie k dispozici zcela zdarma k podpo\u0159e va\u0161eho prodeje. Sd\u00edlejte je na sv\u00fdch online kan\u00e1lech, vyu\u017eijte je pro sv\u00e9 PR nebo s jejich pomoc\u00ed vytvo\u0159te vlastn\u00ed plak\u00e1ty \u010di let\u00e1ky. Vyberte si v na\u0161\u00ed bohat\u00e9 galerii ze stovek obr\u00e1zk\u016f nejr\u016fzn\u011bj\u0161\u00edch t\u00e9mat a styl\u016f.[\/vc_column_text][vc_column_text]<a href=\"https:\/\/www.pelargoniumforeurope.com\/cs\/fotobanka\">Galerie fotografi\u00ed &gt;&gt;<\/a>[\/vc_column_text][\/vc_column][\/vc_row][vc_row el_class=&#8220;pfe-flexibel-abstand&#8220;][vc_column][vc_empty_space height=&#8220;50px&#8220;][\/vc_column][\/vc_row][vc_row][vc_column width=&#8220;1\/2&#8243;][vc_custom_heading text=&#8220;Marketingov\u00e1 inspirace&#8220; use_theme_fonts=&#8220;yes&#8220; el_class=&#8220;pfe-small2&#8243;][vc_column_text]Pokud hled\u00e1te nov\u00e9 n\u00e1pady pro svou marketingovou komunikaci, a\u0165 u\u017e jde o obsah na soci\u00e1ln\u00edch s\u00edt\u00edch, blogy, vlastn\u00ed PR a dal\u0161\u00ed, jsme tu pro v\u00e1s. Realizujeme rozs\u00e1hl\u00e9 propaga\u010dn\u00ed kampan\u011b na podporu spot\u0159ebitel\u016f veden\u00e9 PR experty z cel\u00e9 Evropy. Pro\u010d tedy obsah nevyu\u017e\u00edt i pro va\u0161e podnik\u00e1n\u00ed? Prohl\u00e9dn\u011bte si na\u0161e blogy, tiskov\u00e9 zpr\u00e1vy a fotografie a nav\u0161tivte na\u0161e str\u00e1nky na Instagramu, Facebooku a Pinterestu. N\u00e1\u0161 obsah m\u016f\u017eete bez omezen\u00ed kop\u00edrovat, upravovat a u\u017e\u00edvat si ho![\/vc_column_text][vc_column_text]<a href=\"https:\/\/pelargonium-for-europe.com\/cs\/\">Nav\u0161tivte sekci pro spot\u0159ebitele &gt;&gt;<\/a><\/p>\n<p>Nav\u0161tivte n\u00e1s na <a href=\"https:\/\/www.facebook.com\/myGeraniumbyPfE\/\">Facebooku<\/a>, <a href=\"https:\/\/www.pinterest.de\/MyGeranium17\/\">Pinterestu<\/a> a <a href=\"https:\/\/www.instagram.com\/mygeranium\/\">Instagramu<\/a> &gt;&gt;[\/vc_column_text][\/vc_column][vc_column width=&#8220;1\/2&#8243;][vc_single_image image=&#8220;4369&#8243; img_size=&#8220;full&#8220;][\/vc_column][\/vc_row][vc_row el_class=&#8220;pfe-flexibel-abstand&#8220;][vc_column][vc_empty_space height=&#8220;50px&#8220;][\/vc_column][\/vc_row][vc_row][vc_column width=&#8220;1\/2&#8243;][vc_single_image image=&#8220;3784&#8243; img_size=&#8220;full&#8220;][\/vc_column][vc_column width=&#8220;1\/2&#8243;][vc_custom_heading text=&#8220;Kontaktujte n\u00e1s a zjist\u011bte v\u00edce&#8220; use_theme_fonts=&#8220;yes&#8220; el_class=&#8220;pfe-small2&#8243;][vc_column_text]Prod\u00e1v\u00e1te mu\u0161k\u00e1ty v zahradn\u00edm centru, kv\u011btin\u00e1\u0159stv\u00ed \u010di jin\u00e9m typu prodejny? R\u00e1di v\u00e1m pom\u016f\u017eeme. Kontaktujte n\u00e1s. T\u011b\u0161\u00edme se, a\u017e se ozvete![\/vc_column_text][vc_column_text]<a href=\"\/cs\/kontakt\/\">Kontakt &gt;&gt;<\/a>[\/vc_column_text][\/vc_column][\/vc_row]<\/p><\/div><div class=\"acf-fields-container\" data-post-id=\"653\" data-canto-acf=\"true\"><\/div><style>\r\n        .acf-fields-container {\r\n            margin: 2em 0;\r\n            width: 100%;\r\n            clear: both;\r\n        }\r\n        .acf-field-image {\r\n            margin: 1.5em 0;\r\n            position: relative;\r\n        }\r\n        .acf-field-label {\r\n            margin-bottom: 1em;\r\n        }\r\n        .acf-image {\r\n            max-width: 100%;\r\n            height: auto;\r\n            display: block;\r\n            margin: 1em 0;\r\n        }\r\n    <\/style>","protected":false},"excerpt":{"rendered":"<p>[vc_row][vc_column][vc_custom_heading text=&#8220;Prod\u00e1v\u00e1te mu\u0161k\u00e1ty? Pom\u016f\u017eeme zv\u00fd\u0161it v\u00e1\u0161 obrat&#8220; font_container=&#8220;tag:h2|text_align:center&#8220; use_theme_fonts=&#8220;yes&#8220; el_class=&#8220;pfe-small2&#8243; el_id=&#8220;prodavate&#8220;][vc_column_text] Nab\u00edz\u00edme odborn\u00e9 marketingov\u00e9 poradenstv\u00ed v\u010detn\u011b propaga\u010dn\u00edch materi\u00e1l\u016f ur\u010den\u00fdch pro prodejn\u00ed m\u00edsta a bezplatn\u00fdch profesion\u00e1ln\u00edch fotografi\u00ed, text\u016f a vide\u00ed. To v\u0161e za \u00fa\u010delem zv\u00fd\u0161en\u00ed va\u0161eho prodeje. Ve\u0161ker\u00fd obsah m\u016f\u017eete bez omezen\u00ed vyu\u017e\u00edvat pro sv\u00e9 marketingov\u00e9 aktivity, vzd\u011bl\u00e1v\u00e1n\u00ed sv\u00fdch z\u00e1kazn\u00edk\u016f a prok\u00e1z\u00e1n\u00ed sv\u00fdch zahradnick\u00fdch znalost\u00ed. [\/vc_column_text][\/vc_column][\/vc_row][vc_row [&hellip;]<\/p>\n","protected":false},"author":1,"featured_media":3787,"parent":0,"menu_order":0,"comment_status":"closed","ping_status":"closed","template":"template-parts\/pfe-trade.php","meta":{"_acf_changed":false,"inline_featured_image":false,"footnotes":""},"class_list":["post-653","page","type-page","status-publish","has-post-thumbnail","hentry"],"acf":[],"_links":{"self":[{"href":"https:\/\/pfe-trade.com\/cs\/wp-json\/wp\/v2\/pages\/653","targetHints":{"allow":["GET"]}}],"collection":[{"href":"https:\/\/pfe-trade.com\/cs\/wp-json\/wp\/v2\/pages"}],"about":[{"href":"https:\/\/pfe-trade.com\/cs\/wp-json\/wp\/v2\/types\/page"}],"author":[{"embeddable":true,"href":"https:\/\/pfe-trade.com\/cs\/wp-json\/wp\/v2\/users\/1"}],"replies":[{"embeddable":true,"href":"https:\/\/pfe-trade.com\/cs\/wp-json\/wp\/v2\/comments?post=653"}],"version-history":[{"count":114,"href":"https:\/\/pfe-trade.com\/cs\/wp-json\/wp\/v2\/pages\/653\/revisions"}],"predecessor-version":[{"id":4409,"href":"https:\/\/pfe-trade.com\/cs\/wp-json\/wp\/v2\/pages\/653\/revisions\/4409"}],"wp:featuredmedia":[{"embeddable":true,"href":"https:\/\/pfe-trade.com\/cs\/wp-json\/wp\/v2\/media\/3787"}],"wp:attachment":[{"href":"https:\/\/pfe-trade.com\/cs\/wp-json\/wp\/v2\/media?parent=653"}],"curies":[{"name":"wp","href":"https:\/\/api.w.org\/{rel}","templated":true}]}}