{"id":648,"date":"2021-12-27T18:17:47","date_gmt":"2021-12-27T18:17:47","guid":{"rendered":"https:\/\/meine-geranien.de\/cs\/?page_id=648"},"modified":"2026-02-23T15:20:36","modified_gmt":"2026-02-23T14:20:36","slug":"obchod","status":"publish","type":"page","link":"https:\/\/pfe-trade.com\/cs\/","title":{"rendered":"Obchod"},"content":{"rendered":"<div class=\"wpb-content-wrapper\"><p>[vc_row][vc_column][vc_custom_heading text=&#8220;P\u0159\u00edle\u017eitosti pro v\u0161echna pr\u016fmyslov\u00e1 odv\u011btv\u00ed&#8220; font_container=&#8220;tag:h2|text_align:center&#8220; use_theme_fonts=&#8220;yes&#8220; el_class=&#8220;pfe-small2&#8243; el_id=&#8220;prilezitosti&#8220;][\/vc_column][\/vc_row][vc_row][vc_column][vc_column_text]<\/p>\n<p style=\"text-align: center;\">V Pelargonium for Europe se zam\u011b\u0159ujeme p\u0159\u00edmo na va\u0161e koncov\u00e9 z\u00e1kazn\u00edky a informujeme je o mnoha v\u00fdhod\u00e1ch mu\u0161k\u00e1t\u016f prost\u0159ednictv\u00edm na\u0161\u00ed rozs\u00e1hl\u00e9 spot\u0159ebitelsk\u00e9 propaga\u010dn\u00ed kampan\u011b. Neust\u00e1le tak inspirujeme nov\u00e9 z\u00e1kazn\u00edky a zaji\u0161\u0165ujeme dlouhodob\u00fd prodej mu\u0161k\u00e1t\u016f i do budoucna.<\/p>\n<p style=\"text-align: center;\">Najdete zde v\u0161ak tak\u00e9 mno\u017estv\u00ed informac\u00ed, kter\u00e9 p\u0159\u00edmo podporuj\u00ed va\u0161e podnik\u00e1n\u00ed, od vylep\u0161ov\u00e1n\u00ed va\u0161eho sortimentu a\u017e po tipy pro jeho prezentaci, rady pro odbornou p\u00e9\u010di a tak\u00e9 propaga\u010dn\u00ed materi\u00e1ly pro prodejn\u00ed m\u00edsta, digit\u00e1ln\u00ed n\u00e1stroje a podporu pro v\u00e1\u0161 marketing.<\/p>\n<p style=\"text-align: center;\">Zjist\u011bte, jak v\u00e1s m\u016f\u017eeme podpo\u0159it a roz\u0161\u00ed\u0159it va\u0161e mo\u017enosti propagace mu\u0161k\u00e1t\u016f. Zapojte se a seznamte se s na\u0161\u00edm projektem.<\/p>\n<p>[\/vc_column_text][\/vc_column][\/vc_row][vc_row][vc_column][vc_column_text][\/vc_column_text][\/vc_column][\/vc_row][vc_row gap=&#8220;30&#8243;][vc_column width=&#8220;1\/3&#8243;][vc_single_image image=&#8220;3755&#8243; img_size=&#8220;full&#8220;][vc_custom_heading text=&#8220;P\u011bstujete mu\u0161k\u00e1ty?&#8220; font_container=&#8220;tag:h3|text_align:left&#8220; use_theme_fonts=&#8220;yes&#8220; el_class=&#8220;pfe-small&#8220;][vc_column_text]Jako p\u011bstitel jste p\u00e1te\u0159\u00ed kampan\u011b PfE: v\u0161e, co d\u011bl\u00e1me, m\u00e1 za c\u00edl zv\u00fd\u0161it v\u00e1\u0161 prodej prost\u0159ednictv\u00edm B2C i B2B marketingu. Zde najdete n\u011bkter\u00e9 z dal\u0161\u00edch mo\u017enost\u00ed, kter\u00e9 m\u016f\u017eete vyu\u017e\u00edt.[\/vc_column_text][vc_column_text]<a href=\"\/cs\/pestitele\/\">Zjist\u011bte p\u0159\u00edle\u017eitosti pro p\u011bstitele &gt;&gt;<\/a>[\/vc_column_text][\/vc_column][vc_column width=&#8220;1\/3&#8243;][vc_single_image image=&#8220;3757&#8243; img_size=&#8220;full&#8220;][vc_custom_heading text=&#8220;Prod\u00e1v\u00e1te mu\u0161k\u00e1ty?&#8220; font_container=&#8220;tag:h3|text_align:left&#8220; use_theme_fonts=&#8220;yes&#8220; el_class=&#8220;pfe-small&#8220;][vc_column_text]Na\u0161\u00edm c\u00edlem je, aby si mu\u0161k\u00e1ty zamilovalo velk\u00e9 mno\u017estv\u00ed z\u00e1kazn\u00edk\u016f a aby si jich ka\u017ed\u00fd rok koupili co nejv\u00edce. Nab\u00edz\u00edme \u0159adu bezplatn\u00fdch marketingov\u00fdch materi\u00e1l\u016f a informa\u010dn\u00edch zdroj\u016f, kter\u00e9 v\u00e1m pomohou zv\u00fd\u0161it prodej.[\/vc_column_text][vc_column_text]<a href=\"\/cs\/prodejci\/\">Zjist\u011bte p\u0159\u00edle\u017eitosti pro prodejce &gt;&gt;<\/a>[\/vc_column_text][\/vc_column][vc_column width=&#8220;1\/3&#8243;][vc_single_image image=&#8220;3756&#8243; img_size=&#8220;full&#8220;][vc_custom_heading text=&#8220;Hled\u00e1te informace pro tisk?&#8220; font_container=&#8220;tag:h3|text_align:left&#8220; use_theme_fonts=&#8220;yes&#8220; el_class=&#8220;pfe-small&#8220;][vc_column_text]Pokud jste novin\u00e1\u0159 a hled\u00e1te nejnov\u011bj\u0161\u00ed informace, tiskov\u00e9 zpr\u00e1vy a fotografie bez licen\u010dn\u00edch poplatk\u016f, jste na spr\u00e1vn\u00e9m m\u00edst\u011b. V\u017edy v\u00e1m r\u00e1di poskytneme relevantn\u00ed obsah, fotografie a dal\u0161\u00ed materi\u00e1ly. Zjist\u011bte, co v\u00e1m m\u016f\u017eeme nab\u00eddnout.[\/vc_column_text][vc_column_text]<a href=\"https:\/\/pelargonium-for-europe.com\/cs\/tiskove-zpravy\/\">Informace pro tisk &gt;&gt;<\/a>[\/vc_column_text][\/vc_column][\/vc_row][vc_row][vc_column][vc_column_text][\/vc_column_text][\/vc_column][\/vc_row][vc_row el_class=&#8220;pfe-greenborderbox&#8220;][vc_column width=&#8220;2\/3&#8243;][vc_single_image image=&#8220;3758&#8243; img_size=&#8220;full&#8220;][\/vc_column][vc_column width=&#8220;1\/3&#8243;][vc_custom_heading text=&#8220;Jste p\u011bstitel?&#8220; use_theme_fonts=&#8220;yes&#8220; el_class=&#8220;pfe-small&#8220;][vc_column_text]Pokud zastupujete p\u011bstitelskou farmu a chcete zjistit, jak by va\u0161e podpora mohla prosp\u011bt va\u0161emu podniku i cel\u00e9mu odv\u011btv\u00ed, kontaktujte n\u00e1s.<\/p>\n<p>Management projektu<br \/>\nPelargonium for Europe GbR,<br \/>\nDr. Susanne Lux,<br \/>\nTelephone: + 49 2644 981333,<br \/>\nE-mail: <a href=\"mailto:susanne.lux@meclux.de\">susanne.lux@meclux.de<\/a>[\/vc_column_text][\/vc_column][\/vc_row][vc_row][vc_column][vc_empty_space height=&#8220;75px&#8220;][\/vc_column][\/vc_row][vc_row][vc_column width=&#8220;1\/2&#8243;][vc_custom_heading text=&#8220;Kdo stoj\u00ed za Pelargonium for Europe?&#8220; use_theme_fonts=&#8220;yes&#8220; el_class=&#8220;pfe-small&#8220;][vc_column_text css=&#8220;&#8220;]PfE je marketingovou iniciativou evropsk\u00fdch p\u011bstitel\u016f pelargoni\u00ed Florensis, D\u00fcmmen Orange, Selecta one, Syngenta Flowers, Elsner PAC, P. van der Haak Handelskwekerij. Pod z\u00e1\u0161titou Green Marketing Europe (GME) \u0159\u00edd\u00ed kampa\u0148 Pelargonium for Europe Dr. Susanne Lux s t\u00fdmem nad\u0161en\u00fdch zam\u011bstnanc\u016f a externist\u016f. PfE spolupracuje s \u0161irokou s\u00edt\u00ed specializovan\u00fdch agentur a extern\u00edch spolupracovn\u00edk\u016f na tvorb\u011b materi\u00e1l\u016f a realizaci kampan\u011b ve 22 evropsk\u00fdch zem\u00edch.[\/vc_column_text][\/vc_column][vc_column width=&#8220;1\/2&#8243;][vc_single_image image=&#8220;3754&#8243; img_size=&#8220;full&#8220;][\/vc_column][\/vc_row][vc_row][vc_column][vc_empty_space height=&#8220;75px&#8220;][\/vc_column][\/vc_row][vc_row][vc_column][vc_single_image image=&#8220;4596&#8243; img_size=&#8220;full&#8220; alignment=&#8220;center&#8220; css=&#8220;&#8220;][\/vc_column][\/vc_row]<\/p><\/div><div class=\"acf-fields-container\" data-post-id=\"648\" data-canto-acf=\"true\"><\/div><style>\r\n        .acf-fields-container {\r\n            margin: 2em 0;\r\n            width: 100%;\r\n            clear: both;\r\n        }\r\n        .acf-field-image {\r\n            margin: 1.5em 0;\r\n            position: relative;\r\n        }\r\n        .acf-field-label {\r\n            margin-bottom: 1em;\r\n        }\r\n        .acf-image {\r\n            max-width: 100%;\r\n            height: auto;\r\n            display: block;\r\n            margin: 1em 0;\r\n        }\r\n    <\/style>","protected":false},"excerpt":{"rendered":"<p>[vc_row][vc_column][vc_custom_heading text=&#8220;P\u0159\u00edle\u017eitosti pro v\u0161echna pr\u016fmyslov\u00e1 odv\u011btv\u00ed&#8220; font_container=&#8220;tag:h2|text_align:center&#8220; use_theme_fonts=&#8220;yes&#8220; el_class=&#8220;pfe-small2&#8243; el_id=&#8220;prilezitosti&#8220;][\/vc_column][\/vc_row][vc_row][vc_column][vc_column_text] V Pelargonium for Europe se zam\u011b\u0159ujeme p\u0159\u00edmo na va\u0161e koncov\u00e9 z\u00e1kazn\u00edky a informujeme je o mnoha v\u00fdhod\u00e1ch mu\u0161k\u00e1t\u016f prost\u0159ednictv\u00edm na\u0161\u00ed rozs\u00e1hl\u00e9 spot\u0159ebitelsk\u00e9 propaga\u010dn\u00ed kampan\u011b. Neust\u00e1le tak inspirujeme nov\u00e9 z\u00e1kazn\u00edky a zaji\u0161\u0165ujeme dlouhodob\u00fd prodej mu\u0161k\u00e1t\u016f i do budoucna. Najdete zde v\u0161ak tak\u00e9 mno\u017estv\u00ed informac\u00ed, kter\u00e9 p\u0159\u00edmo [&hellip;]<\/p>\n","protected":false},"author":1,"featured_media":3764,"parent":0,"menu_order":0,"comment_status":"closed","ping_status":"closed","template":"template-parts\/pfe-trade.php","meta":{"_acf_changed":false,"inline_featured_image":false,"footnotes":""},"class_list":["post-648","page","type-page","status-publish","has-post-thumbnail","hentry"],"acf":[],"_links":{"self":[{"href":"https:\/\/pfe-trade.com\/cs\/wp-json\/wp\/v2\/pages\/648","targetHints":{"allow":["GET"]}}],"collection":[{"href":"https:\/\/pfe-trade.com\/cs\/wp-json\/wp\/v2\/pages"}],"about":[{"href":"https:\/\/pfe-trade.com\/cs\/wp-json\/wp\/v2\/types\/page"}],"author":[{"embeddable":true,"href":"https:\/\/pfe-trade.com\/cs\/wp-json\/wp\/v2\/users\/1"}],"replies":[{"embeddable":true,"href":"https:\/\/pfe-trade.com\/cs\/wp-json\/wp\/v2\/comments?post=648"}],"version-history":[{"count":193,"href":"https:\/\/pfe-trade.com\/cs\/wp-json\/wp\/v2\/pages\/648\/revisions"}],"predecessor-version":[{"id":4597,"href":"https:\/\/pfe-trade.com\/cs\/wp-json\/wp\/v2\/pages\/648\/revisions\/4597"}],"wp:featuredmedia":[{"embeddable":true,"href":"https:\/\/pfe-trade.com\/cs\/wp-json\/wp\/v2\/media\/3764"}],"wp:attachment":[{"href":"https:\/\/pfe-trade.com\/cs\/wp-json\/wp\/v2\/media?parent=648"}],"curies":[{"name":"wp","href":"https:\/\/api.w.org\/{rel}","templated":true}]}}