{"id":487,"date":"2021-12-17T12:27:34","date_gmt":"2021-12-17T12:27:34","guid":{"rendered":"https:\/\/meine-geranien.de\/cs\/?page_id=487"},"modified":"2024-09-24T13:38:45","modified_gmt":"2024-09-24T11:38:45","slug":"imprint","status":"publish","type":"page","link":"https:\/\/pfe-trade.com\/cs\/imprint\/","title":{"rendered":"Imprint"},"content":{"rendered":"<div class=\"wpb-content-wrapper\"><p>[vc_row][vc_column][vc_custom_heading text=&#8220;Ochrana dat&#8220; use_theme_fonts=&#8220;yes&#8220;][vc_column_text]Za obsah t\u011bchto webov\u00fdch str\u00e1nek ve smyslu dodr\u017een\u00ed n\u011bmeck\u00e9 legislativy odpov\u00edd\u00e1:[\/vc_column_text][vc_column_text css=&#8220;&#8220;]Pelargonium for Europe GbR<br \/>\nc\/o Zentralverband Gartenbau<br \/>\nBornheimerstra\u00dfe 37<br \/>\n53111 Bonn,<br \/>\nN\u011bmecko<br \/>\nManaging Director: Leendert Hoogendoorn \/ European Project Management: Dr. Susanne Lux[\/vc_column_text][vc_column_text]Telephone: + 49 2644 981333<br \/>\nEmail: susanne.lux(at)meclux.de<br \/>\n[\/vc_column_text][vc_column_text]VAT ID: DE815617238<br \/>\nTax number: 206\/5802\/0875<br \/>\n[\/vc_column_text][vc_custom_heading text=&#8220;Pr\u00e1vn\u00ed dolo\u017eka&#8220; use_theme_fonts=&#8220;yes&#8220;][vc_column_text]Obsah t\u00e9to propaga\u010dn\u00ed kampan\u011b p\u0159edstavuje pouze n\u00e1zory autora, kter\u00fd za n\u011b rovn\u011b\u017e nese v\u00fdhradn\u00ed odpov\u011bdnost. Evropsk\u00e1 komise ani Evropsk\u00e1 v\u00fdkonn\u00e1 agentura pro v\u00fdzkum (REA) nenesou \u017e\u00e1dnou odpov\u011bdnost za jak\u00e9koli pou\u017eit\u00ed uveden\u00fdch informac\u00ed.[\/vc_column_text][\/vc_column][\/vc_row]<\/p><\/div><div class=\"acf-fields-container\" data-post-id=\"487\" data-canto-acf=\"true\"><\/div><style>\r\n        .acf-fields-container {\r\n            margin: 2em 0;\r\n            width: 100%;\r\n            clear: both;\r\n        }\r\n        .acf-field-image {\r\n            margin: 1.5em 0;\r\n            position: relative;\r\n        }\r\n        .acf-field-label {\r\n            margin-bottom: 1em;\r\n        }\r\n        .acf-image {\r\n            max-width: 100%;\r\n            height: auto;\r\n            display: block;\r\n            margin: 1em 0;\r\n        }\r\n    <\/style>","protected":false},"excerpt":{"rendered":"<p>[vc_row][vc_column][vc_custom_heading text=&#8220;Ochrana dat&#8220; use_theme_fonts=&#8220;yes&#8220;][vc_column_text]Za obsah t\u011bchto webov\u00fdch str\u00e1nek ve smyslu dodr\u017een\u00ed n\u011bmeck\u00e9 legislativy odpov\u00edd\u00e1:[\/vc_column_text][vc_column_text css=&#8220;&#8220;]Pelargonium for Europe GbR c\/o Zentralverband Gartenbau Bornheimerstra\u00dfe 37 53111 Bonn, N\u011bmecko Managing Director: Leendert Hoogendoorn \/ European Project Management: Dr. Susanne Lux[\/vc_column_text][vc_column_text]Telephone: + 49 2644 981333 Email: susanne.lux(at)meclux.de [\/vc_column_text][vc_column_text]VAT ID: DE815617238 Tax number: 206\/5802\/0875 [\/vc_column_text][vc_custom_heading text=&#8220;Pr\u00e1vn\u00ed dolo\u017eka&#8220; use_theme_fonts=&#8220;yes&#8220;][vc_column_text]Obsah t\u00e9to propaga\u010dn\u00ed [&hellip;]<\/p>\n","protected":false},"author":1,"featured_media":0,"parent":0,"menu_order":0,"comment_status":"closed","ping_status":"closed","template":"","meta":{"_acf_changed":false,"inline_featured_image":false,"footnotes":""},"class_list":["post-487","page","type-page","status-publish","hentry"],"acf":[],"_links":{"self":[{"href":"https:\/\/pfe-trade.com\/cs\/wp-json\/wp\/v2\/pages\/487","targetHints":{"allow":["GET"]}}],"collection":[{"href":"https:\/\/pfe-trade.com\/cs\/wp-json\/wp\/v2\/pages"}],"about":[{"href":"https:\/\/pfe-trade.com\/cs\/wp-json\/wp\/v2\/types\/page"}],"author":[{"embeddable":true,"href":"https:\/\/pfe-trade.com\/cs\/wp-json\/wp\/v2\/users\/1"}],"replies":[{"embeddable":true,"href":"https:\/\/pfe-trade.com\/cs\/wp-json\/wp\/v2\/comments?post=487"}],"version-history":[{"count":17,"href":"https:\/\/pfe-trade.com\/cs\/wp-json\/wp\/v2\/pages\/487\/revisions"}],"predecessor-version":[{"id":4537,"href":"https:\/\/pfe-trade.com\/cs\/wp-json\/wp\/v2\/pages\/487\/revisions\/4537"}],"wp:attachment":[{"href":"https:\/\/pfe-trade.com\/cs\/wp-json\/wp\/v2\/media?parent=487"}],"curies":[{"name":"wp","href":"https:\/\/api.w.org\/{rel}","templated":true}]}}